{"id":988,"date":"2024-01-25T01:03:29","date_gmt":"2024-01-25T01:03:29","guid":{"rendered":"https:\/\/cajval.cl\/index2.php\/?page_id=988"},"modified":"2024-01-26T14:00:12","modified_gmt":"2024-01-26T14:00:12","slug":"plazas-de-justicia","status":"publish","type":"page","link":"https:\/\/cajval.cl\/index2.php\/index.php\/plazas-de-justicia\/","title":{"rendered":"PLAZAS DE JUSTICIA"},"content":{"rendered":"<div data-colibri-id=\"988-c1\" class=\"style-999 style-local-988-c1 position-relative\">\n  <!---->\n  <div data-colibri-component=\"section\" data-colibri-id=\"988-c2\" id=\"features\" class=\"h-section h-section-global-spacing d-flex align-items-lg-center align-items-md-center align-items-center style-1044 style-local-988-c2 position-relative\">\n    <!---->\n    <!---->\n    <div class=\"h-section-grid-container h-section-boxed-container\">\n      <div data-colibri-id=\"988-c19\" class=\"h-row-container gutters-row-lg-2 gutters-row-md-2 gutters-row-0 gutters-row-v-lg-2 gutters-row-v-md-2 gutters-row-v-2 style-1052 style-local-988-c19 position-relative\">\n        <!---->\n        <div class=\"h-row justify-content-lg-center justify-content-md-center justify-content-center align-items-lg-stretch align-items-md-stretch align-items-stretch gutters-col-lg-2 gutters-col-md-2 gutters-col-0 gutters-col-v-lg-2 gutters-col-v-md-2 gutters-col-v-2\">\n          <!---->\n          <div class=\"h-column h-column-container d-flex h-col-lg-auto h-col-md-auto h-col-auto style-1053-outer style-local-988-c20-outer\">\n            <div data-colibri-id=\"988-c20\" class=\"d-flex h-flex-basis h-column__inner h-px-lg-2 h-px-md-2 h-px-2 v-inner-lg-2 v-inner-md-2 v-inner-2 style-1053 style-local-988-c20 position-relative\">\n              <!---->\n              <!---->\n              <div class=\"w-100 h-y-container h-column__content h-column__v-align flex-basis-100 align-self-lg-start align-self-md-start align-self-start\">\n                <!---->\n                <div data-colibri-id=\"988-c21\" class=\"h-lead h-text h-text-component style-1055 style-local-988-c21 position-relative h-element\">\n                  <!---->\n                  <!---->\n                  <div class=\"\">\n                    <p>Las Plazas de Justicia corresponden a un mecanismo de participaci\u00f3n adicional de la Corporaci\u00f3n de Asistencia Judicial, definidas como un espacio desconcentrado de difusi\u00f3n, promoci\u00f3n y orientaci\u00f3n de car\u00e1cter jur\u00eddico y social, as\u00ed\n                      como de las pol\u00edticas, planes, programas y acciones de la instituci\u00f3n.<\/p>\n                    <p>Estas actividades son convocadas por las Secretar\u00edas Regionales Ministeriales de Justicia y cuentan con la participaci\u00f3n de todos los servicios de justicia en las respectivas regiones, dirigidas a la ciudadan\u00eda y desarrolladas en espacios\n                      p\u00fablicos.<\/p>\n                  <\/div>\n                <\/div>\n              <\/div>\n            <\/div>\n          <\/div>\n        <\/div>\n      <\/div>\n      <div data-colibri-id=\"988-c3\" class=\"h-row-container gutters-row-lg-2 gutters-row-md-2 gutters-row-2 gutters-row-v-lg-2 gutters-row-v-md-2 gutters-row-v-2 style-1045 style-local-988-c3 position-relative\">\n        <!---->\n        <div class=\"h-row justify-content-lg-center justify-content-md-center justify-content-center align-items-lg-stretch align-items-md-stretch align-items-stretch gutters-col-lg-2 gutters-col-md-2 gutters-col-2 gutters-col-v-lg-2 gutters-col-v-md-2 gutters-col-v-2\">\n          <!---->\n          <div class=\"h-column h-column-container d-flex h-col-lg-3 h-col-md-6 h-col-12 style-1046-outer style-local-988-c4-outer\">\n            <div data-colibri-id=\"988-c4\" class=\"d-flex h-flex-basis h-column__inner h-px-lg-3 h-px-md-3 h-px-2 v-inner-lg-3 v-inner-md-3 v-inner-2 style-1046 style-local-988-c4 position-relative\">\n              <!---->\n              <!---->\n              <div class=\"w-100 h-y-container h-column__content h-column__v-align flex-basis-100 align-self-lg-center align-self-md-center align-self-center\">\n                <!---->\n                <div data-colibri-id=\"988-c5\" class=\"h-icon style-1047 style-local-988-c5 position-relative h-element\">\n                  <!----><span class=\"h-svg-icon h-icon__icon style-1047-icon style-local-988-c5-icon\"><!--Icon by Font Awesome (https:\/\/fontawesome.com)-->\n    <svg version=\"1.1\" xmlns=\"http:\/\/www.w3.org\/2000\/svg\" xmlns:xlink=\"http:\/\/www.w3.org\/1999\/xlink\" id=\"balance-scale\" viewBox=\"0 0 2304 1896.0833\">\n      <path d=\"M1728 448l-384 704h768zm-1280 0L64 1152h768zm821-192q-14 40-45.5 71.5T1152 373v1291h608q14 0 23 9t9 23v64q0 14-9 23t-23 9H416q-14 0-23-9t-9-23v-64q0-14 9-23t23-9h608V373q-40-14-71.5-45.5T907 256H416q-14 0-23-9t-9-23v-64q0-14 9-23t23-9h491q21-57 70-92.5T1088 0t111 35.5 70 92.5h491q14 0 23 9t9 23v64q0 14-9 23t-23 9h-491zm-181 16q33 0 56.5-23.5T1168 192t-23.5-56.5T1088 112t-56.5 23.5T1008 192t23.5 56.5T1088 272zm1088 880q0 73-46.5 131t-117.5 91-144.5 49.5T1728 1440t-139.5-16.5T1444 1374t-117.5-91-46.5-131q0-11 35-81t92-174.5T1514 701t102-184 56-100q18-33 56-33t56 33q4 7 56 100t102 184 107 195.5 92 174.5 35 81zm-1280 0q0 73-46.5 131T732 1374t-144.5 49.5T448 1440t-139.5-16.5T164 1374t-117.5-91T0 1152q0-11 35-81t92-174.5T234 701t102-184 56-100q18-33 56-33t56 33q4 7 56 100t102 184 107 195.5 92 174.5 35 81z\"><\/path>\n    <\/svg><\/span><\/div>\n                <div data-colibri-id=\"988-c6\" class=\"h-global-transition-all h-heading style-1048 style-local-988-c6 position-relative h-element\">\n                  <!---->\n                  <div class=\"h-heading__outer style-1048 style-local-988-c6\">\n                    <!---->\n                    <!---->\n                    <h4 class=\"\">plaza de justicia 2022<\/h4>\n                  <\/div>\n                <\/div>\n                <div data-colibri-id=\"988-c7\" class=\"h-x-container style-1050 style-local-988-c7 position-relative h-element\">\n                  <!---->\n                  <div class=\"h-x-container-inner style-dynamic-988-c7-group style-1050-spacing style-local-988-c7-spacing\"><span class=\"h-button__outer style-1051-outer style-local-988-c8-outer d-inline-flex h-element\"><a h-use-smooth-scroll=\"true\" href=\"\" target=\"_blank\" data-colibri-id=\"988-c8\" class=\"d-flex w-100 align-items-center h-button justify-content-lg-center justify-content-md-center justify-content-center style-1051 style-local-988-c8 position-relative\" rel=\"noopener\"><!----><!----> <span>LEER M\u00c1S<\/span><\/a>\n                    <\/span>\n                  <\/div>\n                <\/div>\n              <\/div>\n            <\/div>\n          <\/div>\n          <div class=\"h-column h-column-container d-flex h-col-lg-3 h-col-md-6 h-col-12 style-1046-outer style-local-988-c9-outer\">\n            <div data-colibri-id=\"988-c9\" class=\"d-flex h-flex-basis h-column__inner h-px-lg-3 h-px-md-3 h-px-2 v-inner-lg-3 v-inner-md-3 v-inner-2 style-1046 style-local-988-c9 position-relative\">\n              <!---->\n              <!---->\n              <div class=\"w-100 h-y-container h-column__content h-column__v-align flex-basis-100 align-self-lg-center align-self-md-center align-self-center\">\n                <!---->\n                <div data-colibri-id=\"988-c10\" class=\"h-icon style-1047 style-local-988-c10 position-relative h-element\">\n                  <!----><span class=\"h-svg-icon h-icon__icon style-1047-icon style-local-988-c10-icon\"><!--Icon by Icons8 Line Awesome (https:\/\/icons8.com\/line-awesome)--><svg version=\"1.1\" xmlns=\"http:\/\/www.w3.org\/2000\/svg\" xmlns:xlink=\"http:\/\/www.w3.org\/1999\/xlink\" id=\"connectdevelop\" viewBox=\"0 0 512 545.5\"><path d=\"M146.5 99h219l4.5 8 100 174.5 4.5 8-4.5 8L370 472l-4.5 8h-219l-4.5-8L42 297.5l-4.5-8 4.5-8L142 107zm39 32l25 26 73-26h-98zm146 0L223 169.5l35 36.5zm-167 1.5l-.5 1V174l30.5-11zm184.5 3l-79.5 82 57 59L391 208zm-201 26L135 184l13-4.5v-18zm58.5 14L164 191v62l23.5 25 59.5-60.5zm-58.5 21l-25.5 9-1 2L148 236v-39.5zM113 222l-38.5 67.5 38 66L148 319v-59.5zm285 2l-60.5 64 38.5 39.5zm-140 5l-59.5 61 57.5 61 59.5-63zm152.5 13.5l-20.5 99 11 11.5 36.5-63.5zm-246.5 34v26l12.5-13zm162.5 23L267 363l8.5 9H367l5.5-25.5zm-139 2L164 325v47h72l9-9zm-39.5 40L120.5 370l1.5 2h26v-30.5zm238 19l-2.5 11.5h6.5l2.5-4.5zM131 388l17 29.5V388h-17zm33 0v57.5l1 2 56-59.5h-57zm79 0l-56.5 60h138l-56-60H243zm47.5 0l56 60 7-12 10-48h-73zm89.5 0l-.5 2.5 1.5-2.5h-1z\"><\/path><\/svg><\/span><\/div>\n                <div\n                  data-colibri-id=\"988-c11\" class=\"h-global-transition-all h-heading style-1048 style-local-988-c11 position-relative h-element\">\n                  <!---->\n                  <div class=\"h-heading__outer style-1048 style-local-988-c11\">\n                    <!---->\n                    <!---->\n                    <h4 class=\"\">plaza de justicia 2015<\/h4>\n                  <\/div>\n              <\/div>\n              <div data-colibri-id=\"988-c12\" class=\"h-x-container style-1050 style-local-988-c12 position-relative h-element\">\n                <!---->\n                <div class=\"h-x-container-inner style-dynamic-988-c12-group style-1050-spacing style-local-988-c12-spacing\"><span class=\"h-button__outer style-1051-outer style-local-988-c13-outer d-inline-flex h-element\"><a h-use-smooth-scroll=\"true\" href=\"http:\/\/www.cajval.cl\/contenidos\/PLAZASDEJUSTICIA2015.pdf\" target=\"_blank\" data-colibri-id=\"988-c13\" class=\"d-flex w-100 align-items-center h-button justify-content-lg-center justify-content-md-center justify-content-center style-1051 style-local-988-c13 position-relative\" rel=\"noopener\"><!----><!----> <span>LEER M\u00c1S<\/span><\/a>\n                  <\/span>\n                <\/div>\n              <\/div>\n            <\/div>\n          <\/div>\n        <\/div>\n        <div class=\"h-column h-column-container d-flex h-col-lg-3 h-col-md-6 h-col-12 style-1046-outer style-local-988-c14-outer\">\n          <div data-colibri-id=\"988-c14\" class=\"d-flex h-flex-basis h-column__inner h-px-lg-3 h-px-md-3 h-px-2 v-inner-lg-3 v-inner-md-3 v-inner-2 style-1046 style-local-988-c14 position-relative\">\n            <!---->\n            <!---->\n            <div class=\"w-100 h-y-container h-column__content h-column__v-align flex-basis-100 align-self-lg-center align-self-md-center align-self-center\">\n              <!---->\n              <div data-colibri-id=\"988-c15\" class=\"h-icon style-1047 style-local-988-c15 position-relative h-element\">\n                <!----><span class=\"h-svg-icon h-icon__icon style-1047-icon style-local-988-c15-icon\"><!--Icon by Material Icons (https:\/\/material.io)--><svg version=\"1.1\" xmlns=\"http:\/\/www.w3.org\/2000\/svg\" xmlns:xlink=\"http:\/\/www.w3.org\/1999\/xlink\" id=\"nature_people\" viewBox=\"0 0 512 512\"><path d=\"M119 225.5q-9 9.5-23 9.5t-23-9.5q-9-9.5-9-22.5t9-22.5q9-9.5 23-9.5t23 9.5q9 9.5 9 22.5t-9 22.5zM473 196q0 57-38 99t-94 49v83h64v42H64V363H43v-86q0-9 6-15t15-6h64q9 0 15 6t6 15v86h-21v64h171v-84q-54-9-89.5-50.5T174 196q0-62 44-106t106-44q62 0 105.5 44T473 196z\"><\/path><\/svg><\/span><\/div>\n              <div\n                data-colibri-id=\"988-c16\" class=\"h-global-transition-all h-heading style-1048 style-local-988-c16 position-relative h-element\">\n                <!---->\n                <div class=\"h-heading__outer style-1048 style-local-988-c16\">\n                  <!---->\n                  <!---->\n                  <h4 class=\"\">plaza de justicia 2014<\/h4>\n                <\/div>\n            <\/div>\n            <div data-colibri-id=\"988-c17\" class=\"h-x-container style-1050 style-local-988-c17 position-relative h-element\">\n              <!---->\n              <div class=\"h-x-container-inner style-dynamic-988-c17-group style-1050-spacing style-local-988-c17-spacing\"><span class=\"h-button__outer style-1051-outer style-local-988-c18-outer d-inline-flex h-element\"><a h-use-smooth-scroll=\"true\" href=\"http:\/\/www.cajval.cl\/contenidos\/PLAZASDEJUSTICIA2014.pdf\" target=\"_blank\" data-colibri-id=\"988-c18\" class=\"d-flex w-100 align-items-center h-button justify-content-lg-center justify-content-md-center justify-content-center style-1051 style-local-988-c18 position-relative\" rel=\"noopener\"><!----><!----> <span>LEER M\u00c1S<\/span><\/a>\n                <\/span>\n              <\/div>\n            <\/div>\n          <\/div>\n        <\/div>\n      <\/div>\n    <\/div>\n  <\/div>\n<\/div>\n<\/div>\n<div data-colibri-component=\"section\" data-colibri-id=\"988-c22\" id=\"custom\" class=\"h-section h-section-global-spacing d-flex align-items-lg-center align-items-md-center align-items-center style-1203 style-local-988-c22 position-relative\">\n  <!---->\n  <!---->\n  <div class=\"h-section-grid-container h-section-boxed-container\">\n    <!---->\n    <div data-colibri-id=\"988-c23\" class=\"h-row-container gutters-row-lg-2 gutters-row-md-2 gutters-row-0 gutters-row-v-lg-2 gutters-row-v-md-2 gutters-row-v-2 style-1204 style-local-988-c23 position-relative\">\n      <!---->\n      <div class=\"h-row justify-content-lg-center justify-content-md-center justify-content-center align-items-lg-stretch align-items-md-stretch align-items-stretch gutters-col-lg-2 gutters-col-md-2 gutters-col-0 gutters-col-v-lg-2 gutters-col-v-md-2 gutters-col-v-2\">\n        <!---->\n        <div class=\"h-column h-column-container d-flex h-col-lg-6 h-col-md-6 h-col-12 style-1205-outer style-local-988-c24-outer\">\n          <div data-colibri-id=\"988-c24\" class=\"d-flex h-flex-basis h-column__inner h-px-lg-2 h-px-md-2 h-px-2 v-inner-lg-2 v-inner-md-2 v-inner-2 style-1205 style-local-988-c24 position-relative\">\n            <!---->\n            <!---->\n            <div class=\"w-100 h-y-container h-column__content h-column__v-align flex-basis-100 align-self-lg-center align-self-md-center align-self-center\">\n              <!---->\n              <div data-colibri-id=\"988-c25\" class=\"d-block style-1206 style-local-988-c25 position-relative h-element\">\n                <!---->\n                <div class=\"h-image__frame-container-outer\">\n                  <div class=\"h-image__frame-container\">\n                    <!---->\n                    <!---->\n                    <img loading=\"lazy\" decoding=\"async\" width=\"1181\" height=\"337\" src=\"https:\/\/cajval.cl\/wp-content\/uploads\/2024\/01\/Recurso-4@3x.png\" class=\"wp-image-714 style-1206-image style-local-988-c25-image\" alt=\"\" srcset=\"https:\/\/cajval.cl\/wp-content\/uploads\/2024\/01\/Recurso-4@3x.png 1181w, https:\/\/cajval.cl\/wp-content\/uploads\/2024\/01\/Recurso-4@3x-300x86.png 300w, https:\/\/cajval.cl\/wp-content\/uploads\/2024\/01\/Recurso-4@3x-1024x292.png 1024w, https:\/\/cajval.cl\/wp-content\/uploads\/2024\/01\/Recurso-4@3x-768x219.png 768w\" sizes=\"auto, (max-width: 1181px) 100vw, 1181px\" \/>\n                    <div class=\"h-image__frame h-hide-lg h-hide-md h-hide-sm style-1206-frameImage style-local-988-c25-frameImage\"><\/div>\n                  <\/div>\n                <\/div>\n              <\/div>\n            <\/div>\n          <\/div>\n        <\/div>\n      <\/div>\n    <\/div>\n  <\/div>\n<\/div>\n<\/div>","protected":false},"excerpt":{"rendered":"<p>Las Plazas de Justicia corresponden a un mecanismo de participaci\u00f3n adicional de la Corporaci\u00f3n de Asistencia Judicial, definidas como un espacio desconcentrado de difusi\u00f3n, promoci\u00f3n y orientaci\u00f3n de car\u00e1cter jur\u00eddico y social, as\u00ed como de las pol\u00edticas, planes, programas y acciones de la instituci\u00f3n. Estas actividades son convocadas por las Secretar\u00edas Regionales Ministeriales de Justicia [&hellip;]<\/p>\n","protected":false},"author":3,"featured_media":0,"parent":0,"menu_order":0,"comment_status":"closed","ping_status":"closed","template":"page-templates\/full-width-page.php","meta":{"footnotes":""},"class_list":["post-988","page","type-page","status-publish","hentry"],"yoast_head":"<!-- This site is optimized with the Yoast SEO plugin v27.3 - https:\/\/yoast.com\/product\/yoast-seo-wordpress\/ -->\n<title>PLAZAS DE JUSTICIA - CAJVAL<\/title>\n<meta name=\"robots\" content=\"index, follow, max-snippet:-1, max-image-preview:large, max-video-preview:-1\" \/>\n<link rel=\"canonical\" href=\"https:\/\/cajval.cl\/index2.php\/index.php\/plazas-de-justicia\/\" \/>\n<meta property=\"og:locale\" content=\"es_ES\" \/>\n<meta property=\"og:type\" content=\"article\" \/>\n<meta property=\"og:title\" content=\"PLAZAS DE JUSTICIA - CAJVAL\" \/>\n<meta property=\"og:description\" content=\"Las Plazas de Justicia corresponden a un mecanismo de participaci\u00f3n adicional de la Corporaci\u00f3n de Asistencia Judicial, definidas como un espacio desconcentrado de difusi\u00f3n, promoci\u00f3n y orientaci\u00f3n de car\u00e1cter jur\u00eddico y social, as\u00ed como de las pol\u00edticas, planes, programas y acciones de la instituci\u00f3n. Estas actividades son convocadas por las Secretar\u00edas Regionales Ministeriales de Justicia [&hellip;]\" \/>\n<meta property=\"og:url\" content=\"https:\/\/cajval.cl\/index2.php\/index.php\/plazas-de-justicia\/\" \/>\n<meta property=\"og:site_name\" content=\"CAJVAL\" \/>\n<meta property=\"article:modified_time\" content=\"2024-01-26T14:00:12+00:00\" \/>\n<meta property=\"og:image\" content=\"https:\/\/cajval.cl\/wp-content\/uploads\/2024\/01\/Recurso-4@3x.png\" \/>\n<meta name=\"twitter:card\" content=\"summary_large_image\" \/>\n<meta name=\"twitter:label1\" content=\"Tiempo de lectura\" \/>\n\t<meta name=\"twitter:data1\" content=\"1 minuto\" \/>\n<script type=\"application\/ld+json\" class=\"yoast-schema-graph\">{\"@context\":\"https:\\\/\\\/schema.org\",\"@graph\":[{\"@type\":\"WebPage\",\"@id\":\"https:\\\/\\\/cajval.cl\\\/index2.php\\\/index.php\\\/plazas-de-justicia\\\/\",\"url\":\"https:\\\/\\\/cajval.cl\\\/index2.php\\\/index.php\\\/plazas-de-justicia\\\/\",\"name\":\"PLAZAS DE JUSTICIA - CAJVAL\",\"isPartOf\":{\"@id\":\"https:\\\/\\\/cajval.cl\\\/index2.php\\\/#website\"},\"primaryImageOfPage\":{\"@id\":\"https:\\\/\\\/cajval.cl\\\/index2.php\\\/index.php\\\/plazas-de-justicia\\\/#primaryimage\"},\"image\":{\"@id\":\"https:\\\/\\\/cajval.cl\\\/index2.php\\\/index.php\\\/plazas-de-justicia\\\/#primaryimage\"},\"thumbnailUrl\":\"https:\\\/\\\/cajval.cl\\\/wp-content\\\/uploads\\\/2024\\\/01\\\/Recurso-4@3x.png\",\"datePublished\":\"2024-01-25T01:03:29+00:00\",\"dateModified\":\"2024-01-26T14:00:12+00:00\",\"breadcrumb\":{\"@id\":\"https:\\\/\\\/cajval.cl\\\/index2.php\\\/index.php\\\/plazas-de-justicia\\\/#breadcrumb\"},\"inLanguage\":\"es\",\"potentialAction\":[{\"@type\":\"ReadAction\",\"target\":[\"https:\\\/\\\/cajval.cl\\\/index2.php\\\/index.php\\\/plazas-de-justicia\\\/\"]}]},{\"@type\":\"ImageObject\",\"inLanguage\":\"es\",\"@id\":\"https:\\\/\\\/cajval.cl\\\/index2.php\\\/index.php\\\/plazas-de-justicia\\\/#primaryimage\",\"url\":\"https:\\\/\\\/cajval.cl\\\/wp-content\\\/uploads\\\/2024\\\/01\\\/Recurso-4@3x.png\",\"contentUrl\":\"https:\\\/\\\/cajval.cl\\\/wp-content\\\/uploads\\\/2024\\\/01\\\/Recurso-4@3x.png\"},{\"@type\":\"BreadcrumbList\",\"@id\":\"https:\\\/\\\/cajval.cl\\\/index2.php\\\/index.php\\\/plazas-de-justicia\\\/#breadcrumb\",\"itemListElement\":[{\"@type\":\"ListItem\",\"position\":1,\"name\":\"Portada\",\"item\":\"https:\\\/\\\/cajval.cl\\\/index2.php\\\/\"},{\"@type\":\"ListItem\",\"position\":2,\"name\":\"PLAZAS DE JUSTICIA\"}]},{\"@type\":\"WebSite\",\"@id\":\"https:\\\/\\\/cajval.cl\\\/index2.php\\\/#website\",\"url\":\"https:\\\/\\\/cajval.cl\\\/index2.php\\\/\",\"name\":\"CAJVAL\",\"description\":\"CAJVAL\",\"publisher\":{\"@id\":\"https:\\\/\\\/cajval.cl\\\/index2.php\\\/#organization\"},\"potentialAction\":[{\"@type\":\"SearchAction\",\"target\":{\"@type\":\"EntryPoint\",\"urlTemplate\":\"https:\\\/\\\/cajval.cl\\\/index2.php\\\/?s={search_term_string}\"},\"query-input\":{\"@type\":\"PropertyValueSpecification\",\"valueRequired\":true,\"valueName\":\"search_term_string\"}}],\"inLanguage\":\"es\"},{\"@type\":\"Organization\",\"@id\":\"https:\\\/\\\/cajval.cl\\\/index2.php\\\/#organization\",\"name\":\"CAJVAL\",\"url\":\"https:\\\/\\\/cajval.cl\\\/index2.php\\\/\",\"logo\":{\"@type\":\"ImageObject\",\"inLanguage\":\"es\",\"@id\":\"https:\\\/\\\/cajval.cl\\\/index2.php\\\/#\\\/schema\\\/logo\\\/image\\\/\",\"url\":\"https:\\\/\\\/cajval.cl\\\/wp-content\\\/uploads\\\/2024\\\/04\\\/LOGO3REGIONES.png\",\"contentUrl\":\"https:\\\/\\\/cajval.cl\\\/wp-content\\\/uploads\\\/2024\\\/04\\\/LOGO3REGIONES.png\",\"width\":625,\"height\":567,\"caption\":\"CAJVAL\"},\"image\":{\"@id\":\"https:\\\/\\\/cajval.cl\\\/index2.php\\\/#\\\/schema\\\/logo\\\/image\\\/\"}}]}<\/script>\n<!-- \/ Yoast SEO plugin. -->","yoast_head_json":{"title":"PLAZAS DE JUSTICIA - CAJVAL","robots":{"index":"index","follow":"follow","max-snippet":"max-snippet:-1","max-image-preview":"max-image-preview:large","max-video-preview":"max-video-preview:-1"},"canonical":"https:\/\/cajval.cl\/index2.php\/index.php\/plazas-de-justicia\/","og_locale":"es_ES","og_type":"article","og_title":"PLAZAS DE JUSTICIA - CAJVAL","og_description":"Las Plazas de Justicia corresponden a un mecanismo de participaci\u00f3n adicional de la Corporaci\u00f3n de Asistencia Judicial, definidas como un espacio desconcentrado de difusi\u00f3n, promoci\u00f3n y orientaci\u00f3n de car\u00e1cter jur\u00eddico y social, as\u00ed como de las pol\u00edticas, planes, programas y acciones de la instituci\u00f3n. Estas actividades son convocadas por las Secretar\u00edas Regionales Ministeriales de Justicia [&hellip;]","og_url":"https:\/\/cajval.cl\/index2.php\/index.php\/plazas-de-justicia\/","og_site_name":"CAJVAL","article_modified_time":"2024-01-26T14:00:12+00:00","og_image":[{"url":"https:\/\/cajval.cl\/wp-content\/uploads\/2024\/01\/Recurso-4@3x.png","type":"","width":"","height":""}],"twitter_card":"summary_large_image","twitter_misc":{"Tiempo de lectura":"1 minuto"},"schema":{"@context":"https:\/\/schema.org","@graph":[{"@type":"WebPage","@id":"https:\/\/cajval.cl\/index2.php\/index.php\/plazas-de-justicia\/","url":"https:\/\/cajval.cl\/index2.php\/index.php\/plazas-de-justicia\/","name":"PLAZAS DE JUSTICIA - CAJVAL","isPartOf":{"@id":"https:\/\/cajval.cl\/index2.php\/#website"},"primaryImageOfPage":{"@id":"https:\/\/cajval.cl\/index2.php\/index.php\/plazas-de-justicia\/#primaryimage"},"image":{"@id":"https:\/\/cajval.cl\/index2.php\/index.php\/plazas-de-justicia\/#primaryimage"},"thumbnailUrl":"https:\/\/cajval.cl\/wp-content\/uploads\/2024\/01\/Recurso-4@3x.png","datePublished":"2024-01-25T01:03:29+00:00","dateModified":"2024-01-26T14:00:12+00:00","breadcrumb":{"@id":"https:\/\/cajval.cl\/index2.php\/index.php\/plazas-de-justicia\/#breadcrumb"},"inLanguage":"es","potentialAction":[{"@type":"ReadAction","target":["https:\/\/cajval.cl\/index2.php\/index.php\/plazas-de-justicia\/"]}]},{"@type":"ImageObject","inLanguage":"es","@id":"https:\/\/cajval.cl\/index2.php\/index.php\/plazas-de-justicia\/#primaryimage","url":"https:\/\/cajval.cl\/wp-content\/uploads\/2024\/01\/Recurso-4@3x.png","contentUrl":"https:\/\/cajval.cl\/wp-content\/uploads\/2024\/01\/Recurso-4@3x.png"},{"@type":"BreadcrumbList","@id":"https:\/\/cajval.cl\/index2.php\/index.php\/plazas-de-justicia\/#breadcrumb","itemListElement":[{"@type":"ListItem","position":1,"name":"Portada","item":"https:\/\/cajval.cl\/index2.php\/"},{"@type":"ListItem","position":2,"name":"PLAZAS DE JUSTICIA"}]},{"@type":"WebSite","@id":"https:\/\/cajval.cl\/index2.php\/#website","url":"https:\/\/cajval.cl\/index2.php\/","name":"CAJVAL","description":"CAJVAL","publisher":{"@id":"https:\/\/cajval.cl\/index2.php\/#organization"},"potentialAction":[{"@type":"SearchAction","target":{"@type":"EntryPoint","urlTemplate":"https:\/\/cajval.cl\/index2.php\/?s={search_term_string}"},"query-input":{"@type":"PropertyValueSpecification","valueRequired":true,"valueName":"search_term_string"}}],"inLanguage":"es"},{"@type":"Organization","@id":"https:\/\/cajval.cl\/index2.php\/#organization","name":"CAJVAL","url":"https:\/\/cajval.cl\/index2.php\/","logo":{"@type":"ImageObject","inLanguage":"es","@id":"https:\/\/cajval.cl\/index2.php\/#\/schema\/logo\/image\/","url":"https:\/\/cajval.cl\/wp-content\/uploads\/2024\/04\/LOGO3REGIONES.png","contentUrl":"https:\/\/cajval.cl\/wp-content\/uploads\/2024\/04\/LOGO3REGIONES.png","width":625,"height":567,"caption":"CAJVAL"},"image":{"@id":"https:\/\/cajval.cl\/index2.php\/#\/schema\/logo\/image\/"}}]}},"_links":{"self":[{"href":"https:\/\/cajval.cl\/index2.php\/index.php\/wp-json\/wp\/v2\/pages\/988","targetHints":{"allow":["GET"]}}],"collection":[{"href":"https:\/\/cajval.cl\/index2.php\/index.php\/wp-json\/wp\/v2\/pages"}],"about":[{"href":"https:\/\/cajval.cl\/index2.php\/index.php\/wp-json\/wp\/v2\/types\/page"}],"author":[{"embeddable":true,"href":"https:\/\/cajval.cl\/index2.php\/index.php\/wp-json\/wp\/v2\/users\/3"}],"replies":[{"embeddable":true,"href":"https:\/\/cajval.cl\/index2.php\/index.php\/wp-json\/wp\/v2\/comments?post=988"}],"version-history":[{"count":8,"href":"https:\/\/cajval.cl\/index2.php\/index.php\/wp-json\/wp\/v2\/pages\/988\/revisions"}],"predecessor-version":[{"id":1297,"href":"https:\/\/cajval.cl\/index2.php\/index.php\/wp-json\/wp\/v2\/pages\/988\/revisions\/1297"}],"wp:attachment":[{"href":"https:\/\/cajval.cl\/index2.php\/index.php\/wp-json\/wp\/v2\/media?parent=988"}],"curies":[{"name":"wp","href":"https:\/\/api.w.org\/{rel}","templated":true}]}}