{"id":5724,"date":"2024-05-15T19:29:56","date_gmt":"2024-05-15T19:29:56","guid":{"rendered":"https:\/\/cajval.cl\/index2.php\/?page_id=5724"},"modified":"2024-05-22T16:29:50","modified_gmt":"2024-05-22T16:29:50","slug":"centros-de-atencion-a-victimas-de-delitos-violentos","status":"publish","type":"page","link":"https:\/\/cajval.cl\/index2.php\/index.php\/centros-de-atencion-a-victimas-de-delitos-violentos\/","title":{"rendered":"CENTROS DE ATENCI\u00d3N A V\u00cdCTIMAS DE DELITOS VIOLENTOS"},"content":{"rendered":"<div data-colibri-id=\"5724-c1\" class=\"style-6914 style-local-5724-c1 position-relative\">\n  <!---->\n  <div data-colibri-component=\"section\" data-colibri-id=\"5724-c17\" id=\"features\" class=\"h-section h-section-global-spacing d-flex align-items-lg-center align-items-md-center align-items-center style-6927 style-local-5724-c17 position-relative\">\n    <!---->\n    <!---->\n    <div class=\"h-section-grid-container h-section-boxed-container\">\n      <!---->\n      <div data-colibri-id=\"5724-c18\" class=\"h-row-container gutters-row-lg-2 gutters-row-md-2 gutters-row-0 gutters-row-v-lg-2 gutters-row-v-md-2 gutters-row-v-2 style-6928 style-local-5724-c18 position-relative\">\n        <!---->\n        <div class=\"h-row justify-content-lg-center justify-content-md-center justify-content-center align-items-lg-stretch align-items-md-stretch align-items-stretch gutters-col-lg-2 gutters-col-md-2 gutters-col-0 gutters-col-v-lg-2 gutters-col-v-md-2 gutters-col-v-2\">\n          <!---->\n          <div class=\"h-column h-column-container d-flex h-col-lg-auto h-col-md-auto h-col-auto style-6929-outer style-local-5724-c19-outer\">\n            <div data-colibri-id=\"5724-c19\" class=\"d-flex h-flex-basis h-column__inner h-px-lg-2 h-px-md-2 h-px-2 v-inner-lg-2 v-inner-md-2 v-inner-2 style-6929 style-local-5724-c19 position-relative\">\n              <!---->\n              <!---->\n              <div class=\"w-100 h-y-container h-column__content h-column__v-align flex-basis-auto align-self-lg-start align-self-md-start align-self-start\">\n                <!---->\n                <div data-colibri-id=\"5724-c20\" class=\"h-icon style-6930 style-local-5724-c20 position-relative h-element\">\n                  <!----><span class=\"h-svg-icon h-icon__icon style-6930-icon style-local-5724-c20-icon\"><!--Icon by Font Awesome (https:\/\/fontawesome.com)-->\n    <svg version=\"1.1\" xmlns=\"http:\/\/www.w3.org\/2000\/svg\" xmlns:xlink=\"http:\/\/www.w3.org\/1999\/xlink\" id=\"legal\" viewBox=\"0 0 1792 1896.0833\">\n      <path d=\"M1771 1536q0 53-37 90l-107 108q-39 37-91 37-53 0-90-37l-363-364q-38-36-38-90 0-53 43-96L832 928l-126 126q-14 14-34 14t-34-14q2 2 12.5 12t12.5 13 10 11.5 10 13.5 6 13.5 5.5 16.5 1.5 18q0 38-28 68-3 3-16.5 18t-19 20.5T614 1275t-22 15.5-22 9-26 4.5q-40 0-68-28L68 868q-28-28-28-68 0-13 4.5-26t9-22T69 730t16.5-18.5 20.5-19 18-16.5q30-28 68-28 10 0 18 1.5t16.5 5.5 13.5 6 13.5 10 11.5 10 13 12.5 12 12.5q-14-14-14-34t14-34l348-348q14-14 34-14t34 14q-2-2-12.5-12T681 265t-10-11.5-10-13.5-6-13.5-5.5-16.5-1.5-18q0-38 28-68 3-3 16.5-18t19-20.5T730 69t22-15.5 22-9 26-4.5q40 0 68 28l408 408q28 28 28 68 0 13-4.5 26t-9 22-15.5 22-16.5 18.5-20.5 19-18 16.5q-30 28-68 28-10 0-18-1.5t-16.5-5.5-13.5-6-13.5-10-11.5-10-13-12.5-12-12.5q14 14 14 34t-14 34L928 832l256 256q43-43 96-43 52 0 91 37l363 363q37 39 37 91z\"><\/path>\n    <\/svg><\/span><\/div>\n              <\/div>\n            <\/div>\n          <\/div>\n          <div class=\"h-column h-column-container d-flex h-col-lg h-col-md h-col-auto style-6931-outer style-local-5724-c21-outer\">\n            <div data-colibri-id=\"5724-c21\" class=\"d-flex h-flex-basis h-column__inner h-px-lg-2 h-px-md-2 h-px-2 v-inner-lg-2 v-inner-md-2 v-inner-2 style-6931 style-local-5724-c21 position-relative\">\n              <!---->\n              <!---->\n              <div class=\"w-100 h-y-container h-column__content h-column__v-align flex-basis-100 align-self-lg-start align-self-md-start align-self-start\">\n                <!---->\n                <div data-colibri-id=\"5724-c22\" class=\"h-global-transition-all h-heading style-6932 style-local-5724-c22 position-relative h-element\">\n                  <!---->\n                  <div class=\"h-heading__outer style-6932 style-local-5724-c22\">\n                    <!---->\n                    <!---->\n                    <h3 class=\"\">CENTROS DE ATENCI\u00d3N A V\u00cdCTIMAS DE DELITOS VIOLENTOS (CAVI)<\/h3>\n                  <\/div>\n                <\/div>\n                <div data-colibri-id=\"5724-c31\" class=\"h-text h-text-component style-6937 style-local-5724-c31 position-relative h-element\">\n                  <!---->\n                  <!---->\n                  <div class=\"\">\n                    <p>Los Centros de Atenci\u00f3n Integral V\u00edctima de Delitos Violentos brindan atenci\u00f3n integral e interdisciplinaria a v\u00edctimas de delitos violentos y sus familias, con el objetivo de ayudar a superar la situaci\u00f3n traum\u00e1tica, reestablecer\n                      su funcionamiento habitual e integrar la experiencia vivida.<\/p>\n                  <\/div>\n                <\/div>\n                <div data-colibri-id=\"5724-c23\" class=\"h-divider style-6933 style-local-5724-c23 position-relative h-element\">\n                  <!----><span class=\"h-divider__line style-6933-line style-local-5724-c23-line style-6933-line style-local-5724-c23-line\"><\/span><\/div>\n                <div data-colibri-id=\"5724-c24\" class=\"h-row-container gutters-row-lg-0 gutters-row-md-0 gutters-row-0 gutters-row-v-lg-0 gutters-row-v-md-0 gutters-row-v-0 style-6934 style-local-5724-c24 position-relative\">\n                  <!---->\n                  <div class=\"h-row justify-content-lg-center justify-content-md-center justify-content-center align-items-lg-stretch align-items-md-stretch align-items-stretch gutters-col-lg-0 gutters-col-md-0 gutters-col-0 gutters-col-v-lg-0 gutters-col-v-md-0 gutters-col-v-0\">\n                    <!---->\n                    <div class=\"h-column h-column-container d-flex h-col-lg-auto h-col-md-auto h-col-auto style-6935-outer style-local-5724-c25-outer\">\n                      <div data-colibri-id=\"5724-c25\" class=\"d-flex h-flex-basis h-column__inner h-px-lg-2 h-px-md-2 h-px-2 v-inner-lg-2 v-inner-md-2 v-inner-2 style-6935 style-local-5724-c25 position-relative\">\n                        <!---->\n                        <!---->\n                        <div class=\"w-100 h-y-container h-column__content h-column__v-align flex-basis-100 align-self-lg-start align-self-md-start align-self-start\">\n                          <!---->\n                          <div data-colibri-id=\"5724-c26\" class=\"h-text h-text-component style-6936 style-local-5724-c26 position-relative h-element\">\n                            <!---->\n                            <!---->\n                            <div class=\"\">\n                              <p><strong>\u00bfQu\u00e9 delitos atienden?<\/strong><\/p>\n                              <ol>\n                                <li><strong><span class=\"ql-cursor\">\ufeff<\/span><\/strong>Homicidio<\/li>\n                                <li>Parricidio<\/li>\n                                <li>Secuestro<\/li>\n                                <li>Delitos Sexuales<\/li>\n                                <li>Lesiones Graves o Grav\u00edsimas<\/li>\n                                <li>Cuasidelito de Homicidio<\/li>\n                                <li>Cuasidelito de Lesiones Graves o Grav\u00edsimas<\/li>\n                                <li>Robo con violencia o intimidaci\u00f3n<\/li>\n                                <li>Lesiones en contexto de VIF<\/li>\n                              <\/ol>\n                            <\/div>\n                          <\/div>\n                        <\/div>\n                      <\/div>\n                    <\/div>\n                    <div class=\"h-column h-column-container d-flex h-col-lg-auto h-col-md-auto h-col-auto style-6935-outer style-local-5724-c27-outer\">\n                      <div data-colibri-id=\"5724-c27\" class=\"d-flex h-flex-basis h-column__inner h-px-lg-2 h-px-md-2 h-px-2 v-inner-lg-2 v-inner-md-2 v-inner-2 style-6935 style-local-5724-c27 position-relative\">\n                        <!---->\n                        <!---->\n                        <div class=\"w-100 h-y-container h-column__content h-column__v-align flex-basis-100 align-self-lg-start align-self-md-start align-self-start\">\n                          <!---->\n                          <div data-colibri-id=\"5724-c28\" class=\"h-text h-text-component style-6936 style-local-5724-c28 position-relative h-element\">\n                            <!---->\n                            <!---->\n                            <div class=\"\">\n                              <p><strong>\u00bfQu\u00e9 hace el Programa?<\/strong><\/p>\n                              <p>Brindar atenci\u00f3n interdisciplinaria a v\u00edctimas de delitos violentos y sus familias con el objeto de ayudar a superar la situaci\u00f3n traum\u00e1tica, restablecer su funcionamiento habitual e integrar la experiencia vivida y\/o modificar\n                                los factores que provocaron o facilitaron el delito. <\/p>\n                              <p>Prevenir y atenuar las consecuencias secundarias de ser v\u00edctima y, paralelamente, proteger los derechos de las personas afectadas haciendo efectiva la responsabilidad legal del agresor y la reparaci\u00f3n del da\u00f1o y perjuicio\n                                causado. <\/p>\n                              <p>Entregar a la comunidad herramientas que le permitan conocer y ejercer sus derechos, incorporando a la v\u00edctima y a su red social primaria como sujetos activos en el enfrentamiento y superaci\u00f3n del impacto del delito, de acuerdo\n                                a sus potencialidades y a los recursos externos otorgados por el sistema o medio en el que se desenvuelve. <\/p>\n                            <\/div>\n                          <\/div>\n                        <\/div>\n                      <\/div>\n                    <\/div>\n                    <div class=\"h-column h-column-container d-flex h-col-lg-auto h-col-md-auto h-col-auto style-6935-outer style-local-5724-c29-outer\">\n                      <div data-colibri-id=\"5724-c29\" class=\"d-flex h-flex-basis h-column__inner h-px-lg-2 h-px-md-2 h-px-2 v-inner-lg-2 v-inner-md-2 v-inner-2 style-6935 style-local-5724-c29 position-relative\">\n                        <!---->\n                        <!---->\n                        <div class=\"w-100 h-y-container h-column__content h-column__v-align flex-basis-100 align-self-lg-start align-self-md-start align-self-start\">\n                          <!---->\n                          <div data-colibri-id=\"5724-c30\" class=\"h-text h-text-component style-6936 style-local-5724-c30 position-relative h-element\">\n                            <!---->\n                            <!---->\n                            <div class=\"\">\n                              <p><strong>\u00bfA qui\u00e9nes atienden?<\/strong><\/p>\n                              <p>Toda persona que haya sido v\u00edctima de un delito violento y a su entorno cercano. Los principales criterios de focalizaci\u00f3n se relacionan con la materia del caso por la cual se solicita su intervenci\u00f3n y la cobertura territorial.<\/p>\n                              <p><strong>\u00bfQui\u00e9nes conforman el equipo? <\/strong><\/p>\n                              <p>Est\u00e1 conformado por abogadas, abogados, trabajadores y trabajadoras sociales, psic\u00f3logos y psic\u00f3logos, administrativos, administrativas.<\/p>\n                              <p><strong>\u00bfCu\u00e1l es la cobertura?<\/strong><\/p>\n                              <ul>\n                                <li><span style=\"font-weight: 600;\">CAVI Copiap\u00f3: <\/span>Comunas de Copiap\u00f3 y Tierra Amarilla.<\/li>\n                                <li>&nbsp;<span style=\"font-weight: 600;\">CAVI Coquimbo:<\/span> Comunas de Serena y Coquimbo<\/li>\n                                <li><span style=\"font-weight: 600;\">CAVI Vi\u00f1a del Mar: <\/span>Comunas de Vi\u00f1a del Mar, Valpara\u00edso y Conc\u00f3n<\/li>\n                                <li><span style=\"font-weight: 600;\">CAVI Quillota:<\/span> Comunas de Quillota, Limache y Calera<\/li>\n                              <\/ul>\n                            <\/div>\n                          <\/div>\n                        <\/div>\n                      <\/div>\n                    <\/div>\n                  <\/div>\n                <\/div>\n              <\/div>\n            <\/div>\n          <\/div>\n        <\/div>\n      <\/div>\n    <\/div>\n  <\/div>\n<\/div>","protected":false},"excerpt":{"rendered":"<p>CENTROS DE ATENCI\u00d3N A V\u00cdCTIMAS DE DELITOS VIOLENTOS (CAVI) Los Centros de Atenci\u00f3n Integral V\u00edctima de Delitos Violentos brindan atenci\u00f3n integral e interdisciplinaria a v\u00edctimas de delitos violentos y sus familias, con el objetivo de ayudar a superar la situaci\u00f3n traum\u00e1tica, reestablecer su funcionamiento habitual e integrar la experiencia vivida. \u00bfQu\u00e9 delitos atienden? \ufeffHomicidio Parricidio [&hellip;]<\/p>\n","protected":false},"author":3,"featured_media":0,"parent":0,"menu_order":0,"comment_status":"closed","ping_status":"closed","template":"page-templates\/full-width-page.php","meta":{"footnotes":""},"class_list":["post-5724","page","type-page","status-publish","hentry"],"yoast_head":"<!-- This site is optimized with the Yoast SEO plugin v27.4 - https:\/\/yoast.com\/product\/yoast-seo-wordpress\/ -->\n<title>CENTROS DE ATENCI\u00d3N A V\u00cdCTIMAS DE DELITOS VIOLENTOS - CAJVAL<\/title>\n<meta name=\"robots\" content=\"index, follow, max-snippet:-1, max-image-preview:large, max-video-preview:-1\" \/>\n<link rel=\"canonical\" href=\"https:\/\/cajval.cl\/index2.php\/index.php\/centros-de-atencion-a-victimas-de-delitos-violentos\/\" \/>\n<meta property=\"og:locale\" content=\"es_ES\" \/>\n<meta property=\"og:type\" content=\"article\" \/>\n<meta property=\"og:title\" content=\"CENTROS DE ATENCI\u00d3N A V\u00cdCTIMAS DE DELITOS VIOLENTOS - CAJVAL\" \/>\n<meta property=\"og:description\" content=\"CENTROS DE ATENCI\u00d3N A V\u00cdCTIMAS DE DELITOS VIOLENTOS (CAVI) Los Centros de Atenci\u00f3n Integral V\u00edctima de Delitos Violentos brindan atenci\u00f3n integral e interdisciplinaria a v\u00edctimas de delitos violentos y sus familias, con el objetivo de ayudar a superar la situaci\u00f3n traum\u00e1tica, reestablecer su funcionamiento habitual e integrar la experiencia vivida. \u00bfQu\u00e9 delitos atienden? \ufeffHomicidio Parricidio [&hellip;]\" \/>\n<meta property=\"og:url\" content=\"https:\/\/cajval.cl\/index2.php\/index.php\/centros-de-atencion-a-victimas-de-delitos-violentos\/\" \/>\n<meta property=\"og:site_name\" content=\"CAJVAL\" \/>\n<meta property=\"article:modified_time\" content=\"2024-05-22T16:29:50+00:00\" \/>\n<meta name=\"twitter:card\" content=\"summary_large_image\" \/>\n<script type=\"application\/ld+json\" class=\"yoast-schema-graph\">{\"@context\":\"https:\\\/\\\/schema.org\",\"@graph\":[{\"@type\":\"WebPage\",\"@id\":\"https:\\\/\\\/cajval.cl\\\/index2.php\\\/index.php\\\/centros-de-atencion-a-victimas-de-delitos-violentos\\\/\",\"url\":\"https:\\\/\\\/cajval.cl\\\/index2.php\\\/index.php\\\/centros-de-atencion-a-victimas-de-delitos-violentos\\\/\",\"name\":\"CENTROS DE ATENCI\u00d3N A V\u00cdCTIMAS DE DELITOS VIOLENTOS - CAJVAL\",\"isPartOf\":{\"@id\":\"https:\\\/\\\/cajval.cl\\\/index2.php\\\/#website\"},\"datePublished\":\"2024-05-15T19:29:56+00:00\",\"dateModified\":\"2024-05-22T16:29:50+00:00\",\"breadcrumb\":{\"@id\":\"https:\\\/\\\/cajval.cl\\\/index2.php\\\/index.php\\\/centros-de-atencion-a-victimas-de-delitos-violentos\\\/#breadcrumb\"},\"inLanguage\":\"es\",\"potentialAction\":[{\"@type\":\"ReadAction\",\"target\":[\"https:\\\/\\\/cajval.cl\\\/index2.php\\\/index.php\\\/centros-de-atencion-a-victimas-de-delitos-violentos\\\/\"]}]},{\"@type\":\"BreadcrumbList\",\"@id\":\"https:\\\/\\\/cajval.cl\\\/index2.php\\\/index.php\\\/centros-de-atencion-a-victimas-de-delitos-violentos\\\/#breadcrumb\",\"itemListElement\":[{\"@type\":\"ListItem\",\"position\":1,\"name\":\"Portada\",\"item\":\"https:\\\/\\\/cajval.cl\\\/index2.php\\\/\"},{\"@type\":\"ListItem\",\"position\":2,\"name\":\"CENTROS DE ATENCI\u00d3N A V\u00cdCTIMAS DE DELITOS VIOLENTOS\"}]},{\"@type\":\"WebSite\",\"@id\":\"https:\\\/\\\/cajval.cl\\\/index2.php\\\/#website\",\"url\":\"https:\\\/\\\/cajval.cl\\\/index2.php\\\/\",\"name\":\"CAJVAL\",\"description\":\"CAJVAL\",\"publisher\":{\"@id\":\"https:\\\/\\\/cajval.cl\\\/index2.php\\\/#organization\"},\"potentialAction\":[{\"@type\":\"SearchAction\",\"target\":{\"@type\":\"EntryPoint\",\"urlTemplate\":\"https:\\\/\\\/cajval.cl\\\/index2.php\\\/?s={search_term_string}\"},\"query-input\":{\"@type\":\"PropertyValueSpecification\",\"valueRequired\":true,\"valueName\":\"search_term_string\"}}],\"inLanguage\":\"es\"},{\"@type\":\"Organization\",\"@id\":\"https:\\\/\\\/cajval.cl\\\/index2.php\\\/#organization\",\"name\":\"CAJVAL\",\"url\":\"https:\\\/\\\/cajval.cl\\\/index2.php\\\/\",\"logo\":{\"@type\":\"ImageObject\",\"inLanguage\":\"es\",\"@id\":\"https:\\\/\\\/cajval.cl\\\/index2.php\\\/#\\\/schema\\\/logo\\\/image\\\/\",\"url\":\"https:\\\/\\\/cajval.cl\\\/wp-content\\\/uploads\\\/2024\\\/04\\\/LOGO3REGIONES.png\",\"contentUrl\":\"https:\\\/\\\/cajval.cl\\\/wp-content\\\/uploads\\\/2024\\\/04\\\/LOGO3REGIONES.png\",\"width\":625,\"height\":567,\"caption\":\"CAJVAL\"},\"image\":{\"@id\":\"https:\\\/\\\/cajval.cl\\\/index2.php\\\/#\\\/schema\\\/logo\\\/image\\\/\"}}]}<\/script>\n<!-- \/ Yoast SEO plugin. -->","yoast_head_json":{"title":"CENTROS DE ATENCI\u00d3N A V\u00cdCTIMAS DE DELITOS VIOLENTOS - CAJVAL","robots":{"index":"index","follow":"follow","max-snippet":"max-snippet:-1","max-image-preview":"max-image-preview:large","max-video-preview":"max-video-preview:-1"},"canonical":"https:\/\/cajval.cl\/index2.php\/index.php\/centros-de-atencion-a-victimas-de-delitos-violentos\/","og_locale":"es_ES","og_type":"article","og_title":"CENTROS DE ATENCI\u00d3N A V\u00cdCTIMAS DE DELITOS VIOLENTOS - CAJVAL","og_description":"CENTROS DE ATENCI\u00d3N A V\u00cdCTIMAS DE DELITOS VIOLENTOS (CAVI) Los Centros de Atenci\u00f3n Integral V\u00edctima de Delitos Violentos brindan atenci\u00f3n integral e interdisciplinaria a v\u00edctimas de delitos violentos y sus familias, con el objetivo de ayudar a superar la situaci\u00f3n traum\u00e1tica, reestablecer su funcionamiento habitual e integrar la experiencia vivida. \u00bfQu\u00e9 delitos atienden? \ufeffHomicidio Parricidio [&hellip;]","og_url":"https:\/\/cajval.cl\/index2.php\/index.php\/centros-de-atencion-a-victimas-de-delitos-violentos\/","og_site_name":"CAJVAL","article_modified_time":"2024-05-22T16:29:50+00:00","twitter_card":"summary_large_image","schema":{"@context":"https:\/\/schema.org","@graph":[{"@type":"WebPage","@id":"https:\/\/cajval.cl\/index2.php\/index.php\/centros-de-atencion-a-victimas-de-delitos-violentos\/","url":"https:\/\/cajval.cl\/index2.php\/index.php\/centros-de-atencion-a-victimas-de-delitos-violentos\/","name":"CENTROS DE ATENCI\u00d3N A V\u00cdCTIMAS DE DELITOS VIOLENTOS - CAJVAL","isPartOf":{"@id":"https:\/\/cajval.cl\/index2.php\/#website"},"datePublished":"2024-05-15T19:29:56+00:00","dateModified":"2024-05-22T16:29:50+00:00","breadcrumb":{"@id":"https:\/\/cajval.cl\/index2.php\/index.php\/centros-de-atencion-a-victimas-de-delitos-violentos\/#breadcrumb"},"inLanguage":"es","potentialAction":[{"@type":"ReadAction","target":["https:\/\/cajval.cl\/index2.php\/index.php\/centros-de-atencion-a-victimas-de-delitos-violentos\/"]}]},{"@type":"BreadcrumbList","@id":"https:\/\/cajval.cl\/index2.php\/index.php\/centros-de-atencion-a-victimas-de-delitos-violentos\/#breadcrumb","itemListElement":[{"@type":"ListItem","position":1,"name":"Portada","item":"https:\/\/cajval.cl\/index2.php\/"},{"@type":"ListItem","position":2,"name":"CENTROS DE ATENCI\u00d3N A V\u00cdCTIMAS DE DELITOS VIOLENTOS"}]},{"@type":"WebSite","@id":"https:\/\/cajval.cl\/index2.php\/#website","url":"https:\/\/cajval.cl\/index2.php\/","name":"CAJVAL","description":"CAJVAL","publisher":{"@id":"https:\/\/cajval.cl\/index2.php\/#organization"},"potentialAction":[{"@type":"SearchAction","target":{"@type":"EntryPoint","urlTemplate":"https:\/\/cajval.cl\/index2.php\/?s={search_term_string}"},"query-input":{"@type":"PropertyValueSpecification","valueRequired":true,"valueName":"search_term_string"}}],"inLanguage":"es"},{"@type":"Organization","@id":"https:\/\/cajval.cl\/index2.php\/#organization","name":"CAJVAL","url":"https:\/\/cajval.cl\/index2.php\/","logo":{"@type":"ImageObject","inLanguage":"es","@id":"https:\/\/cajval.cl\/index2.php\/#\/schema\/logo\/image\/","url":"https:\/\/cajval.cl\/wp-content\/uploads\/2024\/04\/LOGO3REGIONES.png","contentUrl":"https:\/\/cajval.cl\/wp-content\/uploads\/2024\/04\/LOGO3REGIONES.png","width":625,"height":567,"caption":"CAJVAL"},"image":{"@id":"https:\/\/cajval.cl\/index2.php\/#\/schema\/logo\/image\/"}}]}},"_links":{"self":[{"href":"https:\/\/cajval.cl\/index2.php\/index.php\/wp-json\/wp\/v2\/pages\/5724","targetHints":{"allow":["GET"]}}],"collection":[{"href":"https:\/\/cajval.cl\/index2.php\/index.php\/wp-json\/wp\/v2\/pages"}],"about":[{"href":"https:\/\/cajval.cl\/index2.php\/index.php\/wp-json\/wp\/v2\/types\/page"}],"author":[{"embeddable":true,"href":"https:\/\/cajval.cl\/index2.php\/index.php\/wp-json\/wp\/v2\/users\/3"}],"replies":[{"embeddable":true,"href":"https:\/\/cajval.cl\/index2.php\/index.php\/wp-json\/wp\/v2\/comments?post=5724"}],"version-history":[{"count":2,"href":"https:\/\/cajval.cl\/index2.php\/index.php\/wp-json\/wp\/v2\/pages\/5724\/revisions"}],"predecessor-version":[{"id":6741,"href":"https:\/\/cajval.cl\/index2.php\/index.php\/wp-json\/wp\/v2\/pages\/5724\/revisions\/6741"}],"wp:attachment":[{"href":"https:\/\/cajval.cl\/index2.php\/index.php\/wp-json\/wp\/v2\/media?parent=5724"}],"curies":[{"name":"wp","href":"https:\/\/api.w.org\/{rel}","templated":true}]}}