{"id":5720,"date":"2024-05-15T19:26:45","date_gmt":"2024-05-15T19:26:45","guid":{"rendered":"https:\/\/cajval.cl\/index2.php\/?page_id=5720"},"modified":"2024-05-30T23:34:55","modified_gmt":"2024-05-30T23:34:55","slug":"programa-la-ninez-y-adolescencia-se-defienden","status":"publish","type":"page","link":"https:\/\/cajval.cl\/index2.php\/index.php\/programa-la-ninez-y-adolescencia-se-defienden\/","title":{"rendered":"PROGRAMA LA NI\u00d1EZ Y ADOLESCENCIA SE DEFIENDEN"},"content":{"rendered":"<div data-colibri-id=\"5720-c1\" class=\"style-6926 style-local-5720-c1 position-relative\">\n  <!---->\n  <div data-colibri-component=\"section\" data-colibri-id=\"5720-c2\" id=\"features\" class=\"h-section h-section-global-spacing d-flex align-items-lg-center align-items-md-center align-items-center style-6927 style-local-5720-c2 position-relative\">\n    <!---->\n    <!---->\n    <div class=\"h-section-grid-container h-section-boxed-container\">\n      <!---->\n      <div data-colibri-id=\"5720-c3\" class=\"h-row-container gutters-row-lg-2 gutters-row-md-2 gutters-row-0 gutters-row-v-lg-2 gutters-row-v-md-2 gutters-row-v-2 style-6928 style-local-5720-c3 position-relative\">\n        <!---->\n        <div class=\"h-row justify-content-lg-center justify-content-md-center justify-content-center align-items-lg-stretch align-items-md-stretch align-items-stretch gutters-col-lg-2 gutters-col-md-2 gutters-col-0 gutters-col-v-lg-2 gutters-col-v-md-2 gutters-col-v-2\">\n          <!---->\n          <div class=\"h-column h-column-container d-flex h-col-lg-auto h-col-md-auto h-col-auto style-6929-outer style-local-5720-c4-outer\">\n            <div data-colibri-id=\"5720-c4\" class=\"d-flex h-flex-basis h-column__inner h-px-lg-2 h-px-md-2 h-px-2 v-inner-lg-2 v-inner-md-2 v-inner-2 style-6929 style-local-5720-c4 position-relative\">\n              <!---->\n              <!---->\n              <div class=\"w-100 h-y-container h-column__content h-column__v-align flex-basis-auto align-self-lg-start align-self-md-start align-self-start\">\n                <!---->\n                <div data-colibri-id=\"5720-c5\" class=\"h-icon style-6930 style-local-5720-c5 position-relative h-element\">\n                  <!----><span class=\"h-svg-icon h-icon__icon style-6930-icon style-local-5720-c5-icon\"><!--Icon by Icons8 Line Awesome (https:\/\/icons8.com\/line-awesome)--><svg version=\"1.1\" xmlns=\"http:\/\/www.w3.org\/2000\/svg\" xmlns:xlink=\"http:\/\/www.w3.org\/1999\/xlink\" id=\"child\" viewBox=\"0 0 512 545.5\"><path d=\"M192 80c35.23 0 60.662 16.11 72.5 37 .422-.654.538-1.346 1-2 7.243-10.262 21.033-19 38.5-19v32c-7.24 0-9.4 1.77-11.5 4.5 61.52 14.732 108.993 65.677 121 129 19.093 6.353 34.5 21.392 34.5 42.5 0 21.84-16.388 37.28-36.5 43-13.057 75.22-77.122 133-155.5 133s-142.443-57.78-155.5-133C80.388 341.28 64 325.84 64 304s16.388-37.28 36.5-43c11.86-68.332 65.96-122.195 134.5-131.5-6.238-9.182-19.07-17.5-43-17.5V80zm64 80c-65.484 0-119.382 49.938-126.5 114l-1.5 14h-16c-8.873 0-16 7.127-16 16s7.127 16 16 16h16l1.5 14c7.118 64.06 61.016 114 126.5 114s119.382-49.938 126.5-114l1.5-14h16c8.873 0 16-7.127 16-16s-7.127-16-16-16h-14l-2-14c-8.574-64.305-62.516-114-128-114zm-56 128c13.255 0 24 10.745 24 24s-10.745 24-24 24-24-10.745-24-24 10.745-24 24-24zm112 0c13.255 0 24 10.745 24 24s-10.745 24-24 24-24-10.745-24-24 10.745-24 24-24z\"><\/path><\/svg><\/span><\/div>\n              <\/div>\n            <\/div>\n          <\/div>\n          <div class=\"h-column h-column-container d-flex h-col-lg h-col-md h-col-auto style-6931-outer style-local-5720-c6-outer\">\n            <div data-colibri-id=\"5720-c6\" class=\"d-flex h-flex-basis h-column__inner h-px-lg-2 h-px-md-2 h-px-2 v-inner-lg-2 v-inner-md-2 v-inner-2 style-6931 style-local-5720-c6 position-relative\">\n              <!---->\n              <!---->\n              <div class=\"w-100 h-y-container h-column__content h-column__v-align flex-basis-100 align-self-lg-start align-self-md-start align-self-start\">\n                <!---->\n                <div data-colibri-id=\"5720-c7\" class=\"h-global-transition-all h-heading style-6932 style-local-5720-c7 position-relative h-element\">\n                  <!---->\n                  <div class=\"h-heading__outer style-6932 style-local-5720-c7\">\n                    <!---->\n                    <!---->\n                    <h3 class=\"\">PROGRAMA LA NI\u00d1EZ Y ADOLESCENCIA SE DEFIENDEN (NAD)<\/h3>\n                  <\/div>\n                <\/div>\n                <div data-colibri-id=\"5720-c8\" class=\"h-text h-text-component style-6937 style-local-5720-c8 position-relative h-element\">\n                  <!---->\n                  <!---->\n                  <div class=\"\">\n                    <p>El Programa tiene como objetivo garantizar el Acceso a la Justicia de ni\u00f1os, ni\u00f1as y adolescentes (NNA), en casos en los que se requiera un abogado o abogada especializada y aut\u00f3noma, esto es, profesionales que se dediquen a defender\n                      los derechos \u00fanicamente de NNA, a fin de asegurar su comparecencia y participaci\u00f3n en las decisiones que les afectan como sujetos de derecho, en el marco del debido proceso y desde una perspectiva centrada en los derechos humanos\n                      de los NNA.<\/p>\n                  <\/div>\n                <\/div>\n                <div data-colibri-id=\"5720-c9\" class=\"h-divider style-6933 style-local-5720-c9 position-relative h-element\">\n                  <!----><span class=\"h-divider__line style-6933-line style-local-5720-c9-line style-6933-line style-local-5720-c9-line\"><\/span><\/div>\n                <div data-colibri-id=\"5720-c10\" class=\"h-row-container gutters-row-lg-0 gutters-row-md-0 gutters-row-0 gutters-row-v-lg-0 gutters-row-v-md-0 gutters-row-v-0 style-6934 style-local-5720-c10 position-relative\">\n                  <!---->\n                  <div class=\"h-row justify-content-lg-center justify-content-md-center justify-content-center align-items-lg-stretch align-items-md-stretch align-items-stretch gutters-col-lg-0 gutters-col-md-0 gutters-col-0 gutters-col-v-lg-0 gutters-col-v-md-0 gutters-col-v-0\">\n                    <!---->\n                    <div class=\"h-column h-column-container d-flex h-col-lg-auto h-col-md-auto h-col-auto style-6935-outer style-local-5720-c11-outer\">\n                      <div data-colibri-id=\"5720-c11\" class=\"d-flex h-flex-basis h-column__inner h-px-lg-2 h-px-md-2 h-px-2 v-inner-lg-2 v-inner-md-2 v-inner-2 style-6935 style-local-5720-c11 position-relative\">\n                        <!---->\n                        <!---->\n                        <div class=\"w-100 h-y-container h-column__content h-column__v-align flex-basis-100 align-self-lg-start align-self-md-start align-self-start\">\n                          <!---->\n                          <div data-colibri-id=\"5720-c12\" class=\"h-text h-text-component style-6936 style-local-5720-c12 position-relative h-element\">\n                            <!---->\n                            <!---->\n                            <div class=\"\">\n                              <p><strong>\u00bfQu\u00e9 hace el Programa?<\/strong><\/p>\n                              <ul>\n                                <li>Asumir la curadur\u00eda ad litem de los ni\u00f1os,ni\u00f1as y adolescentes (NNA). <\/li>\n                                <li>Atender a las necesidades jur\u00eddicas de los NNA.<\/li>\n                                <li>Ejercer acciones y defensas de los NNA en los asuntos en que han sido designados como curado ad litem.<\/li>\n                                <li>Velar por el reconocimiento de sus representados como sujetos de derecho.<\/li>\n                              <\/ul>\n                            <\/div>\n                          <\/div>\n                        <\/div>\n                      <\/div>\n                    <\/div>\n                    <div class=\"h-column h-column-container d-flex h-col-lg-auto h-col-md-auto h-col-auto style-6935-outer style-local-5720-c13-outer\">\n                      <div data-colibri-id=\"5720-c13\" class=\"d-flex h-flex-basis h-column__inner h-px-lg-2 h-px-md-2 h-px-2 v-inner-lg-2 v-inner-md-2 v-inner-2 style-6935 style-local-5720-c13 position-relative\">\n                        <!---->\n                        <!---->\n                        <div class=\"w-100 h-y-container h-column__content h-column__v-align flex-basis-100 align-self-lg-start align-self-md-start align-self-start\">\n                          <!---->\n                          <div data-colibri-id=\"5720-c14\" class=\"h-text h-text-component style-6936 style-local-5720-c14 position-relative h-element\">\n                            <!---->\n                            <!---->\n                            <div class=\"\">\n                              <p><strong>\u00bfA qui\u00e9nes atienden?<\/strong><\/p>\n                              <ul>\n                                <li>Ni\u00f1os, ni\u00f1as y adolescentes sujetos a una medida de protecci\u00f3n de <span style=\"font-weight: 400; font-size: 16px; font-family: &quot;Open Sans&quot;; color: rgb(70, 112, 127);\"> mediana o leve complejidad<\/span><\/li>\n                                <li>&nbsp;Ni\u00f1os, ni\u00f1as y adolescentes involucrados en causas de adopci\u00f3n que implique una regularizaci\u00f3n.<\/li>\n                                <li>Ni\u00f1os, ni\u00f1as y adolescentes por cambios de sexo registral.<\/li>\n                                <li>Ni\u00f1os, ni\u00f1as y adolescentes que sean parte de una causa contenciosa que afecte sus intereses.<\/li>\n                              <\/ul>\n                              <p>\n                                <br>\n                              <\/p>\n                            <\/div>\n                          <\/div>\n                        <\/div>\n                      <\/div>\n                    <\/div>\n                    <div class=\"h-column h-column-container d-flex h-col-lg-auto h-col-md-auto h-col-auto style-6935-outer style-local-5720-c15-outer\">\n                      <div data-colibri-id=\"5720-c15\" class=\"d-flex h-flex-basis h-column__inner h-px-lg-2 h-px-md-2 h-px-2 v-inner-lg-2 v-inner-md-2 v-inner-2 style-6935 style-local-5720-c15 position-relative\">\n                        <!---->\n                        <!---->\n                        <div class=\"w-100 h-y-container h-column__content h-column__v-align flex-basis-100 align-self-lg-start align-self-md-start align-self-start\">\n                          <!---->\n                          <div data-colibri-id=\"5720-c16\" class=\"h-text h-text-component style-6936 style-local-5720-c16 position-relative h-element\">\n                            <!---->\n                            <!---->\n                            <div class=\"\">\n                              <p><strong>\u00bfQui\u00e9nes conforman el equipo? <\/strong><\/p>\n                              <p><strong><span class=\"ql-cursor\">\ufeff<\/span><\/strong>El Programa est\u00e1 conformado por abogados y abogadas, trabajadores y trabajadoras sociales, administrativos y administrativas.<\/p>\n                              <p><strong>\u00bfCu\u00e1l es la cobertura?<\/strong><\/p>\n                              <p>Regiones de Atacama, Coquimbo y Valpara\u00edso.<\/p>\n                            <\/div>\n                          <\/div>\n                        <\/div>\n                      <\/div>\n                    <\/div>\n                  <\/div>\n                <\/div>\n              <\/div>\n            <\/div>\n          <\/div>\n        <\/div>\n      <\/div>\n    <\/div>\n  <\/div>\n<\/div>","protected":false},"excerpt":{"rendered":"<p>PROGRAMA LA NI\u00d1EZ Y ADOLESCENCIA SE DEFIENDEN (NAD) El Programa tiene como objetivo garantizar el Acceso a la Justicia de ni\u00f1os, ni\u00f1as y adolescentes (NNA), en casos en los que se requiera un abogado o abogada especializada y aut\u00f3noma, esto es, profesionales que se dediquen a defender los derechos \u00fanicamente de NNA, a fin de [&hellip;]<\/p>\n","protected":false},"author":3,"featured_media":0,"parent":0,"menu_order":0,"comment_status":"closed","ping_status":"closed","template":"page-templates\/full-width-page.php","meta":{"footnotes":""},"class_list":["post-5720","page","type-page","status-publish","hentry"],"yoast_head":"<!-- This site is optimized with the Yoast SEO plugin v27.6 - https:\/\/yoast.com\/product\/yoast-seo-wordpress\/ -->\n<title>PROGRAMA LA NI\u00d1EZ Y ADOLESCENCIA SE DEFIENDEN - CAJVAL<\/title>\n<meta name=\"robots\" content=\"index, follow, max-snippet:-1, max-image-preview:large, max-video-preview:-1\" \/>\n<link rel=\"canonical\" href=\"https:\/\/cajval.cl\/index2.php\/index.php\/programa-la-ninez-y-adolescencia-se-defienden\/\" \/>\n<meta property=\"og:locale\" content=\"es_ES\" \/>\n<meta property=\"og:type\" content=\"article\" \/>\n<meta property=\"og:title\" content=\"PROGRAMA LA NI\u00d1EZ Y ADOLESCENCIA SE DEFIENDEN - CAJVAL\" \/>\n<meta property=\"og:description\" content=\"PROGRAMA LA NI\u00d1EZ Y ADOLESCENCIA SE DEFIENDEN (NAD) El Programa tiene como objetivo garantizar el Acceso a la Justicia de ni\u00f1os, ni\u00f1as y adolescentes (NNA), en casos en los que se requiera un abogado o abogada especializada y aut\u00f3noma, esto es, profesionales que se dediquen a defender los derechos \u00fanicamente de NNA, a fin de [&hellip;]\" \/>\n<meta property=\"og:url\" content=\"https:\/\/cajval.cl\/index2.php\/index.php\/programa-la-ninez-y-adolescencia-se-defienden\/\" \/>\n<meta property=\"og:site_name\" content=\"CAJVAL\" \/>\n<meta property=\"article:modified_time\" content=\"2024-05-30T23:34:55+00:00\" \/>\n<meta name=\"twitter:card\" content=\"summary_large_image\" \/>\n<meta name=\"twitter:label1\" content=\"Tiempo de lectura\" \/>\n\t<meta name=\"twitter:data1\" content=\"2 minutos\" \/>\n<script type=\"application\/ld+json\" class=\"yoast-schema-graph\">{\"@context\":\"https:\\\/\\\/schema.org\",\"@graph\":[{\"@type\":\"WebPage\",\"@id\":\"https:\\\/\\\/cajval.cl\\\/index2.php\\\/index.php\\\/programa-la-ninez-y-adolescencia-se-defienden\\\/\",\"url\":\"https:\\\/\\\/cajval.cl\\\/index2.php\\\/index.php\\\/programa-la-ninez-y-adolescencia-se-defienden\\\/\",\"name\":\"PROGRAMA LA NI\u00d1EZ Y ADOLESCENCIA SE DEFIENDEN - CAJVAL\",\"isPartOf\":{\"@id\":\"https:\\\/\\\/cajval.cl\\\/index2.php\\\/#website\"},\"datePublished\":\"2024-05-15T19:26:45+00:00\",\"dateModified\":\"2024-05-30T23:34:55+00:00\",\"breadcrumb\":{\"@id\":\"https:\\\/\\\/cajval.cl\\\/index2.php\\\/index.php\\\/programa-la-ninez-y-adolescencia-se-defienden\\\/#breadcrumb\"},\"inLanguage\":\"es\",\"potentialAction\":[{\"@type\":\"ReadAction\",\"target\":[\"https:\\\/\\\/cajval.cl\\\/index2.php\\\/index.php\\\/programa-la-ninez-y-adolescencia-se-defienden\\\/\"]}]},{\"@type\":\"BreadcrumbList\",\"@id\":\"https:\\\/\\\/cajval.cl\\\/index2.php\\\/index.php\\\/programa-la-ninez-y-adolescencia-se-defienden\\\/#breadcrumb\",\"itemListElement\":[{\"@type\":\"ListItem\",\"position\":1,\"name\":\"Portada\",\"item\":\"https:\\\/\\\/cajval.cl\\\/index2.php\\\/\"},{\"@type\":\"ListItem\",\"position\":2,\"name\":\"PROGRAMA LA NI\u00d1EZ Y ADOLESCENCIA SE DEFIENDEN\"}]},{\"@type\":\"WebSite\",\"@id\":\"https:\\\/\\\/cajval.cl\\\/index2.php\\\/#website\",\"url\":\"https:\\\/\\\/cajval.cl\\\/index2.php\\\/\",\"name\":\"CAJVAL\",\"description\":\"CAJVAL\",\"publisher\":{\"@id\":\"https:\\\/\\\/cajval.cl\\\/index2.php\\\/#organization\"},\"potentialAction\":[{\"@type\":\"SearchAction\",\"target\":{\"@type\":\"EntryPoint\",\"urlTemplate\":\"https:\\\/\\\/cajval.cl\\\/index2.php\\\/?s={search_term_string}\"},\"query-input\":{\"@type\":\"PropertyValueSpecification\",\"valueRequired\":true,\"valueName\":\"search_term_string\"}}],\"inLanguage\":\"es\"},{\"@type\":\"Organization\",\"@id\":\"https:\\\/\\\/cajval.cl\\\/index2.php\\\/#organization\",\"name\":\"CAJVAL\",\"url\":\"https:\\\/\\\/cajval.cl\\\/index2.php\\\/\",\"logo\":{\"@type\":\"ImageObject\",\"inLanguage\":\"es\",\"@id\":\"https:\\\/\\\/cajval.cl\\\/index2.php\\\/#\\\/schema\\\/logo\\\/image\\\/\",\"url\":\"https:\\\/\\\/cajval.cl\\\/wp-content\\\/uploads\\\/2024\\\/04\\\/LOGO3REGIONES.png\",\"contentUrl\":\"https:\\\/\\\/cajval.cl\\\/wp-content\\\/uploads\\\/2024\\\/04\\\/LOGO3REGIONES.png\",\"width\":625,\"height\":567,\"caption\":\"CAJVAL\"},\"image\":{\"@id\":\"https:\\\/\\\/cajval.cl\\\/index2.php\\\/#\\\/schema\\\/logo\\\/image\\\/\"}}]}<\/script>\n<!-- \/ Yoast SEO plugin. -->","yoast_head_json":{"title":"PROGRAMA LA NI\u00d1EZ Y ADOLESCENCIA SE DEFIENDEN - CAJVAL","robots":{"index":"index","follow":"follow","max-snippet":"max-snippet:-1","max-image-preview":"max-image-preview:large","max-video-preview":"max-video-preview:-1"},"canonical":"https:\/\/cajval.cl\/index2.php\/index.php\/programa-la-ninez-y-adolescencia-se-defienden\/","og_locale":"es_ES","og_type":"article","og_title":"PROGRAMA LA NI\u00d1EZ Y ADOLESCENCIA SE DEFIENDEN - CAJVAL","og_description":"PROGRAMA LA NI\u00d1EZ Y ADOLESCENCIA SE DEFIENDEN (NAD) El Programa tiene como objetivo garantizar el Acceso a la Justicia de ni\u00f1os, ni\u00f1as y adolescentes (NNA), en casos en los que se requiera un abogado o abogada especializada y aut\u00f3noma, esto es, profesionales que se dediquen a defender los derechos \u00fanicamente de NNA, a fin de [&hellip;]","og_url":"https:\/\/cajval.cl\/index2.php\/index.php\/programa-la-ninez-y-adolescencia-se-defienden\/","og_site_name":"CAJVAL","article_modified_time":"2024-05-30T23:34:55+00:00","twitter_card":"summary_large_image","twitter_misc":{"Tiempo de lectura":"2 minutos"},"schema":{"@context":"https:\/\/schema.org","@graph":[{"@type":"WebPage","@id":"https:\/\/cajval.cl\/index2.php\/index.php\/programa-la-ninez-y-adolescencia-se-defienden\/","url":"https:\/\/cajval.cl\/index2.php\/index.php\/programa-la-ninez-y-adolescencia-se-defienden\/","name":"PROGRAMA LA NI\u00d1EZ Y ADOLESCENCIA SE DEFIENDEN - CAJVAL","isPartOf":{"@id":"https:\/\/cajval.cl\/index2.php\/#website"},"datePublished":"2024-05-15T19:26:45+00:00","dateModified":"2024-05-30T23:34:55+00:00","breadcrumb":{"@id":"https:\/\/cajval.cl\/index2.php\/index.php\/programa-la-ninez-y-adolescencia-se-defienden\/#breadcrumb"},"inLanguage":"es","potentialAction":[{"@type":"ReadAction","target":["https:\/\/cajval.cl\/index2.php\/index.php\/programa-la-ninez-y-adolescencia-se-defienden\/"]}]},{"@type":"BreadcrumbList","@id":"https:\/\/cajval.cl\/index2.php\/index.php\/programa-la-ninez-y-adolescencia-se-defienden\/#breadcrumb","itemListElement":[{"@type":"ListItem","position":1,"name":"Portada","item":"https:\/\/cajval.cl\/index2.php\/"},{"@type":"ListItem","position":2,"name":"PROGRAMA LA NI\u00d1EZ Y ADOLESCENCIA SE DEFIENDEN"}]},{"@type":"WebSite","@id":"https:\/\/cajval.cl\/index2.php\/#website","url":"https:\/\/cajval.cl\/index2.php\/","name":"CAJVAL","description":"CAJVAL","publisher":{"@id":"https:\/\/cajval.cl\/index2.php\/#organization"},"potentialAction":[{"@type":"SearchAction","target":{"@type":"EntryPoint","urlTemplate":"https:\/\/cajval.cl\/index2.php\/?s={search_term_string}"},"query-input":{"@type":"PropertyValueSpecification","valueRequired":true,"valueName":"search_term_string"}}],"inLanguage":"es"},{"@type":"Organization","@id":"https:\/\/cajval.cl\/index2.php\/#organization","name":"CAJVAL","url":"https:\/\/cajval.cl\/index2.php\/","logo":{"@type":"ImageObject","inLanguage":"es","@id":"https:\/\/cajval.cl\/index2.php\/#\/schema\/logo\/image\/","url":"https:\/\/cajval.cl\/wp-content\/uploads\/2024\/04\/LOGO3REGIONES.png","contentUrl":"https:\/\/cajval.cl\/wp-content\/uploads\/2024\/04\/LOGO3REGIONES.png","width":625,"height":567,"caption":"CAJVAL"},"image":{"@id":"https:\/\/cajval.cl\/index2.php\/#\/schema\/logo\/image\/"}}]}},"_links":{"self":[{"href":"https:\/\/cajval.cl\/index2.php\/index.php\/wp-json\/wp\/v2\/pages\/5720","targetHints":{"allow":["GET"]}}],"collection":[{"href":"https:\/\/cajval.cl\/index2.php\/index.php\/wp-json\/wp\/v2\/pages"}],"about":[{"href":"https:\/\/cajval.cl\/index2.php\/index.php\/wp-json\/wp\/v2\/types\/page"}],"author":[{"embeddable":true,"href":"https:\/\/cajval.cl\/index2.php\/index.php\/wp-json\/wp\/v2\/users\/3"}],"replies":[{"embeddable":true,"href":"https:\/\/cajval.cl\/index2.php\/index.php\/wp-json\/wp\/v2\/comments?post=5720"}],"version-history":[{"count":4,"href":"https:\/\/cajval.cl\/index2.php\/index.php\/wp-json\/wp\/v2\/pages\/5720\/revisions"}],"predecessor-version":[{"id":7433,"href":"https:\/\/cajval.cl\/index2.php\/index.php\/wp-json\/wp\/v2\/pages\/5720\/revisions\/7433"}],"wp:attachment":[{"href":"https:\/\/cajval.cl\/index2.php\/index.php\/wp-json\/wp\/v2\/media?parent=5720"}],"curies":[{"name":"wp","href":"https:\/\/api.w.org\/{rel}","templated":true}]}}