{"id":5718,"date":"2024-05-15T19:24:59","date_gmt":"2024-05-15T19:24:59","guid":{"rendered":"https:\/\/cajval.cl\/index2.php\/?page_id=5718"},"modified":"2024-05-22T16:13:05","modified_gmt":"2024-05-22T16:13:05","slug":"programa-mi-abogado","status":"publish","type":"page","link":"https:\/\/cajval.cl\/index2.php\/index.php\/programa-mi-abogado\/","title":{"rendered":"PROGRAMA MI ABOGADO"},"content":{"rendered":"<div data-colibri-id=\"5718-c1\" class=\"style-6914 style-local-5718-c1 position-relative\">\n  <!---->\n  <div data-colibri-component=\"section\" data-colibri-id=\"5718-c2\" id=\"features\" class=\"h-section h-section-global-spacing d-flex align-items-lg-center align-items-md-center align-items-center style-6915 style-local-5718-c2 position-relative\">\n    <!---->\n    <!---->\n    <div class=\"h-section-grid-container h-section-boxed-container\">\n      <!---->\n      <div data-colibri-id=\"5718-c3\" class=\"h-row-container gutters-row-lg-2 gutters-row-md-2 gutters-row-0 gutters-row-v-lg-2 gutters-row-v-md-2 gutters-row-v-2 style-6916 style-local-5718-c3 position-relative\">\n        <!---->\n        <div class=\"h-row justify-content-lg-center justify-content-md-center justify-content-center align-items-lg-stretch align-items-md-stretch align-items-stretch gutters-col-lg-2 gutters-col-md-2 gutters-col-0 gutters-col-v-lg-2 gutters-col-v-md-2 gutters-col-v-2\">\n          <!---->\n          <div class=\"h-column h-column-container d-flex h-col-lg-auto h-col-md-auto h-col-auto style-6917-outer style-local-5718-c4-outer\">\n            <div data-colibri-id=\"5718-c4\" class=\"d-flex h-flex-basis h-column__inner h-px-lg-2 h-px-md-2 h-px-2 v-inner-lg-2 v-inner-md-2 v-inner-2 style-6917 style-local-5718-c4 position-relative\">\n              <!---->\n              <!---->\n              <div class=\"w-100 h-y-container h-column__content h-column__v-align flex-basis-auto align-self-lg-start align-self-md-start align-self-start\">\n                <!---->\n                <div data-colibri-id=\"5718-c5\" class=\"h-icon style-6918 style-local-5718-c5 position-relative h-element\">\n                  <!----><span class=\"h-svg-icon h-icon__icon style-6918-icon style-local-5718-c5-icon\"><!--Icon by Font Awesome (https:\/\/fontawesome.com)-->\n    <svg version=\"1.1\" xmlns=\"http:\/\/www.w3.org\/2000\/svg\" xmlns:xlink=\"http:\/\/www.w3.org\/1999\/xlink\" id=\"child\" viewBox=\"0 0 1280 1896.0833\">\n      <path d=\"M1188 548L896 840v824q0 46-33 79t-79 33-79-33-33-79v-384h-64v384q0 46-33 79t-79 33-79-33-33-79V840L92 548q-28-28-28-68t28-68q29-28 68.5-28t67.5 28l228 228h368l228-228q28-28 68-28t68 28q28 29 28 68.5t-28 67.5zM864 384q0 93-65.5 158.5T640 608t-158.5-65.5T416 384t65.5-158.5T640 160t158.5 65.5T864 384z\"><\/path>\n    <\/svg><\/span><\/div>\n              <\/div>\n            <\/div>\n          <\/div>\n          <div class=\"h-column h-column-container d-flex h-col-lg h-col-md h-col-auto style-6919-outer style-local-5718-c6-outer\">\n            <div data-colibri-id=\"5718-c6\" class=\"d-flex h-flex-basis h-column__inner h-px-lg-2 h-px-md-2 h-px-2 v-inner-lg-2 v-inner-md-2 v-inner-2 style-6919 style-local-5718-c6 position-relative\">\n              <!---->\n              <!---->\n              <div class=\"w-100 h-y-container h-column__content h-column__v-align flex-basis-100 align-self-lg-start align-self-md-start align-self-start\">\n                <!---->\n                <div data-colibri-id=\"5718-c7\" class=\"h-global-transition-all h-heading style-6920 style-local-5718-c7 position-relative h-element\">\n                  <!---->\n                  <div class=\"h-heading__outer style-6920 style-local-5718-c7\">\n                    <!---->\n                    <!---->\n                    <h3 class=\"\">PROGRAMA MI ABOGADO (PMA)<\/h3>\n                  <\/div>\n                <\/div>\n                <div data-colibri-id=\"5718-c16\" class=\"h-text h-text-component style-6925 style-local-5718-c16 position-relative h-element\">\n                  <!---->\n                  <!---->\n                  <div class=\"\">\n                    <p>El Programa Mi Abogado tiene como objetivo contribuir a la restituci\u00f3n de derechos de los ni\u00f1os, ni\u00f1as y adolescentes (NNA) que se encuentran bajo la protecci\u00f3n del Estado, garantizando el acceso a la justicia y a la igualdad en la\n                      protecci\u00f3n de la ley, a trav\u00e9s de asesoramiento, representaci\u00f3n y defensa jur\u00eddica especializada e interdisciplinaria.<\/p>\n                    <p>Adem\u00e1s, garantizar el goce y ejercicio de todos los derechos de los NNA, a trav\u00e9s del acceso a mecanismos judiciales y\/o administrativos que, en lo posible, permitan la mantenci\u00f3n o restituci\u00f3n de su derecho a vivir en familia y\/o\n                      permitan prevenir la separaci\u00f3n familiar.<\/p>\n                  <\/div>\n                <\/div>\n                <div data-colibri-id=\"5718-c8\" class=\"h-divider style-6921 style-local-5718-c8 position-relative h-element\">\n                  <!----><span class=\"h-divider__line style-6921-line style-local-5718-c8-line style-6921-line style-local-5718-c8-line\"><\/span><\/div>\n                <div data-colibri-id=\"5718-c9\" class=\"h-row-container gutters-row-lg-0 gutters-row-md-0 gutters-row-0 gutters-row-v-lg-0 gutters-row-v-md-0 gutters-row-v-0 style-6922 style-local-5718-c9 position-relative\">\n                  <!---->\n                  <div class=\"h-row justify-content-lg-center justify-content-md-center justify-content-center align-items-lg-stretch align-items-md-stretch align-items-stretch gutters-col-lg-0 gutters-col-md-0 gutters-col-0 gutters-col-v-lg-0 gutters-col-v-md-0 gutters-col-v-0\">\n                    <!---->\n                    <div class=\"h-column h-column-container d-flex h-col-lg-6 h-col-md-6 h-col-12 style-6923-outer style-local-5718-c10-outer\">\n                      <div data-colibri-id=\"5718-c10\" class=\"d-flex h-flex-basis h-column__inner h-px-lg-2 h-px-md-2 h-px-2 v-inner-lg-2 v-inner-md-2 v-inner-2 style-6923 style-local-5718-c10 position-relative\">\n                        <!---->\n                        <!---->\n                        <div class=\"w-100 h-y-container h-column__content h-column__v-align flex-basis-100 align-self-lg-start align-self-md-start align-self-start\">\n                          <!---->\n                          <div data-colibri-id=\"5718-c11\" class=\"h-text h-text-component style-6924 style-local-5718-c11 position-relative h-element\">\n                            <!---->\n                            <!---->\n                            <div class=\"\">\n                              <p><strong>\u00bfQu\u00e9 hace el Programa? <\/strong><\/p>\n                              <p>Desarrollar una intervenci\u00f3n interdisciplinaria en triada psicosociojur\u00eddica, que garantice el ejercicio efectivo de los derechos de los NNA.<\/p>\n                              <p>Asegurar la representaci\u00f3n y defensa jur\u00eddica integral, especializada y oportuna.<\/p>\n                              <p>Contribuir a la articulaci\u00f3n, coordinaci\u00f3n y relacionamiento de la red intersectorial e interinstitucional que conforman el Sistema de Garant\u00edas y de Protecci\u00f3n Integral de Derechos de la Ni\u00f1ez y Adolescencia.<\/p>\n                              <p>Velar por el debido cumplimiento y mantenci\u00f3n del est\u00e1ndar de calidad de la intervenci\u00f3n.<\/p>\n                            <\/div>\n                          <\/div>\n                        <\/div>\n                      <\/div>\n                    <\/div>\n                    <div class=\"h-column h-column-container d-flex h-col-lg-6 h-col-md-6 h-col-12 style-6923-outer style-local-5718-c12-outer\">\n                      <div data-colibri-id=\"5718-c12\" class=\"d-flex h-flex-basis h-column__inner h-px-lg-2 h-px-md-2 h-px-2 v-inner-lg-2 v-inner-md-2 v-inner-2 style-6923 style-local-5718-c12 position-relative\">\n                        <!---->\n                        <!---->\n                        <div class=\"w-100 h-y-container h-column__content h-column__v-align flex-basis-100 align-self-lg-start align-self-md-start align-self-start\">\n                          <!---->\n                          <div data-colibri-id=\"5718-c13\" class=\"h-text h-text-component style-6924 style-local-5718-c13 position-relative h-element\">\n                            <!---->\n                            <!---->\n                            <div class=\"\">\n                              <p><strong>\u00bfA qui\u00e9nes atiende?<\/strong><\/p>\n                              <p>Ni\u00f1os, ni\u00f1as y adolescentes privados de su derecho de vivir en familia o que han experimentado situaciones de vulneraci\u00f3n de derechos que amerite el ingreso al Programa.<\/p>\n                            <\/div>\n                          <\/div>\n                          <div data-colibri-id=\"5718-c15\" class=\"h-text h-text-component style-6924 style-local-5718-c15 position-relative h-element\">\n                            <!---->\n                            <!---->\n                            <div class=\"\">\n                              <p><strong>\u00bfQui\u00e9nes conforman el equipo? <\/strong><\/p>\n                              <p>&nbsp;Est\u00e1 conformado por abogadas y abogados, psic\u00f3logas y psic\u00f3logos, trabajadoras y trabajadores sociales, administrativos y administrativos.<\/p>\n                            <\/div>\n                          <\/div>\n                          <div data-colibri-id=\"5718-c17\" class=\"h-text h-text-component style-6924 style-local-5718-c17 position-relative h-element\">\n                            <!---->\n                            <!---->\n                            <div class=\"\">\n                              <p><strong>\u00bfCu\u00e1l es la cobertura?<\/strong><\/p>\n                              <p>Regiones de Atacama, Coquimbo y Valpara\u00edso.<\/p>\n                            <\/div>\n                          <\/div>\n                        <\/div>\n                      <\/div>\n                    <\/div>\n                  <\/div>\n                <\/div>\n              <\/div>\n            <\/div>\n          <\/div>\n        <\/div>\n      <\/div>\n    <\/div>\n  <\/div>\n<\/div>","protected":false},"excerpt":{"rendered":"<p>PROGRAMA MI ABOGADO (PMA) El Programa Mi Abogado tiene como objetivo contribuir a la restituci\u00f3n de derechos de los ni\u00f1os, ni\u00f1as y adolescentes (NNA) que se encuentran bajo la protecci\u00f3n del Estado, garantizando el acceso a la justicia y a la igualdad en la protecci\u00f3n de la ley, a trav\u00e9s de asesoramiento, representaci\u00f3n y defensa [&hellip;]<\/p>\n","protected":false},"author":3,"featured_media":0,"parent":0,"menu_order":0,"comment_status":"closed","ping_status":"closed","template":"page-templates\/full-width-page.php","meta":{"footnotes":""},"class_list":["post-5718","page","type-page","status-publish","hentry"],"yoast_head":"<!-- This site is optimized with the Yoast SEO plugin v27.4 - https:\/\/yoast.com\/product\/yoast-seo-wordpress\/ -->\n<title>PROGRAMA MI ABOGADO - CAJVAL<\/title>\n<meta name=\"robots\" content=\"index, follow, max-snippet:-1, max-image-preview:large, max-video-preview:-1\" \/>\n<link rel=\"canonical\" href=\"https:\/\/cajval.cl\/index2.php\/index.php\/programa-mi-abogado\/\" \/>\n<meta property=\"og:locale\" content=\"es_ES\" \/>\n<meta property=\"og:type\" content=\"article\" \/>\n<meta property=\"og:title\" content=\"PROGRAMA MI ABOGADO - CAJVAL\" \/>\n<meta property=\"og:description\" content=\"PROGRAMA MI ABOGADO (PMA) El Programa Mi Abogado tiene como objetivo contribuir a la restituci\u00f3n de derechos de los ni\u00f1os, ni\u00f1as y adolescentes (NNA) que se encuentran bajo la protecci\u00f3n del Estado, garantizando el acceso a la justicia y a la igualdad en la protecci\u00f3n de la ley, a trav\u00e9s de asesoramiento, representaci\u00f3n y defensa [&hellip;]\" \/>\n<meta property=\"og:url\" content=\"https:\/\/cajval.cl\/index2.php\/index.php\/programa-mi-abogado\/\" \/>\n<meta property=\"og:site_name\" content=\"CAJVAL\" \/>\n<meta property=\"article:modified_time\" content=\"2024-05-22T16:13:05+00:00\" \/>\n<meta name=\"twitter:card\" content=\"summary_large_image\" \/>\n<script type=\"application\/ld+json\" class=\"yoast-schema-graph\">{\"@context\":\"https:\\\/\\\/schema.org\",\"@graph\":[{\"@type\":\"WebPage\",\"@id\":\"https:\\\/\\\/cajval.cl\\\/index2.php\\\/index.php\\\/programa-mi-abogado\\\/\",\"url\":\"https:\\\/\\\/cajval.cl\\\/index2.php\\\/index.php\\\/programa-mi-abogado\\\/\",\"name\":\"PROGRAMA MI ABOGADO - CAJVAL\",\"isPartOf\":{\"@id\":\"https:\\\/\\\/cajval.cl\\\/index2.php\\\/#website\"},\"datePublished\":\"2024-05-15T19:24:59+00:00\",\"dateModified\":\"2024-05-22T16:13:05+00:00\",\"breadcrumb\":{\"@id\":\"https:\\\/\\\/cajval.cl\\\/index2.php\\\/index.php\\\/programa-mi-abogado\\\/#breadcrumb\"},\"inLanguage\":\"es\",\"potentialAction\":[{\"@type\":\"ReadAction\",\"target\":[\"https:\\\/\\\/cajval.cl\\\/index2.php\\\/index.php\\\/programa-mi-abogado\\\/\"]}]},{\"@type\":\"BreadcrumbList\",\"@id\":\"https:\\\/\\\/cajval.cl\\\/index2.php\\\/index.php\\\/programa-mi-abogado\\\/#breadcrumb\",\"itemListElement\":[{\"@type\":\"ListItem\",\"position\":1,\"name\":\"Portada\",\"item\":\"https:\\\/\\\/cajval.cl\\\/index2.php\\\/\"},{\"@type\":\"ListItem\",\"position\":2,\"name\":\"PROGRAMA MI ABOGADO\"}]},{\"@type\":\"WebSite\",\"@id\":\"https:\\\/\\\/cajval.cl\\\/index2.php\\\/#website\",\"url\":\"https:\\\/\\\/cajval.cl\\\/index2.php\\\/\",\"name\":\"CAJVAL\",\"description\":\"CAJVAL\",\"publisher\":{\"@id\":\"https:\\\/\\\/cajval.cl\\\/index2.php\\\/#organization\"},\"potentialAction\":[{\"@type\":\"SearchAction\",\"target\":{\"@type\":\"EntryPoint\",\"urlTemplate\":\"https:\\\/\\\/cajval.cl\\\/index2.php\\\/?s={search_term_string}\"},\"query-input\":{\"@type\":\"PropertyValueSpecification\",\"valueRequired\":true,\"valueName\":\"search_term_string\"}}],\"inLanguage\":\"es\"},{\"@type\":\"Organization\",\"@id\":\"https:\\\/\\\/cajval.cl\\\/index2.php\\\/#organization\",\"name\":\"CAJVAL\",\"url\":\"https:\\\/\\\/cajval.cl\\\/index2.php\\\/\",\"logo\":{\"@type\":\"ImageObject\",\"inLanguage\":\"es\",\"@id\":\"https:\\\/\\\/cajval.cl\\\/index2.php\\\/#\\\/schema\\\/logo\\\/image\\\/\",\"url\":\"https:\\\/\\\/cajval.cl\\\/wp-content\\\/uploads\\\/2024\\\/04\\\/LOGO3REGIONES.png\",\"contentUrl\":\"https:\\\/\\\/cajval.cl\\\/wp-content\\\/uploads\\\/2024\\\/04\\\/LOGO3REGIONES.png\",\"width\":625,\"height\":567,\"caption\":\"CAJVAL\"},\"image\":{\"@id\":\"https:\\\/\\\/cajval.cl\\\/index2.php\\\/#\\\/schema\\\/logo\\\/image\\\/\"}}]}<\/script>\n<!-- \/ Yoast SEO plugin. -->","yoast_head_json":{"title":"PROGRAMA MI ABOGADO - CAJVAL","robots":{"index":"index","follow":"follow","max-snippet":"max-snippet:-1","max-image-preview":"max-image-preview:large","max-video-preview":"max-video-preview:-1"},"canonical":"https:\/\/cajval.cl\/index2.php\/index.php\/programa-mi-abogado\/","og_locale":"es_ES","og_type":"article","og_title":"PROGRAMA MI ABOGADO - CAJVAL","og_description":"PROGRAMA MI ABOGADO (PMA) El Programa Mi Abogado tiene como objetivo contribuir a la restituci\u00f3n de derechos de los ni\u00f1os, ni\u00f1as y adolescentes (NNA) que se encuentran bajo la protecci\u00f3n del Estado, garantizando el acceso a la justicia y a la igualdad en la protecci\u00f3n de la ley, a trav\u00e9s de asesoramiento, representaci\u00f3n y defensa [&hellip;]","og_url":"https:\/\/cajval.cl\/index2.php\/index.php\/programa-mi-abogado\/","og_site_name":"CAJVAL","article_modified_time":"2024-05-22T16:13:05+00:00","twitter_card":"summary_large_image","schema":{"@context":"https:\/\/schema.org","@graph":[{"@type":"WebPage","@id":"https:\/\/cajval.cl\/index2.php\/index.php\/programa-mi-abogado\/","url":"https:\/\/cajval.cl\/index2.php\/index.php\/programa-mi-abogado\/","name":"PROGRAMA MI ABOGADO - CAJVAL","isPartOf":{"@id":"https:\/\/cajval.cl\/index2.php\/#website"},"datePublished":"2024-05-15T19:24:59+00:00","dateModified":"2024-05-22T16:13:05+00:00","breadcrumb":{"@id":"https:\/\/cajval.cl\/index2.php\/index.php\/programa-mi-abogado\/#breadcrumb"},"inLanguage":"es","potentialAction":[{"@type":"ReadAction","target":["https:\/\/cajval.cl\/index2.php\/index.php\/programa-mi-abogado\/"]}]},{"@type":"BreadcrumbList","@id":"https:\/\/cajval.cl\/index2.php\/index.php\/programa-mi-abogado\/#breadcrumb","itemListElement":[{"@type":"ListItem","position":1,"name":"Portada","item":"https:\/\/cajval.cl\/index2.php\/"},{"@type":"ListItem","position":2,"name":"PROGRAMA MI ABOGADO"}]},{"@type":"WebSite","@id":"https:\/\/cajval.cl\/index2.php\/#website","url":"https:\/\/cajval.cl\/index2.php\/","name":"CAJVAL","description":"CAJVAL","publisher":{"@id":"https:\/\/cajval.cl\/index2.php\/#organization"},"potentialAction":[{"@type":"SearchAction","target":{"@type":"EntryPoint","urlTemplate":"https:\/\/cajval.cl\/index2.php\/?s={search_term_string}"},"query-input":{"@type":"PropertyValueSpecification","valueRequired":true,"valueName":"search_term_string"}}],"inLanguage":"es"},{"@type":"Organization","@id":"https:\/\/cajval.cl\/index2.php\/#organization","name":"CAJVAL","url":"https:\/\/cajval.cl\/index2.php\/","logo":{"@type":"ImageObject","inLanguage":"es","@id":"https:\/\/cajval.cl\/index2.php\/#\/schema\/logo\/image\/","url":"https:\/\/cajval.cl\/wp-content\/uploads\/2024\/04\/LOGO3REGIONES.png","contentUrl":"https:\/\/cajval.cl\/wp-content\/uploads\/2024\/04\/LOGO3REGIONES.png","width":625,"height":567,"caption":"CAJVAL"},"image":{"@id":"https:\/\/cajval.cl\/index2.php\/#\/schema\/logo\/image\/"}}]}},"_links":{"self":[{"href":"https:\/\/cajval.cl\/index2.php\/index.php\/wp-json\/wp\/v2\/pages\/5718","targetHints":{"allow":["GET"]}}],"collection":[{"href":"https:\/\/cajval.cl\/index2.php\/index.php\/wp-json\/wp\/v2\/pages"}],"about":[{"href":"https:\/\/cajval.cl\/index2.php\/index.php\/wp-json\/wp\/v2\/types\/page"}],"author":[{"embeddable":true,"href":"https:\/\/cajval.cl\/index2.php\/index.php\/wp-json\/wp\/v2\/users\/3"}],"replies":[{"embeddable":true,"href":"https:\/\/cajval.cl\/index2.php\/index.php\/wp-json\/wp\/v2\/comments?post=5718"}],"version-history":[{"count":2,"href":"https:\/\/cajval.cl\/index2.php\/index.php\/wp-json\/wp\/v2\/pages\/5718\/revisions"}],"predecessor-version":[{"id":6700,"href":"https:\/\/cajval.cl\/index2.php\/index.php\/wp-json\/wp\/v2\/pages\/5718\/revisions\/6700"}],"wp:attachment":[{"href":"https:\/\/cajval.cl\/index2.php\/index.php\/wp-json\/wp\/v2\/media?parent=5718"}],"curies":[{"name":"wp","href":"https:\/\/api.w.org\/{rel}","templated":true}]}}