{"id":2386,"date":"2024-04-08T17:55:02","date_gmt":"2024-04-08T17:55:02","guid":{"rendered":"https:\/\/cajval.cl\/index2.php\/?page_id=2386"},"modified":"2024-05-15T17:14:01","modified_gmt":"2024-05-15T17:14:01","slug":"horarios-de-atencion","status":"publish","type":"page","link":"https:\/\/cajval.cl\/index2.php\/index.php\/horarios-de-atencion\/","title":{"rendered":"HORARIOS DE ATENCI\u00d3N"},"content":{"rendered":"<div data-colibri-id=\"2386-c1\" class=\"style-2198 style-local-2386-c1 position-relative\">\n  <!---->\n  <div data-colibri-component=\"section\" data-colibri-id=\"2386-c2\" id=\"features\" class=\"h-section h-section-global-spacing d-flex align-items-lg-center align-items-md-center align-items-center style-2211 style-local-2386-c2 position-relative\">\n    <!---->\n    <!---->\n    <div class=\"h-section-grid-container h-section-boxed-container\">\n      <!---->\n      <div data-colibri-id=\"2386-c3\" class=\"h-row-container gutters-row-lg-2 gutters-row-md-2 gutters-row-0 gutters-row-v-lg-2 gutters-row-v-md-2 gutters-row-v-2 style-2212 style-local-2386-c3 position-relative\">\n        <!---->\n        <div class=\"h-row justify-content-lg-center justify-content-md-center justify-content-center align-items-lg-stretch align-items-md-stretch align-items-stretch gutters-col-lg-2 gutters-col-md-2 gutters-col-0 gutters-col-v-lg-2 gutters-col-v-md-2 gutters-col-v-2\">\n          <!---->\n          <div class=\"h-column h-column-container d-flex h-col-lg-auto h-col-md-auto h-col-auto style-2213-outer style-local-2386-c4-outer\">\n            <div data-colibri-id=\"2386-c4\" class=\"d-flex h-flex-basis h-column__inner h-px-lg-2 h-px-md-2 h-px-2 v-inner-lg-2 v-inner-md-2 v-inner-2 style-2213 style-local-2386-c4 position-relative\">\n              <!---->\n              <!---->\n              <div class=\"w-100 h-y-container h-column__content h-column__v-align flex-basis-auto align-self-lg-start align-self-md-start align-self-start\">\n                <!---->\n                <div data-colibri-id=\"2386-c5\" class=\"h-icon style-2214 style-local-2386-c5 position-relative h-element\">\n                  <!----><span class=\"h-svg-icon h-icon__icon style-2214-icon style-local-2386-c5-icon\"><!--Icon by Font Awesome (https:\/\/fontawesome.com)-->\n    <svg version=\"1.1\" xmlns=\"http:\/\/www.w3.org\/2000\/svg\" xmlns:xlink=\"http:\/\/www.w3.org\/1999\/xlink\" id=\"clock-o\" viewBox=\"0 0 1536 1896.0833\">\n      <path d=\"M896 544v448q0 14-9 23t-23 9H544q-14 0-23-9t-9-23v-64q0-14 9-23t23-9h224V544q0-14 9-23t23-9h64q14 0 23 9t9 23zm416 352q0-148-73-273t-198-198-273-73-273 73-198 198-73 273 73 273 198 198 273 73 273-73 198-198 73-273zm224 0q0 209-103 385.5T1153.5 1561 768 1664t-385.5-103T103 1281.5 0 896t103-385.5T382.5 231 768 128t385.5 103T1433 510.5 1536 896z\"><\/path>\n    <\/svg><\/span><\/div>\n              <\/div>\n            <\/div>\n          <\/div>\n          <div class=\"h-column h-column-container d-flex h-col-lg h-col-md h-col-auto style-2215-outer style-local-2386-c6-outer\">\n            <div data-colibri-id=\"2386-c6\" class=\"d-flex h-flex-basis h-column__inner h-px-lg-2 h-px-md-2 h-px-2 v-inner-lg-2 v-inner-md-2 v-inner-2 style-2215 style-local-2386-c6 position-relative\">\n              <!---->\n              <!---->\n              <div class=\"w-100 h-y-container h-column__content h-column__v-align flex-basis-100 align-self-lg-start align-self-md-start align-self-start\">\n                <!---->\n                <div data-colibri-id=\"2386-c7\" class=\"h-global-transition-all h-heading style-2216 style-local-2386-c7 position-relative h-element\">\n                  <!---->\n                  <div class=\"h-heading__outer style-2216 style-local-2386-c7\">\n                    <!---->\n                    <!---->\n                    <h3 class=\"\">Horario de atenci\u00f3n a p\u00fablico<\/h3>\n                  <\/div>\n                <\/div>\n                <div data-colibri-id=\"2386-c8\" class=\"h-divider style-2217 style-local-2386-c8 position-relative h-element\">\n                  <!----><span class=\"h-divider__line style-2217-line style-local-2386-c8-line style-2217-line style-local-2386-c8-line\"><\/span><\/div>\n                <div data-colibri-id=\"2386-c9\" class=\"h-row-container gutters-row-lg-0 gutters-row-md-0 gutters-row-0 gutters-row-v-lg-0 gutters-row-v-md-0 gutters-row-v-0 style-2218 style-local-2386-c9 position-relative\">\n                  <!---->\n                  <div class=\"h-row justify-content-lg-center justify-content-md-center justify-content-center align-items-lg-stretch align-items-md-stretch align-items-stretch gutters-col-lg-0 gutters-col-md-0 gutters-col-0 gutters-col-v-lg-0 gutters-col-v-md-0 gutters-col-v-0\">\n                    <!---->\n                    <div class=\"h-column h-column-container d-flex h-col-lg-auto h-col-md-auto h-col-auto style-2219-outer style-local-2386-c10-outer\">\n                      <div data-colibri-id=\"2386-c10\" class=\"d-flex h-flex-basis h-column__inner h-px-lg-2 h-px-md-2 h-px-2 v-inner-lg-2 v-inner-md-2 v-inner-2 style-2219 style-local-2386-c10 position-relative\">\n                        <!---->\n                        <!---->\n                        <div class=\"w-100 h-y-container h-column__content h-column__v-align flex-basis-100 align-self-lg-start align-self-md-start align-self-start\">\n                          <!---->\n                          <div data-colibri-id=\"2386-c11\" class=\"h-text h-text-component style-2220 style-local-2386-c11 position-relative h-element\">\n                            <!---->\n                            <!---->\n                            <div class=\"\">\n                              <p>Nuestras oficinas atienden de manera presencial en horario de lunes a viernes de&nbsp;<strong style=\"color: rgb(15, 105, 180);\">09:00 a 13:00<\/strong>&nbsp;horas.\n                                <br>En la jornada de la tarde, de lunes a jueves, la atenci\u00f3n es exclusivamente a personas citadas por nuestro servicio.&nbsp;<\/p>\n                              <p>Si prefiere nos puede escribir a trav\u00e9s del formulario de atenci\u00f3n.&nbsp;<\/p>\n                            <\/div>\n                          <\/div>\n                          <div data-colibri-id=\"2386-c12\" class=\"h-x-container style-2221 style-local-2386-c12 position-relative h-element\">\n                            <!---->\n                            <div class=\"h-x-container-inner style-dynamic-2386-c12-group style-2221-spacing style-local-2386-c12-spacing\"><span class=\"h-button__outer style-2222-outer style-local-2386-c13-outer d-inline-flex h-element\"><a h-use-smooth-scroll=\"true\" href=\"https:\/\/cajval.cl\/index2.php\/index.php\/formulario-de-atencion\/\"  data-colibri-id=\"2386-c13\" class=\"d-flex w-100 align-items-center h-button justify-content-lg-center justify-content-md-center justify-content-center style-2222 style-local-2386-c13 position-relative\"><!----><!----> <span>Formulario<\/span><\/a>\n                              <\/span>\n                            <\/div>\n                          <\/div>\n                        <\/div>\n                      <\/div>\n                    <\/div>\n                  <\/div>\n                <\/div>\n              <\/div>\n            <\/div>\n          <\/div>\n        <\/div>\n      <\/div>\n    <\/div>\n  <\/div>\n<\/div>","protected":false},"excerpt":{"rendered":"<p>Horario de atenci\u00f3n a p\u00fablico Nuestras oficinas atienden de manera presencial en horario de lunes a viernes de&nbsp;09:00 a 13:00&nbsp;horas. En la jornada de la tarde, de lunes a jueves, la atenci\u00f3n es exclusivamente a personas citadas por nuestro servicio.&nbsp; Si prefiere nos puede escribir a trav\u00e9s del formulario de atenci\u00f3n.&nbsp; Formulario<\/p>\n","protected":false},"author":3,"featured_media":0,"parent":0,"menu_order":0,"comment_status":"closed","ping_status":"closed","template":"page-templates\/full-width-page.php","meta":{"footnotes":""},"class_list":["post-2386","page","type-page","status-publish","hentry"],"yoast_head":"<!-- This site is optimized with the Yoast SEO plugin v27.3 - https:\/\/yoast.com\/product\/yoast-seo-wordpress\/ -->\n<title>HORARIOS DE ATENCI\u00d3N - CAJVAL<\/title>\n<meta name=\"robots\" content=\"index, follow, max-snippet:-1, max-image-preview:large, max-video-preview:-1\" \/>\n<link rel=\"canonical\" href=\"https:\/\/cajval.cl\/index2.php\/index.php\/horarios-de-atencion\/\" \/>\n<meta property=\"og:locale\" content=\"es_ES\" \/>\n<meta property=\"og:type\" content=\"article\" \/>\n<meta property=\"og:title\" content=\"HORARIOS DE ATENCI\u00d3N - CAJVAL\" \/>\n<meta property=\"og:description\" content=\"Horario de atenci\u00f3n a p\u00fablico Nuestras oficinas atienden de manera presencial en horario de lunes a viernes de&nbsp;09:00 a 13:00&nbsp;horas. En la jornada de la tarde, de lunes a jueves, la atenci\u00f3n es exclusivamente a personas citadas por nuestro servicio.&nbsp; Si prefiere nos puede escribir a trav\u00e9s del formulario de atenci\u00f3n.&nbsp; Formulario\" \/>\n<meta property=\"og:url\" content=\"https:\/\/cajval.cl\/index2.php\/index.php\/horarios-de-atencion\/\" \/>\n<meta property=\"og:site_name\" content=\"CAJVAL\" \/>\n<meta property=\"article:modified_time\" content=\"2024-05-15T17:14:01+00:00\" \/>\n<meta name=\"twitter:card\" content=\"summary_large_image\" \/>\n<script type=\"application\/ld+json\" class=\"yoast-schema-graph\">{\"@context\":\"https:\\\/\\\/schema.org\",\"@graph\":[{\"@type\":\"WebPage\",\"@id\":\"https:\\\/\\\/cajval.cl\\\/index2.php\\\/index.php\\\/horarios-de-atencion\\\/\",\"url\":\"https:\\\/\\\/cajval.cl\\\/index2.php\\\/index.php\\\/horarios-de-atencion\\\/\",\"name\":\"HORARIOS DE ATENCI\u00d3N - CAJVAL\",\"isPartOf\":{\"@id\":\"https:\\\/\\\/cajval.cl\\\/index2.php\\\/#website\"},\"datePublished\":\"2024-04-08T17:55:02+00:00\",\"dateModified\":\"2024-05-15T17:14:01+00:00\",\"breadcrumb\":{\"@id\":\"https:\\\/\\\/cajval.cl\\\/index2.php\\\/index.php\\\/horarios-de-atencion\\\/#breadcrumb\"},\"inLanguage\":\"es\",\"potentialAction\":[{\"@type\":\"ReadAction\",\"target\":[\"https:\\\/\\\/cajval.cl\\\/index2.php\\\/index.php\\\/horarios-de-atencion\\\/\"]}]},{\"@type\":\"BreadcrumbList\",\"@id\":\"https:\\\/\\\/cajval.cl\\\/index2.php\\\/index.php\\\/horarios-de-atencion\\\/#breadcrumb\",\"itemListElement\":[{\"@type\":\"ListItem\",\"position\":1,\"name\":\"Portada\",\"item\":\"https:\\\/\\\/cajval.cl\\\/index2.php\\\/\"},{\"@type\":\"ListItem\",\"position\":2,\"name\":\"HORARIOS DE ATENCI\u00d3N\"}]},{\"@type\":\"WebSite\",\"@id\":\"https:\\\/\\\/cajval.cl\\\/index2.php\\\/#website\",\"url\":\"https:\\\/\\\/cajval.cl\\\/index2.php\\\/\",\"name\":\"CAJVAL\",\"description\":\"CAJVAL\",\"publisher\":{\"@id\":\"https:\\\/\\\/cajval.cl\\\/index2.php\\\/#organization\"},\"potentialAction\":[{\"@type\":\"SearchAction\",\"target\":{\"@type\":\"EntryPoint\",\"urlTemplate\":\"https:\\\/\\\/cajval.cl\\\/index2.php\\\/?s={search_term_string}\"},\"query-input\":{\"@type\":\"PropertyValueSpecification\",\"valueRequired\":true,\"valueName\":\"search_term_string\"}}],\"inLanguage\":\"es\"},{\"@type\":\"Organization\",\"@id\":\"https:\\\/\\\/cajval.cl\\\/index2.php\\\/#organization\",\"name\":\"CAJVAL\",\"url\":\"https:\\\/\\\/cajval.cl\\\/index2.php\\\/\",\"logo\":{\"@type\":\"ImageObject\",\"inLanguage\":\"es\",\"@id\":\"https:\\\/\\\/cajval.cl\\\/index2.php\\\/#\\\/schema\\\/logo\\\/image\\\/\",\"url\":\"https:\\\/\\\/cajval.cl\\\/wp-content\\\/uploads\\\/2024\\\/04\\\/LOGO3REGIONES.png\",\"contentUrl\":\"https:\\\/\\\/cajval.cl\\\/wp-content\\\/uploads\\\/2024\\\/04\\\/LOGO3REGIONES.png\",\"width\":625,\"height\":567,\"caption\":\"CAJVAL\"},\"image\":{\"@id\":\"https:\\\/\\\/cajval.cl\\\/index2.php\\\/#\\\/schema\\\/logo\\\/image\\\/\"}}]}<\/script>\n<!-- \/ Yoast SEO plugin. -->","yoast_head_json":{"title":"HORARIOS DE ATENCI\u00d3N - CAJVAL","robots":{"index":"index","follow":"follow","max-snippet":"max-snippet:-1","max-image-preview":"max-image-preview:large","max-video-preview":"max-video-preview:-1"},"canonical":"https:\/\/cajval.cl\/index2.php\/index.php\/horarios-de-atencion\/","og_locale":"es_ES","og_type":"article","og_title":"HORARIOS DE ATENCI\u00d3N - CAJVAL","og_description":"Horario de atenci\u00f3n a p\u00fablico Nuestras oficinas atienden de manera presencial en horario de lunes a viernes de&nbsp;09:00 a 13:00&nbsp;horas. En la jornada de la tarde, de lunes a jueves, la atenci\u00f3n es exclusivamente a personas citadas por nuestro servicio.&nbsp; Si prefiere nos puede escribir a trav\u00e9s del formulario de atenci\u00f3n.&nbsp; Formulario","og_url":"https:\/\/cajval.cl\/index2.php\/index.php\/horarios-de-atencion\/","og_site_name":"CAJVAL","article_modified_time":"2024-05-15T17:14:01+00:00","twitter_card":"summary_large_image","schema":{"@context":"https:\/\/schema.org","@graph":[{"@type":"WebPage","@id":"https:\/\/cajval.cl\/index2.php\/index.php\/horarios-de-atencion\/","url":"https:\/\/cajval.cl\/index2.php\/index.php\/horarios-de-atencion\/","name":"HORARIOS DE ATENCI\u00d3N - CAJVAL","isPartOf":{"@id":"https:\/\/cajval.cl\/index2.php\/#website"},"datePublished":"2024-04-08T17:55:02+00:00","dateModified":"2024-05-15T17:14:01+00:00","breadcrumb":{"@id":"https:\/\/cajval.cl\/index2.php\/index.php\/horarios-de-atencion\/#breadcrumb"},"inLanguage":"es","potentialAction":[{"@type":"ReadAction","target":["https:\/\/cajval.cl\/index2.php\/index.php\/horarios-de-atencion\/"]}]},{"@type":"BreadcrumbList","@id":"https:\/\/cajval.cl\/index2.php\/index.php\/horarios-de-atencion\/#breadcrumb","itemListElement":[{"@type":"ListItem","position":1,"name":"Portada","item":"https:\/\/cajval.cl\/index2.php\/"},{"@type":"ListItem","position":2,"name":"HORARIOS DE ATENCI\u00d3N"}]},{"@type":"WebSite","@id":"https:\/\/cajval.cl\/index2.php\/#website","url":"https:\/\/cajval.cl\/index2.php\/","name":"CAJVAL","description":"CAJVAL","publisher":{"@id":"https:\/\/cajval.cl\/index2.php\/#organization"},"potentialAction":[{"@type":"SearchAction","target":{"@type":"EntryPoint","urlTemplate":"https:\/\/cajval.cl\/index2.php\/?s={search_term_string}"},"query-input":{"@type":"PropertyValueSpecification","valueRequired":true,"valueName":"search_term_string"}}],"inLanguage":"es"},{"@type":"Organization","@id":"https:\/\/cajval.cl\/index2.php\/#organization","name":"CAJVAL","url":"https:\/\/cajval.cl\/index2.php\/","logo":{"@type":"ImageObject","inLanguage":"es","@id":"https:\/\/cajval.cl\/index2.php\/#\/schema\/logo\/image\/","url":"https:\/\/cajval.cl\/wp-content\/uploads\/2024\/04\/LOGO3REGIONES.png","contentUrl":"https:\/\/cajval.cl\/wp-content\/uploads\/2024\/04\/LOGO3REGIONES.png","width":625,"height":567,"caption":"CAJVAL"},"image":{"@id":"https:\/\/cajval.cl\/index2.php\/#\/schema\/logo\/image\/"}}]}},"_links":{"self":[{"href":"https:\/\/cajval.cl\/index2.php\/index.php\/wp-json\/wp\/v2\/pages\/2386","targetHints":{"allow":["GET"]}}],"collection":[{"href":"https:\/\/cajval.cl\/index2.php\/index.php\/wp-json\/wp\/v2\/pages"}],"about":[{"href":"https:\/\/cajval.cl\/index2.php\/index.php\/wp-json\/wp\/v2\/types\/page"}],"author":[{"embeddable":true,"href":"https:\/\/cajval.cl\/index2.php\/index.php\/wp-json\/wp\/v2\/users\/3"}],"replies":[{"embeddable":true,"href":"https:\/\/cajval.cl\/index2.php\/index.php\/wp-json\/wp\/v2\/comments?post=2386"}],"version-history":[{"count":7,"href":"https:\/\/cajval.cl\/index2.php\/index.php\/wp-json\/wp\/v2\/pages\/2386\/revisions"}],"predecessor-version":[{"id":5692,"href":"https:\/\/cajval.cl\/index2.php\/index.php\/wp-json\/wp\/v2\/pages\/2386\/revisions\/5692"}],"wp:attachment":[{"href":"https:\/\/cajval.cl\/index2.php\/index.php\/wp-json\/wp\/v2\/media?parent=2386"}],"curies":[{"name":"wp","href":"https:\/\/api.w.org\/{rel}","templated":true}]}}