{"id":14579,"date":"2025-01-28T19:46:27","date_gmt":"2025-01-28T19:46:27","guid":{"rendered":"https:\/\/cajval.cl\/index2.php\/?page_id=14579"},"modified":"2025-04-11T14:40:42","modified_gmt":"2025-04-11T14:40:42","slug":"sitemap","status":"publish","type":"page","link":"https:\/\/cajval.cl\/index2.php\/index.php\/sitemap\/","title":{"rendered":"MAPA DEL SITIO"},"content":{"rendered":"\n<ul class=\"wp-block-list\">\n<li><strong>NUESTRA CORPORACI\u00d3N <\/strong>\n<ul class=\"wp-block-list\">\n<li><a href=\"https:\/\/cajval.cl\/index2.php\/index.php\/mision-vision\/\">MISI\u00d3N Y VISI\u00d3N<\/a> <\/li>\n\n\n\n<li><a href=\"https:\/\/cajval.cl\/index2.php\/index.php\/consejo-directivo\/\">CONSEJO DIRECTIVO Y ACTAS DEL CONSEJO <\/a><\/li>\n\n\n\n<li><a href=\"https:\/\/cajval.cl\/index2.php\/index.php\/director-general\/\">DIRECTOR GENERAL <\/a><\/li>\n\n\n\n<li><a href=\"https:\/\/cajval.cl\/index2.php\/index.php\/directores-regionales\/\">DIRECTORES REGIONALES<\/a><\/li>\n\n\n\n<li><a href=\"https:\/\/cajval.cl\/index2.php\/index.php\/nuestras-oficinas\/\">NUESTRAS OFICINAS<\/a> <\/li>\n<\/ul>\n<\/li>\n\n\n\n<li><a href=\"https:\/\/cajval.cl\/index2.php\/index.php\/asociaciones\/\">ASOCIACIONES<\/a><\/li>\n\n\n\n<li><a href=\"https:\/\/cajval.cl\/index2.php\/index.php\/contactanos\/\">CONT\u00c1CTANOS &#8211; OIRS <\/a><\/li>\n\n\n\n<li><a href=\"https:\/\/cajval.cl\/index2.php\/index.php\/intranet\/\">INTRANET INSTITUCIONAL <\/a><br><\/li>\n\n\n\n<li><strong>SECCI\u00d3N 1:<\/strong>\n<ul class=\"wp-block-list\">\n<li><a href=\"https:\/\/cajval.cl\/index2.php\/index.php\/formulario-de-atencion\/\">FORMULARIO DE ATENCI\u00d3N USUARIOS<\/a> <\/li>\n\n\n\n<li><a href=\"https:\/\/cajval.cl\/index2.php\/index.php\/horarios-de-atencion\/\">HORARIOS DE ATENCI\u00d3N<\/a><\/li>\n\n\n\n<li><a href=\"https:\/\/cajval.cl\/index2.php\/index.php\/calendario-de-actividades\/\">CALENDARIO DE ACTIVIDADES<\/a> <\/li>\n\n\n\n<li><a href=\"https:\/\/cajval.cl\/index2.php\/index.php\/preguntas-frecuentes\/\">PREGUNTAS FRECUENTES <\/a><\/li>\n\n\n\n<li><a href=\"https:\/\/cajval.cl\/index2.php\/index.php\/participacion-ciudadana\/\">PARTICIPACI\u00d3N CIUDADANA <\/a>\n<ul class=\"wp-block-list\">\n<li><a href=\"https:\/\/cajval.cl\/index2.php\/index.php\/acceso-a-informacion-relevante\/\">Acceso a informaci\u00f3n relevante<\/a><\/li>\n\n\n\n<li><a href=\"https:\/\/cajval.cl\/index2.php\/index.php\/cuentas-publicas-participativas\/\">Cuentas p\u00fablicas participativas<\/a><\/li>\n\n\n\n<li><a href=\"https:\/\/cajval.cl\/index2.php\/index.php\/consejos-de-la-sociedad-civil\/\">Consejos de la Sociedad Civil <\/a><\/li>\n\n\n\n<li><a href=\"https:\/\/cajval.cl\/index2.php\/index.php\/consultas-ciudadanas\/\">Consultas Ciudadanas<\/a><\/li>\n\n\n\n<li><a href=\"https:\/\/cajval.cl\/index2.php\/index.php\/plazas-de-justicia\/\">Plazas de Justicia<\/a><\/li>\n<\/ul>\n<\/li>\n<\/ul>\n<\/li>\n\n\n\n<li><strong>SECCI\u00d3N 2: \u00bfQU\u00c9 NECESITAS? L\u00cdNEAS DE ATENCI\u00d3N<\/strong>\n<ul class=\"wp-block-list\">\n<li><a href=\"https:\/\/cajval.cl\/index2.php\/index.php\/orientacion-e-informacion-de-derechos\/\">Orientaci\u00f3n e Informaci\u00f3n <\/a><\/li>\n\n\n\n<li><a href=\"https:\/\/cajval.cl\/index2.php\/index.php\/representacion-judicial\/\">Representaci\u00f3n jur\u00eddica  <\/a><\/li>\n\n\n\n<li><a href=\"https:\/\/cajval.cl\/index2.php\/index.php\/solucion-colaborativa-de-conflictos\/\">Soluci\u00f3n Colaborativa de Conflictos<\/a> <\/li>\n\n\n\n<li><a href=\"https:\/\/cajval.cl\/index2.php\/index.php\/atencion-especializada-e-integral\/\">Atenci\u00f3n Especializada e Integral <\/a>\n<ul class=\"wp-block-list\">\n<li><a href=\"https:\/\/cajval.cl\/index2.php\/index.php\/programa-mi-abogado\/\">Programa Mi Abogado &#8211; PMA<\/a> <\/li>\n\n\n\n<li><a href=\"https:\/\/cajval.cl\/index2.php\/index.php\/centros-de-atencion-a-victimas-de-delitos-violentos\/\">Centro de Atenci\u00f3n a V\u00edctimas &#8211; CAVI <\/a><\/li>\n\n\n\n<li><a href=\"https:\/\/cajval.cl\/index2.php\/index.php\/programa-la-ninez-y-adolescencia-se-defienden\/\">Programa La Ni\u00f1ez y Adolescencia se Defienden- NAD<\/a><\/li>\n\n\n\n<li><a href=\"https:\/\/cajval.cl\/index2.php\/index.php\/programa-defensa-juridica-integral-a-personas-mayores\/\">Programa Defensa Jur\u00eddica Adulto Mayor &#8211; DAM<\/a><\/li>\n<\/ul>\n<\/li>\n\n\n\n<li><a href=\"https:\/\/cajval.cl\/index2.php\/index.php\/revencion-de-conflictos-y-promocion-de-derechos\/\">Promoci\u00f3n de Derechos y Prevenci\u00f3n de Conflictos <\/a><\/li>\n<\/ul>\n<\/li>\n\n\n\n<li><strong>SECCI\u00d3N 3: SERVICIOS<\/strong>\n<ul class=\"wp-block-list\">\n<li><a href=\"https:\/\/cajval.cl\/index2.php\/index.php\/procesos\/\">CONCURSOS P\u00daBLICOS<\/a>\n<ul class=\"wp-block-list\">\n<li><a href=\"https:\/\/cajval.cl\/index2.php\/index.php\/historico-procesos-de-seleccion\/\">Hist\u00f3rico procesos de selecci\u00f3n<\/a><\/li>\n<\/ul>\n<\/li>\n\n\n\n<li><a href=\"https:\/\/cajval.cl\/index2.php\/index.php\/practicas-profesionales\/\">PR\u00c1CTICAS PROFESIONALES (Postulantes)<\/a> \n<ul class=\"wp-block-list\">\n<li><a href=\"http:\/\/www.datos.cajval.cl:8080\/postulantes\/\">Formulario de Postulaci\u00f3n<\/a><\/li>\n<\/ul>\n<\/li>\n\n\n\n<li><a href=\"https:\/\/cajval.cl\/index2.php\/index.php\/nuestros-resultados\/\">NUESTROS RESULTADOS <\/a><\/li>\n\n\n\n<li><a href=\"https:\/\/cajval.cl\/index2.php\/index.php\/cuenta-publica-2023\/\">CUENTA P\u00daBLICA PARTICIPATIVA 2024 <\/a><\/li>\n<\/ul>\n<\/li>\n\n\n\n<li><strong>SECCI\u00d3N 4: TRANSPARENCIA<\/strong>\n<ul class=\"wp-block-list\">\n<li><a href=\"https:\/\/www.leylobby.gob.cl\/instituciones\/AK009\/\">LEY DE LOBBY<\/a><\/li>\n\n\n\n<li><a href=\"https:\/\/www.portaltransparencia.cl\/PortalPdT\/web\/guest\/directorio-de-organismos-regulados?p_p_id=pdtorganismos_WAR_pdtorganismosportlet&amp;orgcode=9ce5bf04a6b49a5140e7d2f0c6ad414b\">SOLICITUD DE INFORMACI\u00d3N P\u00daBLICA<\/a><\/li>\n\n\n\n<li><a href=\"https:\/\/www.portaltransparencia.cl\/PortalPdT\/directorio-de-organismos-regulados\/?org=AK009\">GOBIERNO TRANSPARENTE<\/a><\/li>\n\n\n\n<li><a href=\"https:\/\/cajval.cl\/index2.php\/index.php\/contactanos\/\">OFICINA DE OIRS- FORMULARIO DE ATENCI\u00d3N<\/a><\/li>\n<\/ul>\n<\/li>\n\n\n\n<li><strong>SECCI\u00d3N 5: BOLETINES<\/strong>\n<ul class=\"wp-block-list\">\n<li><a href=\"https:\/\/cajval.cl\/index2.php\/index.php\/boletin-informativo\/\">BOLETINES<\/a><\/li>\n<\/ul>\n<\/li>\n\n\n\n<li><strong>SECCI\u00d3N 6: REDES SOCIALES<\/strong>\n<ul class=\"wp-block-list\">\n<li><a href=\"https:\/\/www.instagram.com\/cajval_oficial\/\">INSTAGRAM<\/a><\/li>\n\n\n\n<li><a href=\"https:\/\/web.facebook.com\/profile.php?id=100012869289279&amp;locale=es_LA\">FACEBOOK<\/a><\/li>\n\n\n\n<li><a href=\"https:\/\/twitter.com\/i\/flow\/login?redirect_after_login=%2FCAJVAL_Oficial\">X<\/a><\/li>\n\n\n\n<li><a href=\"https:\/\/www.youtube.com\/@corporacionasistenciajudicial\">YOUTUBE<\/a><\/li>\n<\/ul>\n<\/li>\n<\/ul>\n\n\n\n<p><\/p>\n","protected":false},"excerpt":{"rendered":"","protected":false},"author":3,"featured_media":0,"parent":0,"menu_order":0,"comment_status":"closed","ping_status":"closed","template":"","meta":{"footnotes":""},"class_list":["post-14579","page","type-page","status-publish","hentry"],"yoast_head":"<!-- This site is optimized with the Yoast SEO plugin v27.4 - https:\/\/yoast.com\/product\/yoast-seo-wordpress\/ -->\n<title>MAPA DEL SITIO - CAJVAL<\/title>\n<meta name=\"robots\" content=\"index, follow, max-snippet:-1, max-image-preview:large, max-video-preview:-1\" \/>\n<link rel=\"canonical\" href=\"https:\/\/cajval.cl\/index2.php\/index.php\/sitemap\/\" \/>\n<meta property=\"og:locale\" content=\"es_ES\" \/>\n<meta property=\"og:type\" content=\"article\" \/>\n<meta property=\"og:title\" content=\"MAPA DEL SITIO - CAJVAL\" \/>\n<meta property=\"og:url\" content=\"https:\/\/cajval.cl\/index2.php\/index.php\/sitemap\/\" \/>\n<meta property=\"og:site_name\" content=\"CAJVAL\" \/>\n<meta property=\"article:modified_time\" content=\"2025-04-11T14:40:42+00:00\" \/>\n<meta name=\"twitter:card\" content=\"summary_large_image\" \/>\n<meta name=\"twitter:label1\" content=\"Tiempo de lectura\" \/>\n\t<meta name=\"twitter:data1\" content=\"1 minuto\" \/>\n<script type=\"application\/ld+json\" class=\"yoast-schema-graph\">{\"@context\":\"https:\\\/\\\/schema.org\",\"@graph\":[{\"@type\":\"WebPage\",\"@id\":\"https:\\\/\\\/cajval.cl\\\/index2.php\\\/index.php\\\/sitemap\\\/\",\"url\":\"https:\\\/\\\/cajval.cl\\\/index2.php\\\/index.php\\\/sitemap\\\/\",\"name\":\"MAPA DEL SITIO - CAJVAL\",\"isPartOf\":{\"@id\":\"https:\\\/\\\/cajval.cl\\\/index2.php\\\/#website\"},\"datePublished\":\"2025-01-28T19:46:27+00:00\",\"dateModified\":\"2025-04-11T14:40:42+00:00\",\"breadcrumb\":{\"@id\":\"https:\\\/\\\/cajval.cl\\\/index2.php\\\/index.php\\\/sitemap\\\/#breadcrumb\"},\"inLanguage\":\"es\",\"potentialAction\":[{\"@type\":\"ReadAction\",\"target\":[\"https:\\\/\\\/cajval.cl\\\/index2.php\\\/index.php\\\/sitemap\\\/\"]}]},{\"@type\":\"BreadcrumbList\",\"@id\":\"https:\\\/\\\/cajval.cl\\\/index2.php\\\/index.php\\\/sitemap\\\/#breadcrumb\",\"itemListElement\":[{\"@type\":\"ListItem\",\"position\":1,\"name\":\"Portada\",\"item\":\"https:\\\/\\\/cajval.cl\\\/index2.php\\\/\"},{\"@type\":\"ListItem\",\"position\":2,\"name\":\"MAPA DEL SITIO\"}]},{\"@type\":\"WebSite\",\"@id\":\"https:\\\/\\\/cajval.cl\\\/index2.php\\\/#website\",\"url\":\"https:\\\/\\\/cajval.cl\\\/index2.php\\\/\",\"name\":\"CAJVAL\",\"description\":\"CAJVAL\",\"publisher\":{\"@id\":\"https:\\\/\\\/cajval.cl\\\/index2.php\\\/#organization\"},\"potentialAction\":[{\"@type\":\"SearchAction\",\"target\":{\"@type\":\"EntryPoint\",\"urlTemplate\":\"https:\\\/\\\/cajval.cl\\\/index2.php\\\/?s={search_term_string}\"},\"query-input\":{\"@type\":\"PropertyValueSpecification\",\"valueRequired\":true,\"valueName\":\"search_term_string\"}}],\"inLanguage\":\"es\"},{\"@type\":\"Organization\",\"@id\":\"https:\\\/\\\/cajval.cl\\\/index2.php\\\/#organization\",\"name\":\"CAJVAL\",\"url\":\"https:\\\/\\\/cajval.cl\\\/index2.php\\\/\",\"logo\":{\"@type\":\"ImageObject\",\"inLanguage\":\"es\",\"@id\":\"https:\\\/\\\/cajval.cl\\\/index2.php\\\/#\\\/schema\\\/logo\\\/image\\\/\",\"url\":\"https:\\\/\\\/cajval.cl\\\/wp-content\\\/uploads\\\/2024\\\/04\\\/LOGO3REGIONES.png\",\"contentUrl\":\"https:\\\/\\\/cajval.cl\\\/wp-content\\\/uploads\\\/2024\\\/04\\\/LOGO3REGIONES.png\",\"width\":625,\"height\":567,\"caption\":\"CAJVAL\"},\"image\":{\"@id\":\"https:\\\/\\\/cajval.cl\\\/index2.php\\\/#\\\/schema\\\/logo\\\/image\\\/\"}}]}<\/script>\n<!-- \/ Yoast SEO plugin. -->","yoast_head_json":{"title":"MAPA DEL SITIO - CAJVAL","robots":{"index":"index","follow":"follow","max-snippet":"max-snippet:-1","max-image-preview":"max-image-preview:large","max-video-preview":"max-video-preview:-1"},"canonical":"https:\/\/cajval.cl\/index2.php\/index.php\/sitemap\/","og_locale":"es_ES","og_type":"article","og_title":"MAPA DEL SITIO - CAJVAL","og_url":"https:\/\/cajval.cl\/index2.php\/index.php\/sitemap\/","og_site_name":"CAJVAL","article_modified_time":"2025-04-11T14:40:42+00:00","twitter_card":"summary_large_image","twitter_misc":{"Tiempo de lectura":"1 minuto"},"schema":{"@context":"https:\/\/schema.org","@graph":[{"@type":"WebPage","@id":"https:\/\/cajval.cl\/index2.php\/index.php\/sitemap\/","url":"https:\/\/cajval.cl\/index2.php\/index.php\/sitemap\/","name":"MAPA DEL SITIO - CAJVAL","isPartOf":{"@id":"https:\/\/cajval.cl\/index2.php\/#website"},"datePublished":"2025-01-28T19:46:27+00:00","dateModified":"2025-04-11T14:40:42+00:00","breadcrumb":{"@id":"https:\/\/cajval.cl\/index2.php\/index.php\/sitemap\/#breadcrumb"},"inLanguage":"es","potentialAction":[{"@type":"ReadAction","target":["https:\/\/cajval.cl\/index2.php\/index.php\/sitemap\/"]}]},{"@type":"BreadcrumbList","@id":"https:\/\/cajval.cl\/index2.php\/index.php\/sitemap\/#breadcrumb","itemListElement":[{"@type":"ListItem","position":1,"name":"Portada","item":"https:\/\/cajval.cl\/index2.php\/"},{"@type":"ListItem","position":2,"name":"MAPA DEL SITIO"}]},{"@type":"WebSite","@id":"https:\/\/cajval.cl\/index2.php\/#website","url":"https:\/\/cajval.cl\/index2.php\/","name":"CAJVAL","description":"CAJVAL","publisher":{"@id":"https:\/\/cajval.cl\/index2.php\/#organization"},"potentialAction":[{"@type":"SearchAction","target":{"@type":"EntryPoint","urlTemplate":"https:\/\/cajval.cl\/index2.php\/?s={search_term_string}"},"query-input":{"@type":"PropertyValueSpecification","valueRequired":true,"valueName":"search_term_string"}}],"inLanguage":"es"},{"@type":"Organization","@id":"https:\/\/cajval.cl\/index2.php\/#organization","name":"CAJVAL","url":"https:\/\/cajval.cl\/index2.php\/","logo":{"@type":"ImageObject","inLanguage":"es","@id":"https:\/\/cajval.cl\/index2.php\/#\/schema\/logo\/image\/","url":"https:\/\/cajval.cl\/wp-content\/uploads\/2024\/04\/LOGO3REGIONES.png","contentUrl":"https:\/\/cajval.cl\/wp-content\/uploads\/2024\/04\/LOGO3REGIONES.png","width":625,"height":567,"caption":"CAJVAL"},"image":{"@id":"https:\/\/cajval.cl\/index2.php\/#\/schema\/logo\/image\/"}}]}},"_links":{"self":[{"href":"https:\/\/cajval.cl\/index2.php\/index.php\/wp-json\/wp\/v2\/pages\/14579","targetHints":{"allow":["GET"]}}],"collection":[{"href":"https:\/\/cajval.cl\/index2.php\/index.php\/wp-json\/wp\/v2\/pages"}],"about":[{"href":"https:\/\/cajval.cl\/index2.php\/index.php\/wp-json\/wp\/v2\/types\/page"}],"author":[{"embeddable":true,"href":"https:\/\/cajval.cl\/index2.php\/index.php\/wp-json\/wp\/v2\/users\/3"}],"replies":[{"embeddable":true,"href":"https:\/\/cajval.cl\/index2.php\/index.php\/wp-json\/wp\/v2\/comments?post=14579"}],"version-history":[{"count":9,"href":"https:\/\/cajval.cl\/index2.php\/index.php\/wp-json\/wp\/v2\/pages\/14579\/revisions"}],"predecessor-version":[{"id":16145,"href":"https:\/\/cajval.cl\/index2.php\/index.php\/wp-json\/wp\/v2\/pages\/14579\/revisions\/16145"}],"wp:attachment":[{"href":"https:\/\/cajval.cl\/index2.php\/index.php\/wp-json\/wp\/v2\/media?parent=14579"}],"curies":[{"name":"wp","href":"https:\/\/api.w.org\/{rel}","templated":true}]}}