{"id":12912,"date":"2024-11-22T17:26:34","date_gmt":"2024-11-22T17:26:34","guid":{"rendered":"https:\/\/cajval.cl\/index2.php\/?page_id=12912"},"modified":"2024-12-30T14:21:18","modified_gmt":"2024-12-30T14:21:18","slug":"psi-03-proceso-de-seleccion-interno-abogado-a-asesor-a-de-gestion-programa-mi-abogado","status":"publish","type":"page","link":"https:\/\/cajval.cl\/index2.php\/index.php\/psi-03-proceso-de-seleccion-interno-abogado-a-asesor-a-de-gestion-programa-mi-abogado\/","title":{"rendered":"PSI-03 Proceso de Selecci\u00f3n Interno. Abogado\/a Asesor\/a de Gesti\u00f3n Programa Mi Abogado."},"content":{"rendered":"\n\n\n<figure class=\"wp-block-table aligncenter\"><table><thead><tr><th class=\"has-text-align-center\" data-align=\"center\">   FECHA    <\/th><th>    ETAPA DEL PROCESO       <\/th><th>      DOCUMENTOS       <\/th><\/tr><\/thead><tbody><tr><td class=\"has-text-align-center\" data-align=\"center\">30\/12\/2024<\/td><td>Resoluci\u00f3n Resuelve Proceso e Informe Final<\/td><td><a href=\"https:\/\/www.cajval.cl\/contenidos\/concursos\/2024\/PSI03\/Res.Ex.2672-2024.pdf\">Descargar<\/a><\/td><\/tr><tr><td class=\"has-text-align-center\" data-align=\"center\">17\/12\/2024<\/td><td>Citaci\u00f3n a Entrevista de Apreciaci\u00f3n Global Integral<\/td><td><a href=\"https:\/\/www.cajval.cl\/contenidos\/concursos\/2024\/PSI03\/Citaci\u00f3n_Evaluaci\u00f3n_Apreciaci\u00f3n_Global_Integral_PSI-03-024.pdf\">Descargar<\/a><\/td><\/tr><tr><td class=\"has-text-align-center\" data-align=\"center\">17\/12\/2024<\/td><td>Acta Resultados de Evaluaci\u00f3n Psicolaboral<\/td><td><a href=\"https:\/\/www.cajval.cl\/contenidos\/concursos\/2024\/PSI03\/Acta_Resultados_Evaluaci\u00f3n_Psicolaboral_PSI-03.pdf\">Descargar<\/a><\/td><\/tr><tr><td class=\"has-text-align-center\" data-align=\"center\">11\/12\/2024<\/td><td>Citaci\u00f3n a Evaluaci\u00f3n Psicolaboral<\/td><td><a href=\"https:\/\/www.cajval.cl\/contenidos\/concursos\/2024\/PSI03\/Citaci\u00f3n_Evaluaci\u00f3n_Psicolaboral_PSI03-2024.pdf\">Descargar<\/a><\/td><\/tr><tr><td class=\"has-text-align-center\" data-align=\"center\">06\/12\/2024<\/td><td>Acta de Validaci\u00f3n Formal de Antecedentes y Evaluaci\u00f3n Curricular<\/td><td><a href=\"https:\/\/www.cajval.cl\/contenidos\/concursos\/2024\/PSI03\/Acta_Validaci%C3%B3n_Formal_Antecedentes_y_Evaluaci%C3%B3n_Curricular_PSI03.pdf\">Descargar<\/a><\/td><\/tr><tr><td class=\"has-text-align-center\" data-align=\"center\">22\/11\/\/2024<\/td><td>Bases                <\/td><td><a href=\"https:\/\/www.cajval.cl\/contenidos\/concursos\/2024\/PSI03\/Bases_PSI03.pdf\" target=\"_blank\" rel=\"noreferrer noopener\">Descargar<\/a><\/td><\/tr><\/tbody><\/table><\/figure>\n\n\n\n<p><\/p>\n","protected":false},"excerpt":{"rendered":"<p>FECHA ETAPA DEL PROCESO DOCUMENTOS 30\/12\/2024 Resoluci\u00f3n Resuelve Proceso e Informe Final Descargar 17\/12\/2024 Citaci\u00f3n a Entrevista de Apreciaci\u00f3n Global Integral Descargar 17\/12\/2024 Acta Resultados de Evaluaci\u00f3n Psicolaboral Descargar 11\/12\/2024 Citaci\u00f3n a Evaluaci\u00f3n Psicolaboral Descargar 06\/12\/2024 Acta de Validaci\u00f3n Formal de Antecedentes y Evaluaci\u00f3n Curricular Descargar 22\/11\/\/2024 Bases Descargar<\/p>\n","protected":false},"author":2,"featured_media":0,"parent":0,"menu_order":0,"comment_status":"closed","ping_status":"closed","template":"","meta":{"footnotes":""},"class_list":["post-12912","page","type-page","status-publish","hentry"],"yoast_head":"<!-- This site is optimized with the Yoast SEO plugin v27.4 - https:\/\/yoast.com\/product\/yoast-seo-wordpress\/ -->\n<title>PSI-03 Proceso de Selecci\u00f3n Interno. Abogado\/a Asesor\/a de Gesti\u00f3n Programa Mi Abogado. - CAJVAL<\/title>\n<meta name=\"robots\" content=\"index, follow, max-snippet:-1, max-image-preview:large, max-video-preview:-1\" \/>\n<link rel=\"canonical\" href=\"https:\/\/cajval.cl\/index2.php\/index.php\/psi-03-proceso-de-seleccion-interno-abogado-a-asesor-a-de-gestion-programa-mi-abogado\/\" \/>\n<meta property=\"og:locale\" content=\"es_ES\" \/>\n<meta property=\"og:type\" content=\"article\" \/>\n<meta property=\"og:title\" content=\"PSI-03 Proceso de Selecci\u00f3n Interno. Abogado\/a Asesor\/a de Gesti\u00f3n Programa Mi Abogado. - CAJVAL\" \/>\n<meta property=\"og:description\" content=\"FECHA ETAPA DEL PROCESO DOCUMENTOS 30\/12\/2024 Resoluci\u00f3n Resuelve Proceso e Informe Final Descargar 17\/12\/2024 Citaci\u00f3n a Entrevista de Apreciaci\u00f3n Global Integral Descargar 17\/12\/2024 Acta Resultados de Evaluaci\u00f3n Psicolaboral Descargar 11\/12\/2024 Citaci\u00f3n a Evaluaci\u00f3n Psicolaboral Descargar 06\/12\/2024 Acta de Validaci\u00f3n Formal de Antecedentes y Evaluaci\u00f3n Curricular Descargar 22\/11\/\/2024 Bases Descargar\" \/>\n<meta property=\"og:url\" content=\"https:\/\/cajval.cl\/index2.php\/index.php\/psi-03-proceso-de-seleccion-interno-abogado-a-asesor-a-de-gestion-programa-mi-abogado\/\" \/>\n<meta property=\"og:site_name\" content=\"CAJVAL\" \/>\n<meta property=\"article:modified_time\" content=\"2024-12-30T14:21:18+00:00\" \/>\n<meta name=\"twitter:card\" content=\"summary_large_image\" \/>\n<meta name=\"twitter:label1\" content=\"Tiempo de lectura\" \/>\n\t<meta name=\"twitter:data1\" content=\"1 minuto\" \/>\n<script type=\"application\/ld+json\" class=\"yoast-schema-graph\">{\"@context\":\"https:\\\/\\\/schema.org\",\"@graph\":[{\"@type\":\"WebPage\",\"@id\":\"https:\\\/\\\/cajval.cl\\\/index2.php\\\/index.php\\\/psi-03-proceso-de-seleccion-interno-abogado-a-asesor-a-de-gestion-programa-mi-abogado\\\/\",\"url\":\"https:\\\/\\\/cajval.cl\\\/index2.php\\\/index.php\\\/psi-03-proceso-de-seleccion-interno-abogado-a-asesor-a-de-gestion-programa-mi-abogado\\\/\",\"name\":\"PSI-03 Proceso de Selecci\u00f3n Interno. Abogado\\\/a Asesor\\\/a de Gesti\u00f3n Programa Mi Abogado. - CAJVAL\",\"isPartOf\":{\"@id\":\"https:\\\/\\\/cajval.cl\\\/index2.php\\\/#website\"},\"datePublished\":\"2024-11-22T17:26:34+00:00\",\"dateModified\":\"2024-12-30T14:21:18+00:00\",\"breadcrumb\":{\"@id\":\"https:\\\/\\\/cajval.cl\\\/index2.php\\\/index.php\\\/psi-03-proceso-de-seleccion-interno-abogado-a-asesor-a-de-gestion-programa-mi-abogado\\\/#breadcrumb\"},\"inLanguage\":\"es\",\"potentialAction\":[{\"@type\":\"ReadAction\",\"target\":[\"https:\\\/\\\/cajval.cl\\\/index2.php\\\/index.php\\\/psi-03-proceso-de-seleccion-interno-abogado-a-asesor-a-de-gestion-programa-mi-abogado\\\/\"]}]},{\"@type\":\"BreadcrumbList\",\"@id\":\"https:\\\/\\\/cajval.cl\\\/index2.php\\\/index.php\\\/psi-03-proceso-de-seleccion-interno-abogado-a-asesor-a-de-gestion-programa-mi-abogado\\\/#breadcrumb\",\"itemListElement\":[{\"@type\":\"ListItem\",\"position\":1,\"name\":\"Portada\",\"item\":\"https:\\\/\\\/cajval.cl\\\/index2.php\\\/\"},{\"@type\":\"ListItem\",\"position\":2,\"name\":\"PSI-03 Proceso de Selecci\u00f3n Interno. Abogado\\\/a Asesor\\\/a de Gesti\u00f3n Programa Mi Abogado.\"}]},{\"@type\":\"WebSite\",\"@id\":\"https:\\\/\\\/cajval.cl\\\/index2.php\\\/#website\",\"url\":\"https:\\\/\\\/cajval.cl\\\/index2.php\\\/\",\"name\":\"CAJVAL\",\"description\":\"CAJVAL\",\"publisher\":{\"@id\":\"https:\\\/\\\/cajval.cl\\\/index2.php\\\/#organization\"},\"potentialAction\":[{\"@type\":\"SearchAction\",\"target\":{\"@type\":\"EntryPoint\",\"urlTemplate\":\"https:\\\/\\\/cajval.cl\\\/index2.php\\\/?s={search_term_string}\"},\"query-input\":{\"@type\":\"PropertyValueSpecification\",\"valueRequired\":true,\"valueName\":\"search_term_string\"}}],\"inLanguage\":\"es\"},{\"@type\":\"Organization\",\"@id\":\"https:\\\/\\\/cajval.cl\\\/index2.php\\\/#organization\",\"name\":\"CAJVAL\",\"url\":\"https:\\\/\\\/cajval.cl\\\/index2.php\\\/\",\"logo\":{\"@type\":\"ImageObject\",\"inLanguage\":\"es\",\"@id\":\"https:\\\/\\\/cajval.cl\\\/index2.php\\\/#\\\/schema\\\/logo\\\/image\\\/\",\"url\":\"https:\\\/\\\/cajval.cl\\\/wp-content\\\/uploads\\\/2024\\\/04\\\/LOGO3REGIONES.png\",\"contentUrl\":\"https:\\\/\\\/cajval.cl\\\/wp-content\\\/uploads\\\/2024\\\/04\\\/LOGO3REGIONES.png\",\"width\":625,\"height\":567,\"caption\":\"CAJVAL\"},\"image\":{\"@id\":\"https:\\\/\\\/cajval.cl\\\/index2.php\\\/#\\\/schema\\\/logo\\\/image\\\/\"}}]}<\/script>\n<!-- \/ Yoast SEO plugin. -->","yoast_head_json":{"title":"PSI-03 Proceso de Selecci\u00f3n Interno. Abogado\/a Asesor\/a de Gesti\u00f3n Programa Mi Abogado. - CAJVAL","robots":{"index":"index","follow":"follow","max-snippet":"max-snippet:-1","max-image-preview":"max-image-preview:large","max-video-preview":"max-video-preview:-1"},"canonical":"https:\/\/cajval.cl\/index2.php\/index.php\/psi-03-proceso-de-seleccion-interno-abogado-a-asesor-a-de-gestion-programa-mi-abogado\/","og_locale":"es_ES","og_type":"article","og_title":"PSI-03 Proceso de Selecci\u00f3n Interno. Abogado\/a Asesor\/a de Gesti\u00f3n Programa Mi Abogado. - CAJVAL","og_description":"FECHA ETAPA DEL PROCESO DOCUMENTOS 30\/12\/2024 Resoluci\u00f3n Resuelve Proceso e Informe Final Descargar 17\/12\/2024 Citaci\u00f3n a Entrevista de Apreciaci\u00f3n Global Integral Descargar 17\/12\/2024 Acta Resultados de Evaluaci\u00f3n Psicolaboral Descargar 11\/12\/2024 Citaci\u00f3n a Evaluaci\u00f3n Psicolaboral Descargar 06\/12\/2024 Acta de Validaci\u00f3n Formal de Antecedentes y Evaluaci\u00f3n Curricular Descargar 22\/11\/\/2024 Bases Descargar","og_url":"https:\/\/cajval.cl\/index2.php\/index.php\/psi-03-proceso-de-seleccion-interno-abogado-a-asesor-a-de-gestion-programa-mi-abogado\/","og_site_name":"CAJVAL","article_modified_time":"2024-12-30T14:21:18+00:00","twitter_card":"summary_large_image","twitter_misc":{"Tiempo de lectura":"1 minuto"},"schema":{"@context":"https:\/\/schema.org","@graph":[{"@type":"WebPage","@id":"https:\/\/cajval.cl\/index2.php\/index.php\/psi-03-proceso-de-seleccion-interno-abogado-a-asesor-a-de-gestion-programa-mi-abogado\/","url":"https:\/\/cajval.cl\/index2.php\/index.php\/psi-03-proceso-de-seleccion-interno-abogado-a-asesor-a-de-gestion-programa-mi-abogado\/","name":"PSI-03 Proceso de Selecci\u00f3n Interno. Abogado\/a Asesor\/a de Gesti\u00f3n Programa Mi Abogado. - CAJVAL","isPartOf":{"@id":"https:\/\/cajval.cl\/index2.php\/#website"},"datePublished":"2024-11-22T17:26:34+00:00","dateModified":"2024-12-30T14:21:18+00:00","breadcrumb":{"@id":"https:\/\/cajval.cl\/index2.php\/index.php\/psi-03-proceso-de-seleccion-interno-abogado-a-asesor-a-de-gestion-programa-mi-abogado\/#breadcrumb"},"inLanguage":"es","potentialAction":[{"@type":"ReadAction","target":["https:\/\/cajval.cl\/index2.php\/index.php\/psi-03-proceso-de-seleccion-interno-abogado-a-asesor-a-de-gestion-programa-mi-abogado\/"]}]},{"@type":"BreadcrumbList","@id":"https:\/\/cajval.cl\/index2.php\/index.php\/psi-03-proceso-de-seleccion-interno-abogado-a-asesor-a-de-gestion-programa-mi-abogado\/#breadcrumb","itemListElement":[{"@type":"ListItem","position":1,"name":"Portada","item":"https:\/\/cajval.cl\/index2.php\/"},{"@type":"ListItem","position":2,"name":"PSI-03 Proceso de Selecci\u00f3n Interno. Abogado\/a Asesor\/a de Gesti\u00f3n Programa Mi Abogado."}]},{"@type":"WebSite","@id":"https:\/\/cajval.cl\/index2.php\/#website","url":"https:\/\/cajval.cl\/index2.php\/","name":"CAJVAL","description":"CAJVAL","publisher":{"@id":"https:\/\/cajval.cl\/index2.php\/#organization"},"potentialAction":[{"@type":"SearchAction","target":{"@type":"EntryPoint","urlTemplate":"https:\/\/cajval.cl\/index2.php\/?s={search_term_string}"},"query-input":{"@type":"PropertyValueSpecification","valueRequired":true,"valueName":"search_term_string"}}],"inLanguage":"es"},{"@type":"Organization","@id":"https:\/\/cajval.cl\/index2.php\/#organization","name":"CAJVAL","url":"https:\/\/cajval.cl\/index2.php\/","logo":{"@type":"ImageObject","inLanguage":"es","@id":"https:\/\/cajval.cl\/index2.php\/#\/schema\/logo\/image\/","url":"https:\/\/cajval.cl\/wp-content\/uploads\/2024\/04\/LOGO3REGIONES.png","contentUrl":"https:\/\/cajval.cl\/wp-content\/uploads\/2024\/04\/LOGO3REGIONES.png","width":625,"height":567,"caption":"CAJVAL"},"image":{"@id":"https:\/\/cajval.cl\/index2.php\/#\/schema\/logo\/image\/"}}]}},"_links":{"self":[{"href":"https:\/\/cajval.cl\/index2.php\/index.php\/wp-json\/wp\/v2\/pages\/12912","targetHints":{"allow":["GET"]}}],"collection":[{"href":"https:\/\/cajval.cl\/index2.php\/index.php\/wp-json\/wp\/v2\/pages"}],"about":[{"href":"https:\/\/cajval.cl\/index2.php\/index.php\/wp-json\/wp\/v2\/types\/page"}],"author":[{"embeddable":true,"href":"https:\/\/cajval.cl\/index2.php\/index.php\/wp-json\/wp\/v2\/users\/2"}],"replies":[{"embeddable":true,"href":"https:\/\/cajval.cl\/index2.php\/index.php\/wp-json\/wp\/v2\/comments?post=12912"}],"version-history":[{"count":8,"href":"https:\/\/cajval.cl\/index2.php\/index.php\/wp-json\/wp\/v2\/pages\/12912\/revisions"}],"predecessor-version":[{"id":13904,"href":"https:\/\/cajval.cl\/index2.php\/index.php\/wp-json\/wp\/v2\/pages\/12912\/revisions\/13904"}],"wp:attachment":[{"href":"https:\/\/cajval.cl\/index2.php\/index.php\/wp-json\/wp\/v2\/media?parent=12912"}],"curies":[{"name":"wp","href":"https:\/\/api.w.org\/{rel}","templated":true}]}}