{"id":1203,"date":"2024-01-26T11:44:25","date_gmt":"2024-01-26T11:44:25","guid":{"rendered":"https:\/\/cajval.cl\/index2.php\/?page_id=1203"},"modified":"2024-04-26T16:37:56","modified_gmt":"2024-04-26T16:37:56","slug":"calendario-de-actividades","status":"publish","type":"page","link":"https:\/\/cajval.cl\/index2.php\/index.php\/calendario-de-actividades\/","title":{"rendered":"CALENDARIO DE ACTIVIDADES"},"content":{"rendered":"<div data-colibri-id=\"1203-c1\" class=\"style-2938 style-local-1203-c1 position-relative\">\r\n  <!---->\r\n  <div data-colibri-component=\"section\" data-colibri-id=\"1203-c2\" id=\"cta\" class=\"h-section h-section-global-spacing d-flex align-items-lg-center align-items-md-center align-items-center style-2968 style-local-1203-c2 position-relative\">\r\n    <div class=\"background-wrapper\">\r\n      <div class=\"background-layer background-layer-media-container-lg\">\r\n        <!---->\r\n        <div class=\"overlay-layer\">\r\n          <div class=\"overlay-image-layer\" style=\"background-color: rgb(255, 255, 255); opacity: 0.5;\"><\/div>\r\n        <\/div>\r\n      <\/div>\r\n      <div class=\"background-layer background-layer-media-container-md\">\r\n        <!---->\r\n        <div class=\"overlay-layer\">\r\n          <div class=\"overlay-image-layer\" style=\"background-color: rgb(255, 255, 255); opacity: 0.5;\"><\/div>\r\n        <\/div>\r\n      <\/div>\r\n      <div class=\"background-layer background-layer-media-container\">\r\n        <!---->\r\n        <div class=\"overlay-layer\">\r\n          <div class=\"overlay-image-layer\" style=\"background-color: rgb(255, 255, 255); opacity: 0.5;\"><\/div>\r\n        <\/div>\r\n      <\/div>\r\n    <\/div>\r\n    <!---->\r\n    <div class=\"h-section-grid-container h-section-boxed-container\">\r\n      <!---->\r\n      <div data-colibri-id=\"1203-c3\" class=\"h-row-container gutters-row-lg-2 gutters-row-md-2 gutters-row-0 gutters-row-v-lg-2 gutters-row-v-md-2 gutters-row-v-2 style-2969 style-local-1203-c3 position-relative\">\r\n        <!---->\r\n        <div class=\"h-row justify-content-lg-center justify-content-md-center justify-content-center align-items-lg-stretch align-items-md-stretch align-items-stretch gutters-col-lg-2 gutters-col-md-2 gutters-col-0 gutters-col-v-lg-2 gutters-col-v-md-2 gutters-col-v-2\">\r\n          <!---->\r\n          <div class=\"h-column h-column-container d-flex h-col-lg-auto h-col-md-auto h-col-auto style-2970-outer style-local-1203-c4-outer\">\r\n            <div data-colibri-id=\"1203-c4\" class=\"d-flex h-flex-basis h-column__inner h-px-lg-3 h-px-md-3 h-px-3 v-inner-lg-3 v-inner-md-3 v-inner-3 style-2970 style-local-1203-c4 position-relative\">\r\n              <!---->\r\n              <!---->\r\n              <div class=\"w-100 h-y-container h-column__content h-column__v-align flex-basis-100 align-self-lg-start align-self-md-start align-self-start\">\r\n                <!---->\r\n                <div data-colibri-id=\"1203-c5\" class=\"h-global-transition-all h-heading style-2971 style-local-1203-c5 position-relative h-element\">\r\n                  <!---->\r\n                  <div class=\"h-heading__outer style-2971 style-local-1203-c5\">\r\n                    <!---->\r\n                    <!---->\r\n                    <h3 class=\"\">La Corporaci\u00f3n brinda atenci\u00f3n\r\n                      <br>en terreno en distintos puntos de las regiones de Atacama, Coquimbo y Valpara\u00edso.\r\n                      <br>Conoce nuestra agenda:&nbsp;<\/h3>\r\n                  <\/div>\r\n                <\/div>\r\n              <\/div>\r\n            <\/div>\r\n          <\/div>\r\n        <\/div>\r\n      <\/div>\r\n    <\/div>\r\n  <\/div>\r\n  <div data-colibri-component=\"section\" data-colibri-id=\"1203-c6\" id=\"calendario\" class=\"h-section h-section-global-spacing d-flex align-items-lg-center align-items-md-center align-items-center style-2939 style-local-1203-c6 position-relative\">\r\n    <!---->\r\n    <!---->\r\n    <div class=\"h-section-grid-container h-section-boxed-container\">\r\n      <!---->\r\n      <div data-colibri-id=\"1203-c7\" class=\"h-row-container gutters-row-lg-2 gutters-row-md-2 gutters-row-0 gutters-row-v-lg-2 gutters-row-v-md-2 gutters-row-v-2 style-2940 style-local-1203-c7 position-relative\">\r\n        <!---->\r\n        <div class=\"h-row justify-content-lg-center justify-content-md-center justify-content-center align-items-lg-stretch align-items-md-stretch align-items-stretch gutters-col-lg-2 gutters-col-md-2 gutters-col-0 gutters-col-v-lg-2 gutters-col-v-md-2 gutters-col-v-2\">\r\n          <!---->\r\n          <div class=\"h-column h-column-container d-flex h-col-lg-auto h-col-md-auto h-col-auto style-2941-outer style-local-1203-c8-outer\">\r\n            <div data-colibri-id=\"1203-c8\" class=\"d-flex h-flex-basis h-column__inner h-px-lg-2 h-px-md-2 h-px-2 v-inner-lg-2 v-inner-md-2 v-inner-2 style-2941 style-local-1203-c8 position-relative\">\r\n              <!---->\r\n              <!---->\r\n              <div class=\"w-100 h-y-container h-column__content h-column__v-align flex-basis-100 align-self-lg-start align-self-md-start align-self-start\">\r\n                <!---->\r\n                <div data-colibri-id=\"1203-c9\" class=\"style-2942 style-local-1203-c9 position-relative h-element\">\r\n                  <!---->\r\n                  <div>\r\n                    \r\n                    <div class=\"wp-block-columns is-layout-flex wp-container-core-columns-is-layout-9d6595d7 wp-block-columns-is-layout-flex\">\r\n                      \r\n                      <div class=\"wp-block-column is-layout-flow wp-block-column-is-layout-flow\" style=\"flex-basis:66.66%\"><\/div>\r\n                      \r\n\r\n                      \r\n                      <div class=\"wp-block-column is-layout-flow wp-block-column-is-layout-flow\" style=\"flex-basis:33.33%\"><\/div>\r\n                      \r\n                    <\/div>\r\n                    \r\n\r\n                    \n<table id=\"tablepress-3\" class=\"tablepress tablepress-id-3 tablepress-responsive tablepress-responsive-stack-headers tablepress-responsive-stack-phone\">\n<thead>\n<tr class=\"row-1\">\n\t<th class=\"column-1\">Regi\u00f3n<\/th><th class=\"column-2\">Comuna<\/th><th class=\"column-3\">Lugar<\/th><th class=\"column-4\">Fecha y horario<\/th><th class=\"column-5\">Actividad<\/th>\n<\/tr>\n<\/thead>\n<tbody class=\"row-striping row-hover\">\n<tr class=\"row-2\">\n\t<td class=\"column-1\">Valpara\u00edso<\/td><td class=\"column-2\">Limache<\/td><td class=\"column-3\">Parque Brasil, calle De la Cerda 200-298<\/td><td class=\"column-4\">Mi\u00e9rcoles 8 de abril, 10 a 14 horas<\/td><td class=\"column-5\">Atenci\u00f3n en Terreno.<br \/>\nGobierno en Terreno<br \/>\nAsiste: Unidad de Participaci\u00f3n Ciudadana<\/td>\n<\/tr>\n<tr class=\"row-3\">\n\t<td class=\"column-1\">Valpara\u00edso<\/td><td class=\"column-2\">Puchuncav\u00ed<\/td><td class=\"column-3\">Plaza de Ventanas<\/td><td class=\"column-4\">Jueves 9 de abril, de 9.30 a 13.30 horas<\/td><td class=\"column-5\">Atenci\u00f3n en Terreno.<br \/>\nGobierno en Terreno.<br \/>\nAsiste: Centro de Atenci\u00f3n Quintero<\/td>\n<\/tr>\n<tr class=\"row-4\">\n\t<td class=\"column-1\">Valpara\u00edso<\/td><td class=\"column-2\">Quintero<\/td><td class=\"column-3\">Entrada Feria Libre, Luis Orione #225<\/td><td class=\"column-4\">Martes 14 de abril, 10 a 13.30 horas<\/td><td class=\"column-5\">Atenci\u00f3n en Terreno.<br \/>\nGobierno en Terreno.<br \/>\nAsiste: Unidad de Participaci\u00f3n Ciudadana<\/td>\n<\/tr>\n<tr class=\"row-5\">\n\t<td class=\"column-1\">Valpara\u00edso<\/td><td class=\"column-2\">Quilpu\u00e9<\/td><td class=\"column-3\">Feria Los Pinos, Valle del Para\u00edso esquina Las Barrancas, Los Pinos<\/td><td class=\"column-4\">Mi\u00e9rcoles 22 de abril, 10 a 14 horas<\/td><td class=\"column-5\">Atenci\u00f3n en Terreno.<br \/>\r\nGobierno en Terreno<br \/>\r\nAsiste: Unidad de Participaci\u00f3n Ciudadana<\/td>\n<\/tr>\n<\/tbody>\n<\/table>\n\r\n                  <\/div>\r\n                <\/div>\r\n              <\/div>\r\n            <\/div>\r\n          <\/div>\r\n        <\/div>\r\n      <\/div>\r\n    <\/div>\r\n  <\/div>\r\n  <div data-colibri-component=\"section\" data-colibri-id=\"1203-c10\" id=\"centros\" class=\"h-section h-section-global-spacing d-flex align-items-lg-center align-items-md-center align-items-center style-2949 style-local-1203-c10 position-relative\">\r\n    <!---->\r\n    <!---->\r\n    <div class=\"h-section-grid-container h-section-boxed-container\">\r\n      <!---->\r\n      <div data-colibri-id=\"1203-c11\" class=\"h-row-container gutters-row-lg-2 gutters-row-md-2 gutters-row-2 gutters-row-v-lg-2 gutters-row-v-md-2 gutters-row-v-2 style-2950 style-local-1203-c11 position-relative\">\r\n        <!---->\r\n        <div class=\"h-row justify-content-lg-center justify-content-md-center justify-content-center align-items-lg-stretch align-items-md-stretch align-items-stretch gutters-col-lg-2 gutters-col-md-2 gutters-col-2 gutters-col-v-lg-2 gutters-col-v-md-2 gutters-col-v-2\">\r\n          <!---->\r\n          <div class=\"h-column h-column-container d-flex h-col-lg-auto h-col-md-auto h-col-auto style-2951-outer style-local-1203-c12-outer\">\r\n            <div data-colibri-id=\"1203-c12\" class=\"d-flex h-flex-basis h-column__inner h-px-lg-2 h-px-md-2 h-px-2 v-inner-lg-2 v-inner-md-2 v-inner-2 style-2951 style-local-1203-c12 position-relative\">\r\n              <!---->\r\n              <!---->\r\n              <div class=\"w-100 h-y-container h-column__content h-column__v-align flex-basis-100 align-self-lg-start align-self-md-start align-self-start\">\r\n                <!---->\r\n                <div data-colibri-id=\"1203-c13\" class=\"h-row-container gutters-row-lg-0 gutters-row-md-0 gutters-row-0 gutters-row-v-lg-0 gutters-row-v-md-0 gutters-row-v-0 style-2952 style-local-1203-c13 position-relative\">\r\n                  <!---->\r\n                  <div class=\"h-row justify-content-lg-center justify-content-md-center justify-content-center align-items-lg-stretch align-items-md-stretch align-items-stretch gutters-col-lg-0 gutters-col-md-0 gutters-col-0 gutters-col-v-lg-0 gutters-col-v-md-0 gutters-col-v-0\">\r\n                    <!---->\r\n                    <div class=\"h-column h-column-container d-flex h-col-lg-auto h-col-md-auto h-col-auto style-2953-outer style-local-1203-c14-outer\">\r\n                      <div data-colibri-id=\"1203-c14\" class=\"d-flex h-flex-basis h-column__inner h-ui-empty-state-container h-px-lg-0 h-px-md-0 h-px-0 v-inner-lg-0 v-inner-md-0 v-inner-0 style-2953 style-local-1203-c14 position-relative\">\r\n                        <div class=\"background-wrapper\">\r\n                          <div class=\"background-layer background-layer-media-container-lg\">\r\n                            <!---->\r\n                            <div class=\"overlay-layer\">\r\n                              <div class=\"overlay-image-layer\" style=\"background-image: linear-gradient(10deg, rgba(255, 255, 255, 0) 0%, rgb(255, 255, 255) 100%);\"><\/div>\r\n                            <\/div>\r\n                          <\/div>\r\n                          <div class=\"background-layer background-layer-media-container-md\">\r\n                            <!---->\r\n                            <div class=\"overlay-layer\">\r\n                              <div class=\"overlay-image-layer\" style=\"background-image: linear-gradient(10deg, rgba(255, 255, 255, 0) 0%, rgb(255, 255, 255) 100%);\"><\/div>\r\n                            <\/div>\r\n                          <\/div>\r\n                          <div class=\"background-layer background-layer-media-container\">\r\n                            <!---->\r\n                            <div class=\"overlay-layer\">\r\n                              <div class=\"overlay-image-layer\" style=\"background-image: linear-gradient(10deg, rgba(255, 255, 255, 0) 0%, rgb(255, 255, 255) 100%);\"><\/div>\r\n                            <\/div>\r\n                          <\/div>\r\n                        <\/div>\r\n                        <!---->\r\n                        <div class=\"w-100 h-y-container h-column__content h-column__v-align flex-basis-100\">\r\n                          <!---->\r\n                        <\/div>\r\n                      <\/div>\r\n                    <\/div>\r\n                    <div class=\"h-column h-column-container d-flex h-col-lg-auto h-col-md-auto h-col-auto style-2954-outer style-local-1203-c15-outer\">\r\n                      <div data-colibri-id=\"1203-c15\" class=\"d-flex h-flex-basis h-column__inner h-px-lg-2 h-px-md-2 h-px-2 v-inner-lg-2 v-inner-md-2 v-inner-2 style-2954 style-local-1203-c15 position-relative\">\r\n                        <!---->\r\n                        <!---->\r\n                        <div class=\"w-100 h-y-container h-column__content h-column__v-align flex-basis-100 align-self-lg-center align-self-md-center align-self-center\">\r\n                          <!---->\r\n                          <div data-colibri-id=\"1203-c16\" class=\"h-global-transition-all h-heading style-2955 style-local-1203-c16 position-relative h-element\">\r\n                            <!---->\r\n                            <div class=\"h-heading__outer style-2955 style-local-1203-c16\">\r\n                              <!---->\r\n                              <!---->\r\n                              <h2 class=\"\">Recuerda que tambi\u00e9n puedes consultar cu\u00e1l es el centro de atenci\u00f3n m\u00e1s pr\u00f3ximo a tu domicilio.<\/h2>\r\n                            <\/div>\r\n                          <\/div>\r\n                          <div data-colibri-id=\"1203-c17\" class=\"h-x-container style-2957 style-local-1203-c17 position-relative h-element\">\r\n                            <!---->\r\n                            <div class=\"h-x-container-inner style-dynamic-1203-c17-group style-2957-spacing style-local-1203-c17-spacing\"><span class=\"h-button__outer style-2958-outer style-local-1203-c18-outer d-inline-flex h-element\"><a h-use-smooth-scroll=\"true\" href=\"https:\/\/cajval.cl\/index2.php\/index.php\/nuestras-oficinas\/\"  data-colibri-id=\"1203-c18\" class=\"d-flex w-100 align-items-center h-button justify-content-lg-center justify-content-md-center justify-content-center style-2958 style-local-1203-c18 position-relative\"><!----><!----> <span>Centros de Atenci\u00f3n <\/span><\/a>\r\n                              <\/span>\r\n                            <\/div>\r\n                          <\/div>\r\n                        <\/div>\r\n                      <\/div>\r\n                    <\/div>\r\n                  <\/div>\r\n                <\/div>\r\n              <\/div>\r\n            <\/div>\r\n          <\/div>\r\n        <\/div>\r\n      <\/div>\r\n    <\/div>\r\n  <\/div>\r\n<\/div>","protected":false},"excerpt":{"rendered":"<p>La Corporaci\u00f3n brinda atenci\u00f3n en terreno en distintos puntos de las regiones de Atacama, Coquimbo y Valpara\u00edso. Conoce nuestra agenda:&nbsp; Recuerda que tambi\u00e9n puedes consultar cu\u00e1l es el centro de atenci\u00f3n m\u00e1s pr\u00f3ximo a tu domicilio. Centros de Atenci\u00f3n<\/p>\n","protected":false},"author":3,"featured_media":0,"parent":0,"menu_order":0,"comment_status":"closed","ping_status":"closed","template":"page-templates\/full-width-page.php","meta":{"footnotes":""},"class_list":["post-1203","page","type-page","status-publish","hentry"],"yoast_head":"<!-- This site is optimized with the Yoast SEO plugin v27.3 - https:\/\/yoast.com\/product\/yoast-seo-wordpress\/ -->\n<title>CALENDARIO DE ACTIVIDADES - CAJVAL<\/title>\n<meta name=\"robots\" content=\"index, follow, max-snippet:-1, max-image-preview:large, max-video-preview:-1\" \/>\n<link rel=\"canonical\" href=\"https:\/\/cajval.cl\/index2.php\/index.php\/calendario-de-actividades\/\" \/>\n<meta property=\"og:locale\" content=\"es_ES\" \/>\n<meta property=\"og:type\" content=\"article\" \/>\n<meta property=\"og:title\" content=\"CALENDARIO DE ACTIVIDADES - CAJVAL\" \/>\n<meta property=\"og:description\" content=\"La Corporaci\u00f3n brinda atenci\u00f3n en terreno en distintos puntos de las regiones de Atacama, Coquimbo y Valpara\u00edso. Conoce nuestra agenda:&nbsp; Recuerda que tambi\u00e9n puedes consultar cu\u00e1l es el centro de atenci\u00f3n m\u00e1s pr\u00f3ximo a tu domicilio. Centros de Atenci\u00f3n\" \/>\n<meta property=\"og:url\" content=\"https:\/\/cajval.cl\/index2.php\/index.php\/calendario-de-actividades\/\" \/>\n<meta property=\"og:site_name\" content=\"CAJVAL\" \/>\n<meta property=\"article:modified_time\" content=\"2024-04-26T16:37:56+00:00\" \/>\n<meta name=\"twitter:card\" content=\"summary_large_image\" \/>\n<meta name=\"twitter:label1\" content=\"Tiempo de lectura\" \/>\n\t<meta name=\"twitter:data1\" content=\"1 minuto\" \/>\n<script type=\"application\/ld+json\" class=\"yoast-schema-graph\">{\"@context\":\"https:\\\/\\\/schema.org\",\"@graph\":[{\"@type\":\"WebPage\",\"@id\":\"https:\\\/\\\/cajval.cl\\\/index2.php\\\/index.php\\\/calendario-de-actividades\\\/\",\"url\":\"https:\\\/\\\/cajval.cl\\\/index2.php\\\/index.php\\\/calendario-de-actividades\\\/\",\"name\":\"CALENDARIO DE ACTIVIDADES - CAJVAL\",\"isPartOf\":{\"@id\":\"https:\\\/\\\/cajval.cl\\\/index2.php\\\/#website\"},\"datePublished\":\"2024-01-26T11:44:25+00:00\",\"dateModified\":\"2024-04-26T16:37:56+00:00\",\"breadcrumb\":{\"@id\":\"https:\\\/\\\/cajval.cl\\\/index2.php\\\/index.php\\\/calendario-de-actividades\\\/#breadcrumb\"},\"inLanguage\":\"es\",\"potentialAction\":[{\"@type\":\"ReadAction\",\"target\":[\"https:\\\/\\\/cajval.cl\\\/index2.php\\\/index.php\\\/calendario-de-actividades\\\/\"]}]},{\"@type\":\"BreadcrumbList\",\"@id\":\"https:\\\/\\\/cajval.cl\\\/index2.php\\\/index.php\\\/calendario-de-actividades\\\/#breadcrumb\",\"itemListElement\":[{\"@type\":\"ListItem\",\"position\":1,\"name\":\"Portada\",\"item\":\"https:\\\/\\\/cajval.cl\\\/index2.php\\\/\"},{\"@type\":\"ListItem\",\"position\":2,\"name\":\"CALENDARIO DE ACTIVIDADES\"}]},{\"@type\":\"WebSite\",\"@id\":\"https:\\\/\\\/cajval.cl\\\/index2.php\\\/#website\",\"url\":\"https:\\\/\\\/cajval.cl\\\/index2.php\\\/\",\"name\":\"CAJVAL\",\"description\":\"CAJVAL\",\"publisher\":{\"@id\":\"https:\\\/\\\/cajval.cl\\\/index2.php\\\/#organization\"},\"potentialAction\":[{\"@type\":\"SearchAction\",\"target\":{\"@type\":\"EntryPoint\",\"urlTemplate\":\"https:\\\/\\\/cajval.cl\\\/index2.php\\\/?s={search_term_string}\"},\"query-input\":{\"@type\":\"PropertyValueSpecification\",\"valueRequired\":true,\"valueName\":\"search_term_string\"}}],\"inLanguage\":\"es\"},{\"@type\":\"Organization\",\"@id\":\"https:\\\/\\\/cajval.cl\\\/index2.php\\\/#organization\",\"name\":\"CAJVAL\",\"url\":\"https:\\\/\\\/cajval.cl\\\/index2.php\\\/\",\"logo\":{\"@type\":\"ImageObject\",\"inLanguage\":\"es\",\"@id\":\"https:\\\/\\\/cajval.cl\\\/index2.php\\\/#\\\/schema\\\/logo\\\/image\\\/\",\"url\":\"https:\\\/\\\/cajval.cl\\\/wp-content\\\/uploads\\\/2024\\\/04\\\/LOGO3REGIONES.png\",\"contentUrl\":\"https:\\\/\\\/cajval.cl\\\/wp-content\\\/uploads\\\/2024\\\/04\\\/LOGO3REGIONES.png\",\"width\":625,\"height\":567,\"caption\":\"CAJVAL\"},\"image\":{\"@id\":\"https:\\\/\\\/cajval.cl\\\/index2.php\\\/#\\\/schema\\\/logo\\\/image\\\/\"}}]}<\/script>\n<!-- \/ Yoast SEO plugin. -->","yoast_head_json":{"title":"CALENDARIO DE ACTIVIDADES - CAJVAL","robots":{"index":"index","follow":"follow","max-snippet":"max-snippet:-1","max-image-preview":"max-image-preview:large","max-video-preview":"max-video-preview:-1"},"canonical":"https:\/\/cajval.cl\/index2.php\/index.php\/calendario-de-actividades\/","og_locale":"es_ES","og_type":"article","og_title":"CALENDARIO DE ACTIVIDADES - CAJVAL","og_description":"La Corporaci\u00f3n brinda atenci\u00f3n en terreno en distintos puntos de las regiones de Atacama, Coquimbo y Valpara\u00edso. Conoce nuestra agenda:&nbsp; Recuerda que tambi\u00e9n puedes consultar cu\u00e1l es el centro de atenci\u00f3n m\u00e1s pr\u00f3ximo a tu domicilio. Centros de Atenci\u00f3n","og_url":"https:\/\/cajval.cl\/index2.php\/index.php\/calendario-de-actividades\/","og_site_name":"CAJVAL","article_modified_time":"2024-04-26T16:37:56+00:00","twitter_card":"summary_large_image","twitter_misc":{"Tiempo de lectura":"1 minuto"},"schema":{"@context":"https:\/\/schema.org","@graph":[{"@type":"WebPage","@id":"https:\/\/cajval.cl\/index2.php\/index.php\/calendario-de-actividades\/","url":"https:\/\/cajval.cl\/index2.php\/index.php\/calendario-de-actividades\/","name":"CALENDARIO DE ACTIVIDADES - CAJVAL","isPartOf":{"@id":"https:\/\/cajval.cl\/index2.php\/#website"},"datePublished":"2024-01-26T11:44:25+00:00","dateModified":"2024-04-26T16:37:56+00:00","breadcrumb":{"@id":"https:\/\/cajval.cl\/index2.php\/index.php\/calendario-de-actividades\/#breadcrumb"},"inLanguage":"es","potentialAction":[{"@type":"ReadAction","target":["https:\/\/cajval.cl\/index2.php\/index.php\/calendario-de-actividades\/"]}]},{"@type":"BreadcrumbList","@id":"https:\/\/cajval.cl\/index2.php\/index.php\/calendario-de-actividades\/#breadcrumb","itemListElement":[{"@type":"ListItem","position":1,"name":"Portada","item":"https:\/\/cajval.cl\/index2.php\/"},{"@type":"ListItem","position":2,"name":"CALENDARIO DE ACTIVIDADES"}]},{"@type":"WebSite","@id":"https:\/\/cajval.cl\/index2.php\/#website","url":"https:\/\/cajval.cl\/index2.php\/","name":"CAJVAL","description":"CAJVAL","publisher":{"@id":"https:\/\/cajval.cl\/index2.php\/#organization"},"potentialAction":[{"@type":"SearchAction","target":{"@type":"EntryPoint","urlTemplate":"https:\/\/cajval.cl\/index2.php\/?s={search_term_string}"},"query-input":{"@type":"PropertyValueSpecification","valueRequired":true,"valueName":"search_term_string"}}],"inLanguage":"es"},{"@type":"Organization","@id":"https:\/\/cajval.cl\/index2.php\/#organization","name":"CAJVAL","url":"https:\/\/cajval.cl\/index2.php\/","logo":{"@type":"ImageObject","inLanguage":"es","@id":"https:\/\/cajval.cl\/index2.php\/#\/schema\/logo\/image\/","url":"https:\/\/cajval.cl\/wp-content\/uploads\/2024\/04\/LOGO3REGIONES.png","contentUrl":"https:\/\/cajval.cl\/wp-content\/uploads\/2024\/04\/LOGO3REGIONES.png","width":625,"height":567,"caption":"CAJVAL"},"image":{"@id":"https:\/\/cajval.cl\/index2.php\/#\/schema\/logo\/image\/"}}]}},"_links":{"self":[{"href":"https:\/\/cajval.cl\/index2.php\/index.php\/wp-json\/wp\/v2\/pages\/1203","targetHints":{"allow":["GET"]}}],"collection":[{"href":"https:\/\/cajval.cl\/index2.php\/index.php\/wp-json\/wp\/v2\/pages"}],"about":[{"href":"https:\/\/cajval.cl\/index2.php\/index.php\/wp-json\/wp\/v2\/types\/page"}],"author":[{"embeddable":true,"href":"https:\/\/cajval.cl\/index2.php\/index.php\/wp-json\/wp\/v2\/users\/3"}],"replies":[{"embeddable":true,"href":"https:\/\/cajval.cl\/index2.php\/index.php\/wp-json\/wp\/v2\/comments?post=1203"}],"version-history":[{"count":8,"href":"https:\/\/cajval.cl\/index2.php\/index.php\/wp-json\/wp\/v2\/pages\/1203\/revisions"}],"predecessor-version":[{"id":3957,"href":"https:\/\/cajval.cl\/index2.php\/index.php\/wp-json\/wp\/v2\/pages\/1203\/revisions\/3957"}],"wp:attachment":[{"href":"https:\/\/cajval.cl\/index2.php\/index.php\/wp-json\/wp\/v2\/media?parent=1203"}],"curies":[{"name":"wp","href":"https:\/\/api.w.org\/{rel}","templated":true}]}}