{"id":1189,"date":"2024-01-26T11:40:12","date_gmt":"2024-01-26T11:40:12","guid":{"rendered":"https:\/\/cajval.cl\/index2.php\/?page_id=1189"},"modified":"2026-04-13T20:06:05","modified_gmt":"2026-04-13T20:06:05","slug":"solucion-colaborativa-de-conflictos","status":"publish","type":"page","link":"https:\/\/cajval.cl\/index2.php\/index.php\/solucion-colaborativa-de-conflictos\/","title":{"rendered":"SOLUCI\u00d3N COLABORATIVA DE CONFLICTOS"},"content":{"rendered":"<div data-colibri-id=\"1189-c1\" class=\"style-1416 style-local-1189-c1 position-relative\">\n  <!---->\n  <div data-colibri-component=\"section\" data-colibri-id=\"1189-c2\" id=\"content\" class=\"h-section h-section-global-spacing d-flex align-items-lg-center align-items-md-center align-items-center style-1417 style-local-1189-c2 position-relative\">\n    <!---->\n    <!---->\n    <div class=\"h-section-grid-container h-section-boxed-container\">\n      <!---->\n      <div data-colibri-id=\"1189-c3\" class=\"h-row-container gutters-row-lg-2 gutters-row-md-2 gutters-row-2 gutters-row-v-lg-2 gutters-row-v-md-2 gutters-row-v-0 style-1418 style-local-1189-c3 position-relative\">\n        <!---->\n        <div class=\"h-row justify-content-lg-center justify-content-md-center justify-content-center align-items-lg-stretch align-items-md-stretch align-items-stretch gutters-col-lg-2 gutters-col-md-2 gutters-col-2 gutters-col-v-lg-2 gutters-col-v-md-2 gutters-col-v-0\">\n          <!---->\n          <div class=\"h-column h-column-container d-flex h-col-lg-auto h-col-md-auto h-col-auto style-1419-outer style-local-1189-c4-outer\">\n            <div data-colibri-id=\"1189-c4\" class=\"d-flex h-flex-basis h-column__inner h-px-lg-0 h-px-md-0 h-px-0 v-inner-lg-0 v-inner-md-0 v-inner-0 style-1419 style-local-1189-c4 position-relative\">\n              <!---->\n              <!---->\n              <div class=\"w-100 h-y-container h-column__content h-column__v-align flex-basis-100 align-self-lg-center align-self-md-center align-self-center\">\n                <!---->\n                <div data-colibri-component=\"content-swap\" data-colibri-id=\"1189-c5\" class=\"content-swap style-1420 style-local-1189-c5 h-overflow-hidden position-relative h-element\">\n                  <!---->\n                  <div class=\"d-flex position-relative border-radius-inherit h-content-swap__overflow\">\n                    <div data-normal=\"\" data-colibri-id=\"1189-c6\" class=\"h-content-swap__normal d-flex border-radius-inherit hide-animation style-1421 style-local-1189-c6 position-relative\">\n                      <!---->\n                      <div class=\"w-100 h-y-container align-self-lg-center align-self-md-center align-self-center\">\n                        <!---->\n                        <div data-colibri-id=\"1189-c7\" class=\"h-divider style-1424 style-local-1189-c7 position-relative h-element\">\n                          <!----><span class=\"h-divider__line style-1424-line style-local-1189-c7-line style-1424-line style-local-1189-c7-line\"><\/span><\/div>\n                        <div data-colibri-id=\"1189-c8\" class=\"h-text h-text-component style-1425 style-local-1189-c8 position-relative h-element\">\n                          <!---->\n                          <!---->\n                          <div class=\"\">\n                            <p><strong style=\"font-size: 92%;\">\u00bfQu\u00e9 es la Soluci\u00f3n Colaborativa de Conflictos?<\/strong><\/p>\n                            <p><span style=\"font-size: 92%;\">Se trata de un proceso voluntario en el cual las personas en conflicto son apoyadas por un profesional o mediador\/a imparcial, que en un marco de di\u00e1logo y respeto propician la b\u00fasqueda de un acuerdo que puede ser formalizado ante un Tribunal.<\/span><\/p>\n                            <p><strong style=\"font-size: 92%;\">\u00bfQui\u00e9nes pueden acceder?<\/strong><\/p>\n                            <p><span style=\"font-size: 92%;\">Todas las personas que requieran apoyo para la resoluci\u00f3n de un conflicto. Para su ingreso al servicio se evaluar\u00e1n las materias y cobertura territorial.<\/span><\/p>\n                            <p><strong style=\"font-size: 92%;\">\u00bfD\u00f3nde consultar?<\/strong><\/p>\n                            <p><span style=\"font-size: 92%;\">Este servicio es brindado por nuestros Centros de Mediaci\u00f3n Regionales ubicados en Copiap\u00f3, La Serena y Valpara\u00edso y por algunos de los Centros de Atenci\u00f3n Jur\u00eddico Sociales, en materias que tienen que ver con conflictos familiares, civiles, penales, vecinales y comunitarios.<\/span><\/p>\n                          <\/div>\n                        <\/div>\n                      <\/div>\n                    <\/div>\n                    <div data-hover=\"\" data-colibri-component=\"link\" data-href=\"\" data-colibri-id=\"1189-c9\" class=\"h-content-swap-hover-container animated h-content-swap__hover d-flex border-radius-inherit slideInLeft justify-content-lg-center justify-content-md-center justify-content-center style-1426 style-local-1189-c9 position-relative\"\n                      style=\"display: none;\">\n                      <!---->\n                      <div class=\"w-100 h-y-container align-self-lg-center align-self-md-center align-self-center\">\n                        <!---->\n                        <div data-colibri-id=\"1189-c10\" class=\"h-row-container gutters-row-lg-0 gutters-row-md-0 gutters-row-2 gutters-row-v-lg-0 gutters-row-v-md-0 gutters-row-v-2 style-1427 style-local-1189-c10 position-relative\">\n                          <!---->\n                          <div class=\"h-row justify-content-lg-center justify-content-md-center justify-content-center align-items-lg-stretch align-items-md-stretch align-items-stretch gutters-col-lg-0 gutters-col-md-0 gutters-col-2 gutters-col-v-lg-0 gutters-col-v-md-0 gutters-col-v-2\">\n                            <!---->\n                            <div class=\"h-column h-column-container d-flex h-col-lg h-col-md h-col-auto style-1428-outer style-local-1189-c11-outer\">\n                              <div data-colibri-id=\"1189-c11\" class=\"d-flex h-flex-basis h-column__inner h-ui-empty-state-container h-px-lg-0 h-px-md-0 h-px-0 v-inner-lg-0 v-inner-md-0 v-inner-0 style-1428 style-local-1189-c11 position-relative\">\n                                <!---->\n                                <!---->\n                                <div class=\"w-100 h-y-container h-column__content h-column__v-align flex-basis-100\">\n                                  <!---->\n                                <\/div>\n                              <\/div>\n                            <\/div>\n                            <div class=\"h-column h-column-container d-flex h-col-lg-auto h-col-md-auto h-col-auto style-1429-outer style-local-1189-c12-outer h-hide-sm\">\n                              <div data-colibri-id=\"1189-c12\" class=\"d-flex h-flex-basis h-column__inner h-px-lg-2 h-px-md-2 h-px-2 v-inner-lg-0 v-inner-md-0 v-inner-2 style-1429 style-local-1189-c12 h-hide-sm position-relative\">\n                                <!---->\n                                <!---->\n                                <div class=\"w-100 h-y-container h-column__content h-column__v-align flex-basis-auto align-self-lg-center align-self-md-center align-self-center\">\n                                  <!---->\n                                  <div data-colibri-id=\"1189-c13\" class=\"h-icon style-1430 style-local-1189-c13 position-relative h-element\">\n                                    <!---->\n                                    <a href=\"#\" h-use-smooth-scroll=\"true\"><span class=\"h-svg-icon h-icon__icon style-1430-icon style-local-1189-c13-icon\"><!--Icon by Icons8 Line Awesome (https:\/\/icons8.com\/line-awesome)--><svg version=\"1.1\" xmlns=\"http:\/\/www.w3.org\/2000\/svg\" xmlns:xlink=\"http:\/\/www.w3.org\/1999\/xlink\" id=\"long-arrow-right\" viewBox=\"0 0 512 545.5\"><path d=\"M339 180.5l96 96 11.5 11.5-11.5 11.5-96 96-22.5-23L385 304H64v-32h321l-68.5-68.5z\"><\/path><\/svg><\/span><\/a>\n                                  <\/div>\n                                <\/div>\n                              <\/div>\n                            <\/div>\n                          <\/div>\n                        <\/div>\n                      <\/div>\n                    <\/div>\n                  <\/div>\n                <\/div>\n              <\/div>\n            <\/div>\n          <\/div>\n          <div class=\"h-column h-column-container d-flex h-col-lg-auto h-col-md-auto h-col-auto style-1431-outer style-local-1189-c14-outer\">\n            <div data-colibri-id=\"1189-c14\" class=\"d-flex h-flex-basis h-column__inner h-ui-empty-state-container h-px-lg-0 h-px-md-0 h-px-0 v-inner-lg-0 v-inner-md-0 v-inner-0 style-1431 style-local-1189-c14 position-relative\">\n              <!---->\n              <!---->\n              <div class=\"w-100 h-y-container h-column__content h-column__v-align flex-basis-100\">\n                <!---->\n              <\/div>\n            <\/div>\n          <\/div>\n        <\/div>\n      <\/div>\n    <\/div>\n  <\/div>\n  <div data-colibri-component=\"section\" data-colibri-id=\"1189-c15\" id=\"reusable-sections\" class=\"h-section h-section-global-spacing d-flex align-items-lg-center align-items-md-center align-items-center style-9996 style-local-1189-c15 position-relative\">\n    <!---->\n    <!---->\n    <div class=\"h-section-grid-container h-section-boxed-container\">\n      <!---->\n      <div data-colibri-id=\"1189-c16\" class=\"h-row-container gutters-row-lg-2 gutters-row-md-2 gutters-row-2 gutters-row-v-lg-2 gutters-row-v-md-2 gutters-row-v-2 style-9997 style-local-1189-c16 position-relative\">\n        <!---->\n        <div class=\"h-row justify-content-lg-center justify-content-md-center justify-content-center align-items-lg-stretch align-items-md-stretch align-items-stretch gutters-col-lg-2 gutters-col-md-2 gutters-col-2 gutters-col-v-lg-2 gutters-col-v-md-2 gutters-col-v-2\">\n          <!---->\n          <div class=\"h-column h-column-container d-flex h-col-lg-4 h-col-md-4 h-col-12 style-9998-outer style-local-1189-c17-outer\">\n            <div data-colibri-id=\"1189-c17\" class=\"d-flex h-flex-basis h-column__inner h-px-lg-3 h-px-md-3 h-px-3 v-inner-lg-3 v-inner-md-3 v-inner-3 style-9998 style-local-1189-c17 position-relative\">\n              <!---->\n              <!---->\n              <div class=\"w-100 h-y-container h-column__content h-column__v-align flex-basis-100 align-self-lg-start align-self-md-start align-self-start\">\n                <!---->\n                <div data-colibri-id=\"1189-c18\" class=\"h-icon style-9999 style-local-1189-c18 position-relative h-element\">\n                  <!---->\n                  <a href=\"https:\/\/cajval.cl\/index2.php\/index.php\/atencion-ciudadana\/\" h-use-smooth-scroll=\"true\"><span class=\"h-svg-icon h-icon__icon style-9999-icon style-local-1189-c18-icon\"><!--Icon by Font Awesome (https:\/\/fontawesome.com)-->\n    <svg version=\"1.1\" xmlns=\"http:\/\/www.w3.org\/2000\/svg\" xmlns:xlink=\"http:\/\/www.w3.org\/1999\/xlink\" id=\"users\" viewBox=\"0 0 1920 1896.0833\">\n      <path d=\"M593 896q-162 5-265 128H194q-82 0-138-40.5T0 865q0-353 124-353 6 0 43.5 21t97.5 42.5T384 597q67 0 133-23-5 37-5 66 0 139 81 256zm1071 637q0 120-73 189.5t-194 69.5H523q-121 0-194-69.5T256 1533q0-53 3.5-103.5t14-109T300 1212t43-97.5 62-81 85.5-53.5T602 960q10 0 43 21.5t73 48 107 48 135 21.5 135-21.5 107-48 73-48 43-21.5q61 0 111.5 20t85.5 53.5 62 81 43 97.5 26.5 108.5 14 109 3.5 103.5zM640 256q0 106-75 181t-181 75-181-75-75-181 75-181T384 0t181 75 75 181zm704 384q0 159-112.5 271.5T960 1024 688.5 911.5 576 640t112.5-271.5T960 256t271.5 112.5T1344 640zm576 225q0 78-56 118.5t-138 40.5h-134q-103-123-265-128 81-117 81-256 0-29-5-66 66 23 133 23 59 0 119-21.5t97.5-42.5 43.5-21q124 0 124 353zm-128-609q0 106-75 181t-181 75-181-75-75-181 75-181 181-75 181 75 75 181z\"><\/path>\n    <\/svg><\/span><\/a>\n                <\/div>\n                <div data-colibri-id=\"1189-c19\" class=\"h-global-transition-all h-heading style-10000 style-local-1189-c19 position-relative h-element\">\n                  <!---->\n                  <div class=\"h-heading__outer style-10000 style-local-1189-c19\">\n                    <!---->\n                    <!---->\n                    <a href=\"https:\/\/cajval.cl\/index2.php\/index.php\/atencion-ciudadana\/\" h-use-smooth-scroll=\"true\">\n                      <h4 class=\"\">Atenci\u00f3n Ciudadana<\/h4>\n                    <\/a>\n                  <\/div>\n                <\/div>\n              <\/div>\n            <\/div>\n          <\/div>\n          <div class=\"h-column h-column-container d-flex h-col-lg-4 h-col-md-4 h-col-12 style-10001-outer style-local-1189-c20-outer\">\n            <div data-colibri-id=\"1189-c20\" class=\"d-flex h-flex-basis h-column__inner h-px-lg-3 h-px-md-3 h-px-3 v-inner-lg-3 v-inner-md-3 v-inner-3 style-10001 style-local-1189-c20 position-relative\">\n              <!---->\n              <!---->\n              <div class=\"w-100 h-y-container h-column__content h-column__v-align flex-basis-100 align-self-lg-start align-self-md-start align-self-start\">\n                <!---->\n                <div data-colibri-id=\"1189-c21\" class=\"h-icon style-10002 style-local-1189-c21 position-relative h-element\">\n                  <!---->\n                  <a href=\"https:\/\/cajval.cl\/index2.php\/index.php\/formulario-de-atencion\/\" h-use-smooth-scroll=\"true\"><span class=\"h-svg-icon h-icon__icon style-10002-icon style-local-1189-c21-icon\"><!--Icon by Ionicons (https:\/\/ionicons.com)--><svg version=\"1.1\" xmlns=\"http:\/\/www.w3.org\/2000\/svg\" xmlns:xlink=\"http:\/\/www.w3.org\/1999\/xlink\" id=\"android-chat\" viewBox=\"0 0 416 512\"><path d=\"M344 64c4 0 7 4 7 8v214c0 4-3 9-7 9H157l-90 89v-89H10c-4 0-10-5-10-9V72c0-4 6-8 10-8h334zm64 63c4 0 8 5 8 9v214c0 4-4 9-8 9h-57v89l-90-89H131l39-39h181c18 0 25-10 25-26V127h32z\"><\/path><\/svg><\/span><\/a>\n                <\/div>\n                <div data-colibri-id=\"1189-c22\" class=\"h-global-transition-all h-heading style-10000 style-local-1189-c22 position-relative h-element\">\n                  <!---->\n                  <div class=\"h-heading__outer style-10000 style-local-1189-c22\">\n                    <!---->\n                    <!---->\n                    <a href=\"https:\/\/cajval.cl\/index2.php\/index.php\/formulario-de-atencion\/\" h-use-smooth-scroll=\"true\">\n                      <h4 class=\"\">Formulario de Atenci\u00f3n<\/h4>\n                    <\/a>\n                  <\/div>\n                <\/div>\n              <\/div>\n            <\/div>\n          <\/div>\n          <div class=\"h-column h-column-container d-flex h-col-lg-4 h-col-md-4 h-col-12 style-10003-outer style-local-1189-c23-outer\">\n            <div data-colibri-id=\"1189-c23\" class=\"d-flex h-flex-basis h-column__inner h-px-lg-3 h-px-md-3 h-px-3 v-inner-lg-3 v-inner-md-3 v-inner-3 style-10003 style-local-1189-c23 position-relative\">\n              <!---->\n              <!---->\n              <div class=\"w-100 h-y-container h-column__content h-column__v-align flex-basis-100 align-self-lg-start align-self-md-start align-self-start\">\n                <!---->\n                <div data-colibri-id=\"1189-c24\" class=\"h-icon style-10004 style-local-1189-c24 position-relative h-element\">\n                  <!---->\n                  <a href=\"https:\/\/cajval.cl\/index2.php\/index.php\/nuestras-oficinas\/\" h-use-smooth-scroll=\"true\"><span class=\"h-svg-icon h-icon__icon style-10004-icon style-local-1189-c24-icon\"><!--Icon by Font Awesome (https:\/\/fontawesome.com)-->\n    <svg version=\"1.1\" xmlns=\"http:\/\/www.w3.org\/2000\/svg\" xmlns:xlink=\"http:\/\/www.w3.org\/1999\/xlink\" id=\"map-marker\" viewBox=\"0 0 1049.8953 1896.0833\">\n      <path d=\"M768 640q0-106-75-181t-181-75-181 75-75 181 75 181 181 75 181-75 75-181zm256 0q0 109-33 179l-364 774q-16 33-47.5 52t-67.5 19-67.5-19-46.5-52L33 819Q0 749 0 640q0-212 150-362t362-150 362 150 150 362z\"><\/path>\n    <\/svg><\/span><\/a>\n                <\/div>\n                <div data-colibri-id=\"1189-c25\" class=\"h-global-transition-all h-heading style-10000 style-local-1189-c25 position-relative h-element\">\n                  <!---->\n                  <div class=\"h-heading__outer style-10000 style-local-1189-c25\">\n                    <!---->\n                    <!---->\n                    <a href=\"https:\/\/cajval.cl\/index2.php\/index.php\/nuestras-oficinas\/\" h-use-smooth-scroll=\"true\">\n                      <h4 class=\"\">Nuestras Oficinas<\/h4>\n                    <\/a>\n                  <\/div>\n                <\/div>\n              <\/div>\n            <\/div>\n          <\/div>\n        <\/div>\n      <\/div>\n    <\/div>\n  <\/div>\n<\/div>","protected":false},"excerpt":{"rendered":"<p>\u00bfQu\u00e9 es la Soluci\u00f3n Colaborativa de Conflictos? Se trata de un proceso voluntario en el cual las personas en conflicto son apoyadas por un profesional o mediador\/a imparcial, que en un marco de di\u00e1logo y respeto propician la b\u00fasqueda de un acuerdo que puede ser formalizado ante un Tribunal. \u00bfQui\u00e9nes pueden acceder? Todas las personas [&hellip;]<\/p>\n","protected":false},"author":3,"featured_media":0,"parent":0,"menu_order":0,"comment_status":"closed","ping_status":"closed","template":"page-templates\/full-width-page.php","meta":{"footnotes":""},"class_list":["post-1189","page","type-page","status-publish","hentry"],"yoast_head":"<!-- This site is optimized with the Yoast SEO plugin v27.4 - https:\/\/yoast.com\/product\/yoast-seo-wordpress\/ -->\n<title>SOLUCI\u00d3N COLABORATIVA DE CONFLICTOS - CAJVAL<\/title>\n<meta name=\"robots\" content=\"index, follow, max-snippet:-1, max-image-preview:large, max-video-preview:-1\" \/>\n<link rel=\"canonical\" href=\"https:\/\/cajval.cl\/index2.php\/index.php\/solucion-colaborativa-de-conflictos\/\" \/>\n<meta property=\"og:locale\" content=\"es_ES\" \/>\n<meta property=\"og:type\" content=\"article\" \/>\n<meta property=\"og:title\" content=\"SOLUCI\u00d3N COLABORATIVA DE CONFLICTOS - CAJVAL\" \/>\n<meta property=\"og:description\" content=\"\u00bfQu\u00e9 es la Soluci\u00f3n Colaborativa de Conflictos? Se trata de un proceso voluntario en el cual las personas en conflicto son apoyadas por un profesional o mediador\/a imparcial, que en un marco de di\u00e1logo y respeto propician la b\u00fasqueda de un acuerdo que puede ser formalizado ante un Tribunal. \u00bfQui\u00e9nes pueden acceder? Todas las personas [&hellip;]\" \/>\n<meta property=\"og:url\" content=\"https:\/\/cajval.cl\/index2.php\/index.php\/solucion-colaborativa-de-conflictos\/\" \/>\n<meta property=\"og:site_name\" content=\"CAJVAL\" \/>\n<meta property=\"article:modified_time\" content=\"2026-04-13T20:06:05+00:00\" \/>\n<meta name=\"twitter:card\" content=\"summary_large_image\" \/>\n<script type=\"application\/ld+json\" class=\"yoast-schema-graph\">{\"@context\":\"https:\\\/\\\/schema.org\",\"@graph\":[{\"@type\":\"WebPage\",\"@id\":\"https:\\\/\\\/cajval.cl\\\/index2.php\\\/index.php\\\/solucion-colaborativa-de-conflictos\\\/\",\"url\":\"https:\\\/\\\/cajval.cl\\\/index2.php\\\/index.php\\\/solucion-colaborativa-de-conflictos\\\/\",\"name\":\"SOLUCI\u00d3N COLABORATIVA DE CONFLICTOS - CAJVAL\",\"isPartOf\":{\"@id\":\"https:\\\/\\\/cajval.cl\\\/index2.php\\\/#website\"},\"datePublished\":\"2024-01-26T11:40:12+00:00\",\"dateModified\":\"2026-04-13T20:06:05+00:00\",\"breadcrumb\":{\"@id\":\"https:\\\/\\\/cajval.cl\\\/index2.php\\\/index.php\\\/solucion-colaborativa-de-conflictos\\\/#breadcrumb\"},\"inLanguage\":\"es\",\"potentialAction\":[{\"@type\":\"ReadAction\",\"target\":[\"https:\\\/\\\/cajval.cl\\\/index2.php\\\/index.php\\\/solucion-colaborativa-de-conflictos\\\/\"]}]},{\"@type\":\"BreadcrumbList\",\"@id\":\"https:\\\/\\\/cajval.cl\\\/index2.php\\\/index.php\\\/solucion-colaborativa-de-conflictos\\\/#breadcrumb\",\"itemListElement\":[{\"@type\":\"ListItem\",\"position\":1,\"name\":\"Portada\",\"item\":\"https:\\\/\\\/cajval.cl\\\/index2.php\\\/\"},{\"@type\":\"ListItem\",\"position\":2,\"name\":\"SOLUCI\u00d3N COLABORATIVA DE CONFLICTOS\"}]},{\"@type\":\"WebSite\",\"@id\":\"https:\\\/\\\/cajval.cl\\\/index2.php\\\/#website\",\"url\":\"https:\\\/\\\/cajval.cl\\\/index2.php\\\/\",\"name\":\"CAJVAL\",\"description\":\"CAJVAL\",\"publisher\":{\"@id\":\"https:\\\/\\\/cajval.cl\\\/index2.php\\\/#organization\"},\"potentialAction\":[{\"@type\":\"SearchAction\",\"target\":{\"@type\":\"EntryPoint\",\"urlTemplate\":\"https:\\\/\\\/cajval.cl\\\/index2.php\\\/?s={search_term_string}\"},\"query-input\":{\"@type\":\"PropertyValueSpecification\",\"valueRequired\":true,\"valueName\":\"search_term_string\"}}],\"inLanguage\":\"es\"},{\"@type\":\"Organization\",\"@id\":\"https:\\\/\\\/cajval.cl\\\/index2.php\\\/#organization\",\"name\":\"CAJVAL\",\"url\":\"https:\\\/\\\/cajval.cl\\\/index2.php\\\/\",\"logo\":{\"@type\":\"ImageObject\",\"inLanguage\":\"es\",\"@id\":\"https:\\\/\\\/cajval.cl\\\/index2.php\\\/#\\\/schema\\\/logo\\\/image\\\/\",\"url\":\"https:\\\/\\\/cajval.cl\\\/wp-content\\\/uploads\\\/2024\\\/04\\\/LOGO3REGIONES.png\",\"contentUrl\":\"https:\\\/\\\/cajval.cl\\\/wp-content\\\/uploads\\\/2024\\\/04\\\/LOGO3REGIONES.png\",\"width\":625,\"height\":567,\"caption\":\"CAJVAL\"},\"image\":{\"@id\":\"https:\\\/\\\/cajval.cl\\\/index2.php\\\/#\\\/schema\\\/logo\\\/image\\\/\"}}]}<\/script>\n<!-- \/ Yoast SEO plugin. -->","yoast_head_json":{"title":"SOLUCI\u00d3N COLABORATIVA DE CONFLICTOS - CAJVAL","robots":{"index":"index","follow":"follow","max-snippet":"max-snippet:-1","max-image-preview":"max-image-preview:large","max-video-preview":"max-video-preview:-1"},"canonical":"https:\/\/cajval.cl\/index2.php\/index.php\/solucion-colaborativa-de-conflictos\/","og_locale":"es_ES","og_type":"article","og_title":"SOLUCI\u00d3N COLABORATIVA DE CONFLICTOS - CAJVAL","og_description":"\u00bfQu\u00e9 es la Soluci\u00f3n Colaborativa de Conflictos? Se trata de un proceso voluntario en el cual las personas en conflicto son apoyadas por un profesional o mediador\/a imparcial, que en un marco de di\u00e1logo y respeto propician la b\u00fasqueda de un acuerdo que puede ser formalizado ante un Tribunal. \u00bfQui\u00e9nes pueden acceder? Todas las personas [&hellip;]","og_url":"https:\/\/cajval.cl\/index2.php\/index.php\/solucion-colaborativa-de-conflictos\/","og_site_name":"CAJVAL","article_modified_time":"2026-04-13T20:06:05+00:00","twitter_card":"summary_large_image","schema":{"@context":"https:\/\/schema.org","@graph":[{"@type":"WebPage","@id":"https:\/\/cajval.cl\/index2.php\/index.php\/solucion-colaborativa-de-conflictos\/","url":"https:\/\/cajval.cl\/index2.php\/index.php\/solucion-colaborativa-de-conflictos\/","name":"SOLUCI\u00d3N COLABORATIVA DE CONFLICTOS - CAJVAL","isPartOf":{"@id":"https:\/\/cajval.cl\/index2.php\/#website"},"datePublished":"2024-01-26T11:40:12+00:00","dateModified":"2026-04-13T20:06:05+00:00","breadcrumb":{"@id":"https:\/\/cajval.cl\/index2.php\/index.php\/solucion-colaborativa-de-conflictos\/#breadcrumb"},"inLanguage":"es","potentialAction":[{"@type":"ReadAction","target":["https:\/\/cajval.cl\/index2.php\/index.php\/solucion-colaborativa-de-conflictos\/"]}]},{"@type":"BreadcrumbList","@id":"https:\/\/cajval.cl\/index2.php\/index.php\/solucion-colaborativa-de-conflictos\/#breadcrumb","itemListElement":[{"@type":"ListItem","position":1,"name":"Portada","item":"https:\/\/cajval.cl\/index2.php\/"},{"@type":"ListItem","position":2,"name":"SOLUCI\u00d3N COLABORATIVA DE CONFLICTOS"}]},{"@type":"WebSite","@id":"https:\/\/cajval.cl\/index2.php\/#website","url":"https:\/\/cajval.cl\/index2.php\/","name":"CAJVAL","description":"CAJVAL","publisher":{"@id":"https:\/\/cajval.cl\/index2.php\/#organization"},"potentialAction":[{"@type":"SearchAction","target":{"@type":"EntryPoint","urlTemplate":"https:\/\/cajval.cl\/index2.php\/?s={search_term_string}"},"query-input":{"@type":"PropertyValueSpecification","valueRequired":true,"valueName":"search_term_string"}}],"inLanguage":"es"},{"@type":"Organization","@id":"https:\/\/cajval.cl\/index2.php\/#organization","name":"CAJVAL","url":"https:\/\/cajval.cl\/index2.php\/","logo":{"@type":"ImageObject","inLanguage":"es","@id":"https:\/\/cajval.cl\/index2.php\/#\/schema\/logo\/image\/","url":"https:\/\/cajval.cl\/wp-content\/uploads\/2024\/04\/LOGO3REGIONES.png","contentUrl":"https:\/\/cajval.cl\/wp-content\/uploads\/2024\/04\/LOGO3REGIONES.png","width":625,"height":567,"caption":"CAJVAL"},"image":{"@id":"https:\/\/cajval.cl\/index2.php\/#\/schema\/logo\/image\/"}}]}},"_links":{"self":[{"href":"https:\/\/cajval.cl\/index2.php\/index.php\/wp-json\/wp\/v2\/pages\/1189","targetHints":{"allow":["GET"]}}],"collection":[{"href":"https:\/\/cajval.cl\/index2.php\/index.php\/wp-json\/wp\/v2\/pages"}],"about":[{"href":"https:\/\/cajval.cl\/index2.php\/index.php\/wp-json\/wp\/v2\/types\/page"}],"author":[{"embeddable":true,"href":"https:\/\/cajval.cl\/index2.php\/index.php\/wp-json\/wp\/v2\/users\/3"}],"replies":[{"embeddable":true,"href":"https:\/\/cajval.cl\/index2.php\/index.php\/wp-json\/wp\/v2\/comments?post=1189"}],"version-history":[{"count":4,"href":"https:\/\/cajval.cl\/index2.php\/index.php\/wp-json\/wp\/v2\/pages\/1189\/revisions"}],"predecessor-version":[{"id":26788,"href":"https:\/\/cajval.cl\/index2.php\/index.php\/wp-json\/wp\/v2\/pages\/1189\/revisions\/26788"}],"wp:attachment":[{"href":"https:\/\/cajval.cl\/index2.php\/index.php\/wp-json\/wp\/v2\/media?parent=1189"}],"curies":[{"name":"wp","href":"https:\/\/api.w.org\/{rel}","templated":true}]}}