{"id":11881,"date":"2024-10-21T18:01:24","date_gmt":"2024-10-21T18:01:24","guid":{"rendered":"https:\/\/cajval.cl\/index2.php\/?page_id=11881"},"modified":"2024-10-30T16:10:41","modified_gmt":"2024-10-30T16:10:41","slug":"ps1-01-proceso-de-seleccion-interno-profesional-coordinador-de-la-subdireccion-de-las-personas","status":"publish","type":"page","link":"https:\/\/cajval.cl\/index2.php\/index.php\/ps1-01-proceso-de-seleccion-interno-profesional-coordinador-de-la-subdireccion-de-las-personas\/","title":{"rendered":"PSI-01 Proceso de Selecci\u00f3n Interno. Profesional Coordinador de la Subdirecci\u00f3n de las Personas."},"content":{"rendered":"\n\n\n<figure class=\"wp-block-table\"><table><thead><tr><th class=\"has-text-align-center\" data-align=\"center\">FECHA<\/th><th>ETAPA DEL PROCESO<\/th><th>DOCUMENTOS<\/th><\/tr><\/thead><tbody><tr><td class=\"has-text-align-center\" data-align=\"center\">30\/10\/2024<\/td><td>Resoluci\u00f3n Resuelve Proceso e Informe Final<\/td><td><a href=\"https:\/\/www.cajval.cl\/contenidos\/concursos\/2024\/PSI01\/2158-2024 Resuelve PSI 01-2024.pdf\" target=\"_blank\" rel=\"noreferrer noopener\">Descargar<\/a><\/td><\/tr><tr><td class=\"has-text-align-center\" data-align=\"center\">28\/10\/2024<\/td><td>Citaci\u00f3n a Evaluaci\u00f3n de Apreciaci\u00f3n Global Integral<\/td><td><a href=\"https:\/\/www.cajval.cl\/contenidos\/concursos\/2024\/PSI01\/Citaci\u00f3n_a_Evaluaci\u00f3n_de_Apreciaci\u00f3n_Global_Integral_PSI01-2024.pdf\" target=\"_blank\" rel=\"noreferrer noopener\">Descargar<\/a><\/td><\/tr><tr><td class=\"has-text-align-center\" data-align=\"center\">28\/10\/2024<\/td><td>Acta Evaluaci\u00f3n Curricular Coordinador(a) Subdirecci\u00f3n de las Personas<\/td><td><a href=\"https:\/\/www.cajval.cl\/contenidos\/concursos\/2024\/PSI01\/Acta_Evaluaci\u00f3n_Curricular_Coordinador(a)_PSI01-2024.pdf\" target=\"_blank\" rel=\"noreferrer noopener\">Descargar<\/a><\/td><\/tr><tr><td class=\"has-text-align-center\" data-align=\"center\">21\/10\/2024<\/td><td>Bases<\/td><td><a href=\"https:\/\/www.cajval.cl\/contenidos\/concursos\/2024\/PSI01\/2072-2024%20R.%20Ex.%20Autoriza%20llamado%20y%20aprueba%20bases%20Coordinador%20Subdirecci%C3%B3n%20Personas.pdf\" target=\"_blank\" rel=\"noreferrer noopener\">Descargar<\/a><\/td><\/tr><\/tbody><\/table><\/figure>\n\n\n\n<p><\/p>\n","protected":false},"excerpt":{"rendered":"<p>FECHA ETAPA DEL PROCESO DOCUMENTOS 30\/10\/2024 Resoluci\u00f3n Resuelve Proceso e Informe Final Descargar 28\/10\/2024 Citaci\u00f3n a Evaluaci\u00f3n de Apreciaci\u00f3n Global Integral Descargar 28\/10\/2024 Acta Evaluaci\u00f3n Curricular Coordinador(a) Subdirecci\u00f3n de las Personas Descargar 21\/10\/2024 Bases Descargar<\/p>\n","protected":false},"author":3,"featured_media":0,"parent":0,"menu_order":0,"comment_status":"closed","ping_status":"closed","template":"","meta":{"footnotes":""},"class_list":["post-11881","page","type-page","status-publish","hentry"],"yoast_head":"<!-- This site is optimized with the Yoast SEO plugin v27.4 - https:\/\/yoast.com\/product\/yoast-seo-wordpress\/ -->\n<title>PSI-01 Proceso de Selecci\u00f3n Interno. Profesional Coordinador de la Subdirecci\u00f3n de las Personas. - CAJVAL<\/title>\n<meta name=\"robots\" content=\"index, follow, max-snippet:-1, max-image-preview:large, max-video-preview:-1\" \/>\n<link rel=\"canonical\" href=\"https:\/\/cajval.cl\/index2.php\/index.php\/ps1-01-proceso-de-seleccion-interno-profesional-coordinador-de-la-subdireccion-de-las-personas\/\" \/>\n<meta property=\"og:locale\" content=\"es_ES\" \/>\n<meta property=\"og:type\" content=\"article\" \/>\n<meta property=\"og:title\" content=\"PSI-01 Proceso de Selecci\u00f3n Interno. Profesional Coordinador de la Subdirecci\u00f3n de las Personas. - CAJVAL\" \/>\n<meta property=\"og:description\" content=\"FECHA ETAPA DEL PROCESO DOCUMENTOS 30\/10\/2024 Resoluci\u00f3n Resuelve Proceso e Informe Final Descargar 28\/10\/2024 Citaci\u00f3n a Evaluaci\u00f3n de Apreciaci\u00f3n Global Integral Descargar 28\/10\/2024 Acta Evaluaci\u00f3n Curricular Coordinador(a) Subdirecci\u00f3n de las Personas Descargar 21\/10\/2024 Bases Descargar\" \/>\n<meta property=\"og:url\" content=\"https:\/\/cajval.cl\/index2.php\/index.php\/ps1-01-proceso-de-seleccion-interno-profesional-coordinador-de-la-subdireccion-de-las-personas\/\" \/>\n<meta property=\"og:site_name\" content=\"CAJVAL\" \/>\n<meta property=\"article:modified_time\" content=\"2024-10-30T16:10:41+00:00\" \/>\n<meta name=\"twitter:card\" content=\"summary_large_image\" \/>\n<meta name=\"twitter:label1\" content=\"Tiempo de lectura\" \/>\n\t<meta name=\"twitter:data1\" content=\"1 minuto\" \/>\n<script type=\"application\/ld+json\" class=\"yoast-schema-graph\">{\"@context\":\"https:\\\/\\\/schema.org\",\"@graph\":[{\"@type\":\"WebPage\",\"@id\":\"https:\\\/\\\/cajval.cl\\\/index2.php\\\/index.php\\\/ps1-01-proceso-de-seleccion-interno-profesional-coordinador-de-la-subdireccion-de-las-personas\\\/\",\"url\":\"https:\\\/\\\/cajval.cl\\\/index2.php\\\/index.php\\\/ps1-01-proceso-de-seleccion-interno-profesional-coordinador-de-la-subdireccion-de-las-personas\\\/\",\"name\":\"PSI-01 Proceso de Selecci\u00f3n Interno. Profesional Coordinador de la Subdirecci\u00f3n de las Personas. - CAJVAL\",\"isPartOf\":{\"@id\":\"https:\\\/\\\/cajval.cl\\\/index2.php\\\/#website\"},\"datePublished\":\"2024-10-21T18:01:24+00:00\",\"dateModified\":\"2024-10-30T16:10:41+00:00\",\"breadcrumb\":{\"@id\":\"https:\\\/\\\/cajval.cl\\\/index2.php\\\/index.php\\\/ps1-01-proceso-de-seleccion-interno-profesional-coordinador-de-la-subdireccion-de-las-personas\\\/#breadcrumb\"},\"inLanguage\":\"es\",\"potentialAction\":[{\"@type\":\"ReadAction\",\"target\":[\"https:\\\/\\\/cajval.cl\\\/index2.php\\\/index.php\\\/ps1-01-proceso-de-seleccion-interno-profesional-coordinador-de-la-subdireccion-de-las-personas\\\/\"]}]},{\"@type\":\"BreadcrumbList\",\"@id\":\"https:\\\/\\\/cajval.cl\\\/index2.php\\\/index.php\\\/ps1-01-proceso-de-seleccion-interno-profesional-coordinador-de-la-subdireccion-de-las-personas\\\/#breadcrumb\",\"itemListElement\":[{\"@type\":\"ListItem\",\"position\":1,\"name\":\"Portada\",\"item\":\"https:\\\/\\\/cajval.cl\\\/index2.php\\\/\"},{\"@type\":\"ListItem\",\"position\":2,\"name\":\"PSI-01 Proceso de Selecci\u00f3n Interno. Profesional Coordinador de la Subdirecci\u00f3n de las Personas.\"}]},{\"@type\":\"WebSite\",\"@id\":\"https:\\\/\\\/cajval.cl\\\/index2.php\\\/#website\",\"url\":\"https:\\\/\\\/cajval.cl\\\/index2.php\\\/\",\"name\":\"CAJVAL\",\"description\":\"CAJVAL\",\"publisher\":{\"@id\":\"https:\\\/\\\/cajval.cl\\\/index2.php\\\/#organization\"},\"potentialAction\":[{\"@type\":\"SearchAction\",\"target\":{\"@type\":\"EntryPoint\",\"urlTemplate\":\"https:\\\/\\\/cajval.cl\\\/index2.php\\\/?s={search_term_string}\"},\"query-input\":{\"@type\":\"PropertyValueSpecification\",\"valueRequired\":true,\"valueName\":\"search_term_string\"}}],\"inLanguage\":\"es\"},{\"@type\":\"Organization\",\"@id\":\"https:\\\/\\\/cajval.cl\\\/index2.php\\\/#organization\",\"name\":\"CAJVAL\",\"url\":\"https:\\\/\\\/cajval.cl\\\/index2.php\\\/\",\"logo\":{\"@type\":\"ImageObject\",\"inLanguage\":\"es\",\"@id\":\"https:\\\/\\\/cajval.cl\\\/index2.php\\\/#\\\/schema\\\/logo\\\/image\\\/\",\"url\":\"https:\\\/\\\/cajval.cl\\\/wp-content\\\/uploads\\\/2024\\\/04\\\/LOGO3REGIONES.png\",\"contentUrl\":\"https:\\\/\\\/cajval.cl\\\/wp-content\\\/uploads\\\/2024\\\/04\\\/LOGO3REGIONES.png\",\"width\":625,\"height\":567,\"caption\":\"CAJVAL\"},\"image\":{\"@id\":\"https:\\\/\\\/cajval.cl\\\/index2.php\\\/#\\\/schema\\\/logo\\\/image\\\/\"}}]}<\/script>\n<!-- \/ Yoast SEO plugin. -->","yoast_head_json":{"title":"PSI-01 Proceso de Selecci\u00f3n Interno. Profesional Coordinador de la Subdirecci\u00f3n de las Personas. - CAJVAL","robots":{"index":"index","follow":"follow","max-snippet":"max-snippet:-1","max-image-preview":"max-image-preview:large","max-video-preview":"max-video-preview:-1"},"canonical":"https:\/\/cajval.cl\/index2.php\/index.php\/ps1-01-proceso-de-seleccion-interno-profesional-coordinador-de-la-subdireccion-de-las-personas\/","og_locale":"es_ES","og_type":"article","og_title":"PSI-01 Proceso de Selecci\u00f3n Interno. Profesional Coordinador de la Subdirecci\u00f3n de las Personas. - CAJVAL","og_description":"FECHA ETAPA DEL PROCESO DOCUMENTOS 30\/10\/2024 Resoluci\u00f3n Resuelve Proceso e Informe Final Descargar 28\/10\/2024 Citaci\u00f3n a Evaluaci\u00f3n de Apreciaci\u00f3n Global Integral Descargar 28\/10\/2024 Acta Evaluaci\u00f3n Curricular Coordinador(a) Subdirecci\u00f3n de las Personas Descargar 21\/10\/2024 Bases Descargar","og_url":"https:\/\/cajval.cl\/index2.php\/index.php\/ps1-01-proceso-de-seleccion-interno-profesional-coordinador-de-la-subdireccion-de-las-personas\/","og_site_name":"CAJVAL","article_modified_time":"2024-10-30T16:10:41+00:00","twitter_card":"summary_large_image","twitter_misc":{"Tiempo de lectura":"1 minuto"},"schema":{"@context":"https:\/\/schema.org","@graph":[{"@type":"WebPage","@id":"https:\/\/cajval.cl\/index2.php\/index.php\/ps1-01-proceso-de-seleccion-interno-profesional-coordinador-de-la-subdireccion-de-las-personas\/","url":"https:\/\/cajval.cl\/index2.php\/index.php\/ps1-01-proceso-de-seleccion-interno-profesional-coordinador-de-la-subdireccion-de-las-personas\/","name":"PSI-01 Proceso de Selecci\u00f3n Interno. Profesional Coordinador de la Subdirecci\u00f3n de las Personas. - CAJVAL","isPartOf":{"@id":"https:\/\/cajval.cl\/index2.php\/#website"},"datePublished":"2024-10-21T18:01:24+00:00","dateModified":"2024-10-30T16:10:41+00:00","breadcrumb":{"@id":"https:\/\/cajval.cl\/index2.php\/index.php\/ps1-01-proceso-de-seleccion-interno-profesional-coordinador-de-la-subdireccion-de-las-personas\/#breadcrumb"},"inLanguage":"es","potentialAction":[{"@type":"ReadAction","target":["https:\/\/cajval.cl\/index2.php\/index.php\/ps1-01-proceso-de-seleccion-interno-profesional-coordinador-de-la-subdireccion-de-las-personas\/"]}]},{"@type":"BreadcrumbList","@id":"https:\/\/cajval.cl\/index2.php\/index.php\/ps1-01-proceso-de-seleccion-interno-profesional-coordinador-de-la-subdireccion-de-las-personas\/#breadcrumb","itemListElement":[{"@type":"ListItem","position":1,"name":"Portada","item":"https:\/\/cajval.cl\/index2.php\/"},{"@type":"ListItem","position":2,"name":"PSI-01 Proceso de Selecci\u00f3n Interno. Profesional Coordinador de la Subdirecci\u00f3n de las Personas."}]},{"@type":"WebSite","@id":"https:\/\/cajval.cl\/index2.php\/#website","url":"https:\/\/cajval.cl\/index2.php\/","name":"CAJVAL","description":"CAJVAL","publisher":{"@id":"https:\/\/cajval.cl\/index2.php\/#organization"},"potentialAction":[{"@type":"SearchAction","target":{"@type":"EntryPoint","urlTemplate":"https:\/\/cajval.cl\/index2.php\/?s={search_term_string}"},"query-input":{"@type":"PropertyValueSpecification","valueRequired":true,"valueName":"search_term_string"}}],"inLanguage":"es"},{"@type":"Organization","@id":"https:\/\/cajval.cl\/index2.php\/#organization","name":"CAJVAL","url":"https:\/\/cajval.cl\/index2.php\/","logo":{"@type":"ImageObject","inLanguage":"es","@id":"https:\/\/cajval.cl\/index2.php\/#\/schema\/logo\/image\/","url":"https:\/\/cajval.cl\/wp-content\/uploads\/2024\/04\/LOGO3REGIONES.png","contentUrl":"https:\/\/cajval.cl\/wp-content\/uploads\/2024\/04\/LOGO3REGIONES.png","width":625,"height":567,"caption":"CAJVAL"},"image":{"@id":"https:\/\/cajval.cl\/index2.php\/#\/schema\/logo\/image\/"}}]}},"_links":{"self":[{"href":"https:\/\/cajval.cl\/index2.php\/index.php\/wp-json\/wp\/v2\/pages\/11881","targetHints":{"allow":["GET"]}}],"collection":[{"href":"https:\/\/cajval.cl\/index2.php\/index.php\/wp-json\/wp\/v2\/pages"}],"about":[{"href":"https:\/\/cajval.cl\/index2.php\/index.php\/wp-json\/wp\/v2\/types\/page"}],"author":[{"embeddable":true,"href":"https:\/\/cajval.cl\/index2.php\/index.php\/wp-json\/wp\/v2\/users\/3"}],"replies":[{"embeddable":true,"href":"https:\/\/cajval.cl\/index2.php\/index.php\/wp-json\/wp\/v2\/comments?post=11881"}],"version-history":[{"count":7,"href":"https:\/\/cajval.cl\/index2.php\/index.php\/wp-json\/wp\/v2\/pages\/11881\/revisions"}],"predecessor-version":[{"id":12380,"href":"https:\/\/cajval.cl\/index2.php\/index.php\/wp-json\/wp\/v2\/pages\/11881\/revisions\/12380"}],"wp:attachment":[{"href":"https:\/\/cajval.cl\/index2.php\/index.php\/wp-json\/wp\/v2\/media?parent=11881"}],"curies":[{"name":"wp","href":"https:\/\/api.w.org\/{rel}","templated":true}]}}