{"id":1187,"date":"2024-01-26T11:39:33","date_gmt":"2024-01-26T11:39:33","guid":{"rendered":"https:\/\/cajval.cl\/index2.php\/?page_id=1187"},"modified":"2026-04-13T20:03:37","modified_gmt":"2026-04-13T20:03:37","slug":"representacion-judicial","status":"publish","type":"page","link":"https:\/\/cajval.cl\/index2.php\/index.php\/representacion-judicial\/","title":{"rendered":"REPRESENTACI\u00d3N JUDICIAL"},"content":{"rendered":"<div data-colibri-id=\"1187-c1\" class=\"style-1384 style-local-1187-c1 position-relative\">\n  <!---->\n  <div data-colibri-component=\"section\" data-colibri-id=\"1187-c2\" id=\"content\" class=\"h-section h-section-global-spacing d-flex align-items-lg-center align-items-md-center align-items-center style-1385 style-local-1187-c2 position-relative\">\n    <div class=\"background-wrapper\">\n      <div class=\"background-layer background-layer-media-container-lg\">\n        <!---->\n        <div class=\"overlay-layer\">\n          <div class=\"overlay-image-layer\" style=\"background-image: linear-gradient(90deg, rgb(3, 169, 244) 40%, rgb(255, 255, 255) 0%);\"><\/div>\n        <\/div>\n      <\/div>\n      <div class=\"background-layer background-layer-media-container-md\">\n        <!---->\n        <div class=\"overlay-layer\">\n          <div class=\"overlay-image-layer\" style=\"background-image: linear-gradient(90deg, rgb(3, 169, 244) 40%, rgb(255, 255, 255) 0%);\"><\/div>\n        <\/div>\n      <\/div>\n      <div class=\"background-layer background-layer-media-container\">\n        <!---->\n        <div class=\"overlay-layer\">\n          <div class=\"overlay-image-layer\" style=\"background-image: linear-gradient(90deg, rgb(3, 169, 244) 40%, rgb(255, 255, 255) 0%);\"><\/div>\n        <\/div>\n      <\/div>\n    <\/div>\n    <!---->\n    <div class=\"h-section-grid-container h-section-boxed-container\">\n      <!---->\n      <div data-colibri-id=\"1187-c3\" class=\"h-row-container gutters-row-lg-2 gutters-row-md-2 gutters-row-2 gutters-row-v-lg-2 gutters-row-v-md-2 gutters-row-v-2 style-1386 style-local-1187-c3 position-relative\">\n        <!---->\n        <div class=\"h-row justify-content-lg-center justify-content-md-center justify-content-center align-items-lg-stretch align-items-md-stretch align-items-stretch gutters-col-lg-2 gutters-col-md-2 gutters-col-2 gutters-col-v-lg-2 gutters-col-v-md-2 gutters-col-v-2\">\n          <!---->\n          <div class=\"h-column h-column-container d-flex h-col-lg-auto h-col-md-auto h-col-auto style-1387-outer style-local-1187-c4-outer\">\n            <div data-colibri-id=\"1187-c4\" class=\"d-flex h-flex-basis h-column__inner h-ui-empty-state-container h-px-lg-0 h-px-md-0 h-px-0 v-inner-lg-0 v-inner-md-0 v-inner-0 style-1387 style-local-1187-c4 position-relative\">\n              <!---->\n              <!---->\n              <div class=\"w-100 h-y-container h-column__content h-column__v-align flex-basis-100\">\n                <!---->\n              <\/div>\n            <\/div>\n          <\/div>\n          <div class=\"h-column h-column-container d-flex h-col-lg-auto h-col-md-auto h-col-auto style-1388-outer style-local-1187-c5-outer\">\n            <div data-colibri-id=\"1187-c5\" class=\"d-flex h-flex-basis h-column__inner h-px-lg-0 h-px-md-0 h-px-0 v-inner-lg-0 v-inner-md-0 v-inner-0 style-1388 style-local-1187-c5 position-relative\">\n              <!---->\n              <!---->\n              <div class=\"w-100 h-y-container h-column__content h-column__v-align flex-basis-100 align-self-lg-center align-self-md-center align-self-center\">\n                <!---->\n                <div data-colibri-component=\"content-swap\" data-colibri-id=\"1187-c6\" class=\"content-swap style-1389 style-local-1187-c6 h-overflow-hidden position-relative h-element\">\n                  <!---->\n                  <div class=\"d-flex position-relative border-radius-inherit h-content-swap__overflow\">\n                    <div data-normal=\"\" data-colibri-id=\"1187-c7\" class=\"h-content-swap__normal d-flex border-radius-inherit hide-animation style-1390 style-local-1187-c7 position-relative\">\n                      <!---->\n                      <div class=\"w-100 h-y-container align-self-lg-center align-self-md-center align-self-center\">\n                        <!---->\n                        <div data-colibri-id=\"1187-c8\" class=\"h-divider style-1393 style-local-1187-c8 position-relative h-element\">\n                          <!----><span class=\"h-divider__line style-1393-line style-local-1187-c8-line style-1393-line style-local-1187-c8-line\"><\/span><\/div>\n                        <div data-colibri-id=\"1187-c9\" class=\"h-text h-text-component style-1394 style-local-1187-c9 position-relative h-element\">\n                          <!---->\n                          <!---->\n                          <div class=\"\">\n                            <p><strong style=\"font-size: 85%;\">\u00bfQu\u00e9 es el patrocinio judicial?<\/strong><\/p>\n                            <p><span style=\"font-size: 85%;\">La defensa y representaci\u00f3n judicial constituye el n\u00facleo del trabajo de la Corporaci\u00f3n de Asistencia Judicial. Da cumplimiento a la garant\u00eda constitucional del art\u00edculo 19 n\u00famero 3 de la Constituci\u00f3n Pol\u00edtica de la Rep\u00fablica que garantiza a todas las personas la igual protecci\u00f3n de la ley en el ejercicio de sus derechos. Es una l\u00ednea de atenci\u00f3n profesional y especializada orientada a resolver conflictos jur\u00eddico sociales ante los Tribunales de Justicia.<\/span><\/p>\n                            <p><strong style=\"font-size: 85%;\">\u00bfQui\u00e9nes pueden acceder?<\/strong><\/p>\n                            <p><span style=\"font-size: 85%;\">Para acceder a este servicio se debe aplicar criterios de focalizaci\u00f3n, entre ellos, el Registro Social de Hogares. Las principales materias en esta l\u00ednea corresponden a temas de familia, civil y laboral.<\/span><\/p>\n                            <p><strong style=\"font-size: 85%;\">\u00bfD\u00f3nde consultar?<\/strong><\/p>\n                            <p><span style=\"font-size: 85%;\">De manera presencial en nuestras unidades. En nuestras redes sociales y sitio web encontrar\u00e1s los datos de contacto, adem\u00e1s de acceso al formulario de atenci\u00f3n  Web. Cont\u00e1ctanos, \u00a1podemos ayudarte!<\/span><\/p>\n                          <\/div>\n                        <\/div>\n                      <\/div>\n                    <\/div>\n                    <div data-hover=\"\" data-colibri-component=\"link\" data-href=\"\" data-colibri-id=\"1187-c10\" class=\"h-content-swap-hover-container animated h-content-swap__hover d-flex border-radius-inherit slideInRight justify-content-lg-center justify-content-md-center justify-content-center style-1395 style-local-1187-c10 position-relative\"\n                      style=\"display: none;\">\n                      <!---->\n                      <div class=\"w-100 h-y-container align-self-lg-center align-self-md-center align-self-center\">\n                        <!---->\n                        <div data-colibri-id=\"1187-c11\" class=\"h-row-container gutters-row-lg-0 gutters-row-md-0 gutters-row-2 gutters-row-v-lg-0 gutters-row-v-md-0 gutters-row-v-2 style-1396 style-local-1187-c11 position-relative\">\n                          <!---->\n                          <div class=\"h-row justify-content-lg-center justify-content-md-center justify-content-center align-items-lg-stretch align-items-md-stretch align-items-stretch gutters-col-lg-0 gutters-col-md-0 gutters-col-2 gutters-col-v-lg-0 gutters-col-v-md-0 gutters-col-v-2\">\n                            <!---->\n                            <div class=\"h-column h-column-container d-flex h-col-lg-auto h-col-md-auto h-col-auto style-1397-outer style-local-1187-c12-outer h-hide-sm\">\n                              <div data-colibri-id=\"1187-c12\" class=\"d-flex h-flex-basis h-column__inner h-px-lg-2 h-px-md-2 h-px-2 v-inner-lg-0 v-inner-md-0 v-inner-2 style-1397 style-local-1187-c12 h-hide-sm position-relative\">\n                                <!---->\n                                <!---->\n                                <div class=\"w-100 h-y-container h-column__content h-column__v-align flex-basis-auto align-self-lg-center align-self-md-center align-self-center\">\n                                  <!---->\n                                  <div data-colibri-id=\"1187-c13\" class=\"h-icon style-1398 style-local-1187-c13 position-relative h-element\">\n                                    <!---->\n                                    <a href=\"#\" h-use-smooth-scroll=\"true\"><span class=\"h-svg-icon h-icon__icon style-1398-icon style-local-1187-c13-icon\"><!--Icon by Icons8 Line Awesome (https:\/\/icons8.com\/line-awesome)--><svg version=\"1.1\" xmlns=\"http:\/\/www.w3.org\/2000\/svg\" xmlns:xlink=\"http:\/\/www.w3.org\/1999\/xlink\" id=\"long-arrow-left\" viewBox=\"0 0 512 545.5\"><path d=\"M173 180.5l22.5 23L127 272h321v32H127l68.5 68.5-22.5 23-96-96L65.5 288 77 276.5z\"><\/path><\/svg><\/span><\/a>\n                                  <\/div>\n                                <\/div>\n                              <\/div>\n                            <\/div>\n                            <div class=\"h-column h-column-container d-flex h-col-lg h-col-md h-col-auto style-1399-outer style-local-1187-c14-outer\">\n                              <div data-colibri-id=\"1187-c14\" class=\"d-flex h-flex-basis h-column__inner h-ui-empty-state-container h-px-lg-0 h-px-md-0 h-px-0 v-inner-lg-0 v-inner-md-0 v-inner-0 style-1399 style-local-1187-c14 position-relative\">\n                                <!---->\n                                <!---->\n                                <div class=\"w-100 h-y-container h-column__content h-column__v-align flex-basis-100\">\n                                  <!---->\n                                <\/div>\n                              <\/div>\n                            <\/div>\n                          <\/div>\n                        <\/div>\n                      <\/div>\n                    <\/div>\n                  <\/div>\n                <\/div>\n              <\/div>\n            <\/div>\n          <\/div>\n        <\/div>\n      <\/div>\n    <\/div>\n  <\/div>\n  <div data-colibri-component=\"section\" data-colibri-id=\"1187-c22\" id=\"reusable-sections\" class=\"h-section h-section-global-spacing d-flex align-items-lg-center align-items-md-center align-items-center style-9987 style-local-1187-c22 position-relative\">\n    <!---->\n    <!---->\n    <div class=\"h-section-grid-container h-section-boxed-container\">\n      <!---->\n      <div data-colibri-id=\"1187-c23\" class=\"h-row-container gutters-row-lg-2 gutters-row-md-2 gutters-row-2 gutters-row-v-lg-2 gutters-row-v-md-2 gutters-row-v-2 style-9988 style-local-1187-c23 position-relative\">\n        <!---->\n        <div class=\"h-row justify-content-lg-center justify-content-md-center justify-content-center align-items-lg-stretch align-items-md-stretch align-items-stretch gutters-col-lg-2 gutters-col-md-2 gutters-col-2 gutters-col-v-lg-2 gutters-col-v-md-2 gutters-col-v-2\">\n          <!---->\n          <div class=\"h-column h-column-container d-flex h-col-lg-4 h-col-md-4 h-col-12 style-9989-outer style-local-1187-c24-outer\">\n            <div data-colibri-id=\"1187-c24\" class=\"d-flex h-flex-basis h-column__inner h-px-lg-3 h-px-md-3 h-px-3 v-inner-lg-3 v-inner-md-3 v-inner-3 style-9989 style-local-1187-c24 position-relative\">\n              <!---->\n              <!---->\n              <div class=\"w-100 h-y-container h-column__content h-column__v-align flex-basis-100 align-self-lg-start align-self-md-start align-self-start\">\n                <!---->\n                <div data-colibri-id=\"1187-c25\" class=\"h-icon style-9990 style-local-1187-c25 position-relative h-element\">\n                  <!---->\n                  <a href=\"https:\/\/cajval.cl\/index2.php\/index.php\/atencion-ciudadana\/\" h-use-smooth-scroll=\"true\"><span class=\"h-svg-icon h-icon__icon style-9990-icon style-local-1187-c25-icon\"><!--Icon by Font Awesome (https:\/\/fontawesome.com)-->\n    <svg version=\"1.1\" xmlns=\"http:\/\/www.w3.org\/2000\/svg\" xmlns:xlink=\"http:\/\/www.w3.org\/1999\/xlink\" id=\"users\" viewBox=\"0 0 1920 1896.0833\">\n      <path d=\"M593 896q-162 5-265 128H194q-82 0-138-40.5T0 865q0-353 124-353 6 0 43.5 21t97.5 42.5T384 597q67 0 133-23-5 37-5 66 0 139 81 256zm1071 637q0 120-73 189.5t-194 69.5H523q-121 0-194-69.5T256 1533q0-53 3.5-103.5t14-109T300 1212t43-97.5 62-81 85.5-53.5T602 960q10 0 43 21.5t73 48 107 48 135 21.5 135-21.5 107-48 73-48 43-21.5q61 0 111.5 20t85.5 53.5 62 81 43 97.5 26.5 108.5 14 109 3.5 103.5zM640 256q0 106-75 181t-181 75-181-75-75-181 75-181T384 0t181 75 75 181zm704 384q0 159-112.5 271.5T960 1024 688.5 911.5 576 640t112.5-271.5T960 256t271.5 112.5T1344 640zm576 225q0 78-56 118.5t-138 40.5h-134q-103-123-265-128 81-117 81-256 0-29-5-66 66 23 133 23 59 0 119-21.5t97.5-42.5 43.5-21q124 0 124 353zm-128-609q0 106-75 181t-181 75-181-75-75-181 75-181 181-75 181 75 75 181z\"><\/path>\n    <\/svg><\/span><\/a>\n                <\/div>\n                <div data-colibri-id=\"1187-c26\" class=\"h-global-transition-all h-heading style-9991 style-local-1187-c26 position-relative h-element\">\n                  <!---->\n                  <div class=\"h-heading__outer style-9991 style-local-1187-c26\">\n                    <!---->\n                    <!---->\n                    <a href=\"https:\/\/cajval.cl\/index2.php\/index.php\/atencion-ciudadana\/\" h-use-smooth-scroll=\"true\">\n                      <h4 class=\"\">Atenci\u00f3n Ciudadana<\/h4>\n                    <\/a>\n                  <\/div>\n                <\/div>\n              <\/div>\n            <\/div>\n          <\/div>\n          <div class=\"h-column h-column-container d-flex h-col-lg-4 h-col-md-4 h-col-12 style-9992-outer style-local-1187-c27-outer\">\n            <div data-colibri-id=\"1187-c27\" class=\"d-flex h-flex-basis h-column__inner h-px-lg-3 h-px-md-3 h-px-3 v-inner-lg-3 v-inner-md-3 v-inner-3 style-9992 style-local-1187-c27 position-relative\">\n              <!---->\n              <!---->\n              <div class=\"w-100 h-y-container h-column__content h-column__v-align flex-basis-100 align-self-lg-start align-self-md-start align-self-start\">\n                <!---->\n                <div data-colibri-id=\"1187-c28\" class=\"h-icon style-9993 style-local-1187-c28 position-relative h-element\">\n                  <!---->\n                  <a href=\"https:\/\/cajval.cl\/index2.php\/index.php\/formulario-de-atencion\/\" h-use-smooth-scroll=\"true\"><span class=\"h-svg-icon h-icon__icon style-9993-icon style-local-1187-c28-icon\"><!--Icon by Ionicons (https:\/\/ionicons.com)--><svg version=\"1.1\" xmlns=\"http:\/\/www.w3.org\/2000\/svg\" xmlns:xlink=\"http:\/\/www.w3.org\/1999\/xlink\" id=\"android-chat\" viewBox=\"0 0 416 512\"><path d=\"M344 64c4 0 7 4 7 8v214c0 4-3 9-7 9H157l-90 89v-89H10c-4 0-10-5-10-9V72c0-4 6-8 10-8h334zm64 63c4 0 8 5 8 9v214c0 4-4 9-8 9h-57v89l-90-89H131l39-39h181c18 0 25-10 25-26V127h32z\"><\/path><\/svg><\/span><\/a>\n                <\/div>\n                <div data-colibri-id=\"1187-c29\" class=\"h-global-transition-all h-heading style-9991 style-local-1187-c29 position-relative h-element\">\n                  <!---->\n                  <div class=\"h-heading__outer style-9991 style-local-1187-c29\">\n                    <!---->\n                    <!---->\n                    <a href=\"https:\/\/cajval.cl\/index2.php\/index.php\/formulario-de-atencion\/\" h-use-smooth-scroll=\"true\">\n                      <h4 class=\"\">Formulario de Atenci\u00f3n<\/h4>\n                    <\/a>\n                  <\/div>\n                <\/div>\n              <\/div>\n            <\/div>\n          <\/div>\n          <div class=\"h-column h-column-container d-flex h-col-lg-4 h-col-md-4 h-col-12 style-9994-outer style-local-1187-c30-outer\">\n            <div data-colibri-id=\"1187-c30\" class=\"d-flex h-flex-basis h-column__inner h-px-lg-3 h-px-md-3 h-px-3 v-inner-lg-3 v-inner-md-3 v-inner-3 style-9994 style-local-1187-c30 position-relative\">\n              <!---->\n              <!---->\n              <div class=\"w-100 h-y-container h-column__content h-column__v-align flex-basis-100 align-self-lg-start align-self-md-start align-self-start\">\n                <!---->\n                <div data-colibri-id=\"1187-c31\" class=\"h-icon style-9995 style-local-1187-c31 position-relative h-element\">\n                  <!---->\n                  <a href=\"https:\/\/cajval.cl\/index2.php\/index.php\/nuestras-oficinas\/\" h-use-smooth-scroll=\"true\"><span class=\"h-svg-icon h-icon__icon style-9995-icon style-local-1187-c31-icon\"><!--Icon by Font Awesome (https:\/\/fontawesome.com)-->\n    <svg version=\"1.1\" xmlns=\"http:\/\/www.w3.org\/2000\/svg\" xmlns:xlink=\"http:\/\/www.w3.org\/1999\/xlink\" id=\"map-marker\" viewBox=\"0 0 1049.8953 1896.0833\">\n      <path d=\"M768 640q0-106-75-181t-181-75-181 75-75 181 75 181 181 75 181-75 75-181zm256 0q0 109-33 179l-364 774q-16 33-47.5 52t-67.5 19-67.5-19-46.5-52L33 819Q0 749 0 640q0-212 150-362t362-150 362 150 150 362z\"><\/path>\n    <\/svg><\/span><\/a>\n                <\/div>\n                <div data-colibri-id=\"1187-c32\" class=\"h-global-transition-all h-heading style-9991 style-local-1187-c32 position-relative h-element\">\n                  <!---->\n                  <div class=\"h-heading__outer style-9991 style-local-1187-c32\">\n                    <!---->\n                    <!---->\n                    <a href=\"https:\/\/cajval.cl\/index2.php\/index.php\/nuestras-oficinas\/\" h-use-smooth-scroll=\"true\">\n                      <h4 class=\"\">Nuestras Oficinas<\/h4>\n                    <\/a>\n                  <\/div>\n                <\/div>\n              <\/div>\n            <\/div>\n          <\/div>\n        <\/div>\n      <\/div>\n    <\/div>\n  <\/div>\n<\/div>","protected":false},"excerpt":{"rendered":"<p>\u00bfQu\u00e9 es el patrocinio judicial? La defensa y representaci\u00f3n judicial constituye el n\u00facleo del trabajo de la Corporaci\u00f3n de Asistencia Judicial. Da cumplimiento a la garant\u00eda constitucional del art\u00edculo 19 n\u00famero 3 de la Constituci\u00f3n Pol\u00edtica de la Rep\u00fablica que garantiza a todas las personas la igual protecci\u00f3n de la ley en el ejercicio de [&hellip;]<\/p>\n","protected":false},"author":3,"featured_media":0,"parent":0,"menu_order":0,"comment_status":"closed","ping_status":"closed","template":"page-templates\/full-width-page.php","meta":{"footnotes":""},"class_list":["post-1187","page","type-page","status-publish","hentry"],"yoast_head":"<!-- This site is optimized with the Yoast SEO plugin v27.4 - https:\/\/yoast.com\/product\/yoast-seo-wordpress\/ -->\n<title>REPRESENTACI\u00d3N JUDICIAL - CAJVAL<\/title>\n<meta name=\"robots\" content=\"index, follow, max-snippet:-1, max-image-preview:large, max-video-preview:-1\" \/>\n<link rel=\"canonical\" href=\"https:\/\/cajval.cl\/index2.php\/index.php\/representacion-judicial\/\" \/>\n<meta property=\"og:locale\" content=\"es_ES\" \/>\n<meta property=\"og:type\" content=\"article\" \/>\n<meta property=\"og:title\" content=\"REPRESENTACI\u00d3N JUDICIAL - CAJVAL\" \/>\n<meta property=\"og:description\" content=\"\u00bfQu\u00e9 es el patrocinio judicial? La defensa y representaci\u00f3n judicial constituye el n\u00facleo del trabajo de la Corporaci\u00f3n de Asistencia Judicial. Da cumplimiento a la garant\u00eda constitucional del art\u00edculo 19 n\u00famero 3 de la Constituci\u00f3n Pol\u00edtica de la Rep\u00fablica que garantiza a todas las personas la igual protecci\u00f3n de la ley en el ejercicio de [&hellip;]\" \/>\n<meta property=\"og:url\" content=\"https:\/\/cajval.cl\/index2.php\/index.php\/representacion-judicial\/\" \/>\n<meta property=\"og:site_name\" content=\"CAJVAL\" \/>\n<meta property=\"article:modified_time\" content=\"2026-04-13T20:03:37+00:00\" \/>\n<meta name=\"twitter:card\" content=\"summary_large_image\" \/>\n<meta name=\"twitter:label1\" content=\"Tiempo de lectura\" \/>\n\t<meta name=\"twitter:data1\" content=\"1 minuto\" \/>\n<script type=\"application\/ld+json\" class=\"yoast-schema-graph\">{\"@context\":\"https:\\\/\\\/schema.org\",\"@graph\":[{\"@type\":\"WebPage\",\"@id\":\"https:\\\/\\\/cajval.cl\\\/index2.php\\\/index.php\\\/representacion-judicial\\\/\",\"url\":\"https:\\\/\\\/cajval.cl\\\/index2.php\\\/index.php\\\/representacion-judicial\\\/\",\"name\":\"REPRESENTACI\u00d3N JUDICIAL - CAJVAL\",\"isPartOf\":{\"@id\":\"https:\\\/\\\/cajval.cl\\\/index2.php\\\/#website\"},\"datePublished\":\"2024-01-26T11:39:33+00:00\",\"dateModified\":\"2026-04-13T20:03:37+00:00\",\"breadcrumb\":{\"@id\":\"https:\\\/\\\/cajval.cl\\\/index2.php\\\/index.php\\\/representacion-judicial\\\/#breadcrumb\"},\"inLanguage\":\"es\",\"potentialAction\":[{\"@type\":\"ReadAction\",\"target\":[\"https:\\\/\\\/cajval.cl\\\/index2.php\\\/index.php\\\/representacion-judicial\\\/\"]}]},{\"@type\":\"BreadcrumbList\",\"@id\":\"https:\\\/\\\/cajval.cl\\\/index2.php\\\/index.php\\\/representacion-judicial\\\/#breadcrumb\",\"itemListElement\":[{\"@type\":\"ListItem\",\"position\":1,\"name\":\"Portada\",\"item\":\"https:\\\/\\\/cajval.cl\\\/index2.php\\\/\"},{\"@type\":\"ListItem\",\"position\":2,\"name\":\"REPRESENTACI\u00d3N JUDICIAL\"}]},{\"@type\":\"WebSite\",\"@id\":\"https:\\\/\\\/cajval.cl\\\/index2.php\\\/#website\",\"url\":\"https:\\\/\\\/cajval.cl\\\/index2.php\\\/\",\"name\":\"CAJVAL\",\"description\":\"CAJVAL\",\"publisher\":{\"@id\":\"https:\\\/\\\/cajval.cl\\\/index2.php\\\/#organization\"},\"potentialAction\":[{\"@type\":\"SearchAction\",\"target\":{\"@type\":\"EntryPoint\",\"urlTemplate\":\"https:\\\/\\\/cajval.cl\\\/index2.php\\\/?s={search_term_string}\"},\"query-input\":{\"@type\":\"PropertyValueSpecification\",\"valueRequired\":true,\"valueName\":\"search_term_string\"}}],\"inLanguage\":\"es\"},{\"@type\":\"Organization\",\"@id\":\"https:\\\/\\\/cajval.cl\\\/index2.php\\\/#organization\",\"name\":\"CAJVAL\",\"url\":\"https:\\\/\\\/cajval.cl\\\/index2.php\\\/\",\"logo\":{\"@type\":\"ImageObject\",\"inLanguage\":\"es\",\"@id\":\"https:\\\/\\\/cajval.cl\\\/index2.php\\\/#\\\/schema\\\/logo\\\/image\\\/\",\"url\":\"https:\\\/\\\/cajval.cl\\\/wp-content\\\/uploads\\\/2024\\\/04\\\/LOGO3REGIONES.png\",\"contentUrl\":\"https:\\\/\\\/cajval.cl\\\/wp-content\\\/uploads\\\/2024\\\/04\\\/LOGO3REGIONES.png\",\"width\":625,\"height\":567,\"caption\":\"CAJVAL\"},\"image\":{\"@id\":\"https:\\\/\\\/cajval.cl\\\/index2.php\\\/#\\\/schema\\\/logo\\\/image\\\/\"}}]}<\/script>\n<!-- \/ Yoast SEO plugin. -->","yoast_head_json":{"title":"REPRESENTACI\u00d3N JUDICIAL - CAJVAL","robots":{"index":"index","follow":"follow","max-snippet":"max-snippet:-1","max-image-preview":"max-image-preview:large","max-video-preview":"max-video-preview:-1"},"canonical":"https:\/\/cajval.cl\/index2.php\/index.php\/representacion-judicial\/","og_locale":"es_ES","og_type":"article","og_title":"REPRESENTACI\u00d3N JUDICIAL - CAJVAL","og_description":"\u00bfQu\u00e9 es el patrocinio judicial? La defensa y representaci\u00f3n judicial constituye el n\u00facleo del trabajo de la Corporaci\u00f3n de Asistencia Judicial. Da cumplimiento a la garant\u00eda constitucional del art\u00edculo 19 n\u00famero 3 de la Constituci\u00f3n Pol\u00edtica de la Rep\u00fablica que garantiza a todas las personas la igual protecci\u00f3n de la ley en el ejercicio de [&hellip;]","og_url":"https:\/\/cajval.cl\/index2.php\/index.php\/representacion-judicial\/","og_site_name":"CAJVAL","article_modified_time":"2026-04-13T20:03:37+00:00","twitter_card":"summary_large_image","twitter_misc":{"Tiempo de lectura":"1 minuto"},"schema":{"@context":"https:\/\/schema.org","@graph":[{"@type":"WebPage","@id":"https:\/\/cajval.cl\/index2.php\/index.php\/representacion-judicial\/","url":"https:\/\/cajval.cl\/index2.php\/index.php\/representacion-judicial\/","name":"REPRESENTACI\u00d3N JUDICIAL - CAJVAL","isPartOf":{"@id":"https:\/\/cajval.cl\/index2.php\/#website"},"datePublished":"2024-01-26T11:39:33+00:00","dateModified":"2026-04-13T20:03:37+00:00","breadcrumb":{"@id":"https:\/\/cajval.cl\/index2.php\/index.php\/representacion-judicial\/#breadcrumb"},"inLanguage":"es","potentialAction":[{"@type":"ReadAction","target":["https:\/\/cajval.cl\/index2.php\/index.php\/representacion-judicial\/"]}]},{"@type":"BreadcrumbList","@id":"https:\/\/cajval.cl\/index2.php\/index.php\/representacion-judicial\/#breadcrumb","itemListElement":[{"@type":"ListItem","position":1,"name":"Portada","item":"https:\/\/cajval.cl\/index2.php\/"},{"@type":"ListItem","position":2,"name":"REPRESENTACI\u00d3N JUDICIAL"}]},{"@type":"WebSite","@id":"https:\/\/cajval.cl\/index2.php\/#website","url":"https:\/\/cajval.cl\/index2.php\/","name":"CAJVAL","description":"CAJVAL","publisher":{"@id":"https:\/\/cajval.cl\/index2.php\/#organization"},"potentialAction":[{"@type":"SearchAction","target":{"@type":"EntryPoint","urlTemplate":"https:\/\/cajval.cl\/index2.php\/?s={search_term_string}"},"query-input":{"@type":"PropertyValueSpecification","valueRequired":true,"valueName":"search_term_string"}}],"inLanguage":"es"},{"@type":"Organization","@id":"https:\/\/cajval.cl\/index2.php\/#organization","name":"CAJVAL","url":"https:\/\/cajval.cl\/index2.php\/","logo":{"@type":"ImageObject","inLanguage":"es","@id":"https:\/\/cajval.cl\/index2.php\/#\/schema\/logo\/image\/","url":"https:\/\/cajval.cl\/wp-content\/uploads\/2024\/04\/LOGO3REGIONES.png","contentUrl":"https:\/\/cajval.cl\/wp-content\/uploads\/2024\/04\/LOGO3REGIONES.png","width":625,"height":567,"caption":"CAJVAL"},"image":{"@id":"https:\/\/cajval.cl\/index2.php\/#\/schema\/logo\/image\/"}}]}},"_links":{"self":[{"href":"https:\/\/cajval.cl\/index2.php\/index.php\/wp-json\/wp\/v2\/pages\/1187","targetHints":{"allow":["GET"]}}],"collection":[{"href":"https:\/\/cajval.cl\/index2.php\/index.php\/wp-json\/wp\/v2\/pages"}],"about":[{"href":"https:\/\/cajval.cl\/index2.php\/index.php\/wp-json\/wp\/v2\/types\/page"}],"author":[{"embeddable":true,"href":"https:\/\/cajval.cl\/index2.php\/index.php\/wp-json\/wp\/v2\/users\/3"}],"replies":[{"embeddable":true,"href":"https:\/\/cajval.cl\/index2.php\/index.php\/wp-json\/wp\/v2\/comments?post=1187"}],"version-history":[{"count":5,"href":"https:\/\/cajval.cl\/index2.php\/index.php\/wp-json\/wp\/v2\/pages\/1187\/revisions"}],"predecessor-version":[{"id":26774,"href":"https:\/\/cajval.cl\/index2.php\/index.php\/wp-json\/wp\/v2\/pages\/1187\/revisions\/26774"}],"wp:attachment":[{"href":"https:\/\/cajval.cl\/index2.php\/index.php\/wp-json\/wp\/v2\/media?parent=1187"}],"curies":[{"name":"wp","href":"https:\/\/api.w.org\/{rel}","templated":true}]}}