{"id":1183,"date":"2024-01-26T11:35:29","date_gmt":"2024-01-26T11:35:29","guid":{"rendered":"https:\/\/cajval.cl\/index2.php\/?page_id=1183"},"modified":"2024-01-26T14:45:40","modified_gmt":"2024-01-26T14:45:40","slug":"cuenta-publica-2023","status":"publish","type":"page","link":"https:\/\/cajval.cl\/index2.php\/index.php\/cuenta-publica-2023\/","title":{"rendered":"CUENTA P\u00daBLICA 2023"},"content":{"rendered":"<div data-colibri-id=\"1183-c1\" class=\"style-1251 style-local-1183-c1 position-relative\">\n  <!---->\n  <div data-colibri-component=\"section\" data-colibri-id=\"1183-c2\" id=\"custom\" class=\"h-section h-section-global-spacing d-flex align-items-lg-center align-items-md-center align-items-center style-1252 style-local-1183-c2 position-relative\">\n    <!---->\n    <!---->\n    <div class=\"h-section-grid-container h-section-boxed-container\">\n      <!---->\n      <div data-colibri-id=\"1183-c3\" class=\"h-row-container gutters-row-lg-2 gutters-row-md-2 gutters-row-0 gutters-row-v-lg-2 gutters-row-v-md-2 gutters-row-v-2 style-1253 style-local-1183-c3 position-relative\">\n        <!---->\n        <div class=\"h-row justify-content-lg-center justify-content-md-center justify-content-center align-items-lg-stretch align-items-md-stretch align-items-stretch gutters-col-lg-2 gutters-col-md-2 gutters-col-0 gutters-col-v-lg-2 gutters-col-v-md-2 gutters-col-v-2\">\n          <!---->\n          <div class=\"h-column h-column-container d-flex h-col-lg-auto h-col-md-auto h-col-auto style-1254-outer style-local-1183-c4-outer\">\n            <div data-colibri-id=\"1183-c4\" class=\"d-flex h-flex-basis h-column__inner h-px-lg-2 h-px-md-2 h-px-2 v-inner-lg-2 v-inner-md-2 v-inner-2 style-1254 style-local-1183-c4 position-relative\">\n              <!---->\n              <!---->\n              <div class=\"w-100 h-y-container h-column__content h-column__v-align flex-basis-100 align-self-lg-start align-self-md-start align-self-start\">\n                <!---->\n                <div data-colibri-id=\"1183-c5\" class=\"d-block style-1255 style-local-1183-c5 position-relative h-element\">\n                  <!---->\n                  <div class=\"h-image__frame-container-outer\">\n                    <div class=\"h-image__frame-container\">\n                      <!---->\n                      <!---->\n                      <img loading=\"lazy\" decoding=\"async\" width=\"768\" height=\"288\" src=\"https:\/\/cajval.cl\/wp-content\/uploads\/2024\/01\/BANNER-CUENTA-2022-768x288-1.png\" class=\"wp-image-1248 style-1255-image style-local-1183-c5-image\" alt=\"\" srcset=\"https:\/\/cajval.cl\/wp-content\/uploads\/2024\/01\/BANNER-CUENTA-2022-768x288-1.png 768w, https:\/\/cajval.cl\/wp-content\/uploads\/2024\/01\/BANNER-CUENTA-2022-768x288-1-300x113.png 300w\" sizes=\"auto, (max-width: 768px) 100vw, 768px\" \/>\n                      <div class=\"h-image__frame h-hide-lg h-hide-md h-hide-sm style-1255-frameImage style-local-1183-c5-frameImage\"><\/div>\n                    <\/div>\n                  <\/div>\n                <\/div>\n              <\/div>\n            <\/div>\n          <\/div>\n        <\/div>\n      <\/div>\n    <\/div>\n  <\/div>\n  <div data-colibri-component=\"section\" data-colibri-id=\"1183-c6\" id=\"about\" class=\"h-section h-section-global-spacing d-flex align-items-lg-center align-items-md-center align-items-center style-1256 style-local-1183-c6 position-relative\">\n    <!---->\n    <!---->\n    <div class=\"h-section-grid-container h-section-boxed-container\">\n      <!---->\n      <div data-colibri-id=\"1183-c7\" class=\"h-row-container gutters-row-lg-0 gutters-row-md-0 gutters-row-0 gutters-row-v-lg-0 gutters-row-v-md-0 gutters-row-v-0 style-1257 style-local-1183-c7 position-relative\">\n        <!---->\n        <div class=\"h-row justify-content-lg-center justify-content-md-center justify-content-center align-items-lg-stretch align-items-md-stretch align-items-stretch gutters-col-lg-0 gutters-col-md-0 gutters-col-0 gutters-col-v-lg-0 gutters-col-v-md-0 gutters-col-v-0\">\n          <!---->\n          <div class=\"h-column h-column-container d-flex h-col-lg-auto h-col-md-auto h-col-auto style-1258-outer style-local-1183-c8-outer\">\n            <div data-colibri-id=\"1183-c8\" class=\"d-flex h-flex-basis h-column__inner h-px-lg-0 h-px-md-0 h-px-0 v-inner-lg-0 v-inner-md-0 v-inner-0 style-1258 style-local-1183-c8 position-relative\">\n              <!---->\n              <!---->\n              <div class=\"w-100 h-y-container h-column__content h-column__v-align flex-basis-100 align-self-lg-start align-self-md-start align-self-start\">\n                <!---->\n                <div data-colibri-id=\"1183-c10\" class=\"h-global-transition-all h-heading style-1260 style-local-1183-c10 position-relative h-element\">\n                  <!---->\n                  <div class=\"h-heading__outer style-1260 style-local-1183-c10\">\n                    <!---->\n                    <!---->\n                    <h2 class=\"\">Cuenta P\u00fablica Participativa CAJVAL 2023<\/h2>\n                  <\/div>\n                <\/div>\n                <div data-colibri-id=\"1183-c11\" class=\"h-text h-text-component style-1261 style-local-1183-c11 position-relative h-element\">\n                  <!---->\n                  <!---->\n                  <div class=\"\">\n                    <p><span style=\"font-weight: 400; font-size: 14px; font-family: &quot;Open Sans&quot;; color: rgb(253, 253, 253);\">Con fecha 29 de mayo de 2023, la Corporaci\u00f3n de Asistencia Judicial de la Regi\u00f3n de Valpara\u00edso, present\u00f3 la Cuenta P\u00fablica Participativa correspondiente a la Gesti\u00f3n 2022. Te invitamos a revisar el texto de la Cuenta P\u00fablica y la transmisi\u00f3n en el canal de You Tube de la instituci\u00f3n.<\/span><\/p>\n                  <\/div>\n                <\/div>\n                <div data-colibri-id=\"1183-c15\" class=\"h-x-container style-1265 style-local-1183-c15 position-relative h-element\">\n                  <!---->\n                  <div class=\"h-x-container-inner style-dynamic-1183-c15-group style-1265-spacing style-local-1183-c15-spacing\"><span class=\"h-link__outer style-1266-outer style-local-1183-c16-outer d-inline-flex h-element\"><a h-use-smooth-scroll=\"true\" href=\"http:\/\/www.cajval.cl\/contenidos\/PC\/CuentasPublicas\/CP2023.pdf\"  data-colibri-id=\"1183-c16\" class=\"d-flex w-100 align-items-center h-link style-1266 style-local-1183-c16 position-relative\"><!----><span  class=\"h-svg-icon h-link__icon style-1266-icon style-local-1183-c16-icon\"><!--Icon by Simple Line Icons (https:\/\/github.com\/thesabbir\/simple-line-icons)--><svg version=\"1.1\" xmlns=\"http:\/\/www.w3.org\/2000\/svg\" xmlns:xlink=\"http:\/\/www.w3.org\/1999\/xlink\" id=\"book-open\" viewBox=\"0 0 512.328 514.032\"><path d=\"M476.208 1.792l-211.52 57.296c-5.376 1.44-17.048 1.424-22.408-.08L36.208 1.904C17.816-3.16 0 10.104 0 29.04v389.056c0 16.048 12.168 31.392 27.656 35.704l206.08 57.112c5.512 1.528 12.608 2.376 19.968 2.376 5.048 0 12.504-.392 19.36-2.264l211.512-57.296c15.528-4.2 27.752-19.512 27.752-35.624V29.04c.008-18.92-17.808-32.232-36.12-27.248zm-236.04 477.696L35.704 422.96c-1.544-.424-3.704-3.248-3.704-4.856V34.088l201.736 55.768c1.952.544 4.144.968 6.432 1.328v388.304zm240.168-61.384c0 1.576-2.592 4.328-4.128 4.752l-204.04 55.264V90.16c.296-.072.6-.112.896-.192l207.264-56.064v384.2zM321.168 184.168c1.44 0 2.904-.184 4.344-.592l111.968-31.512c8.512-2.408 13.472-11.232 11.08-19.736s-11.28-13.44-19.736-11.08L316.856 152.76c-8.512 2.408-13.472 11.232-11.08 19.736 1.984 7.064 8.408 11.672 15.392 11.672zm0 96c1.44 0 2.904-.184 4.344-.592l111.968-31.512c8.512-2.408 13.472-11.232 11.08-19.736s-11.28-13.44-19.736-11.08L316.856 248.76c-8.512 2.408-13.472 11.232-11.08 19.728 1.984 7.064 8.408 11.68 15.392 11.68zm0 96c1.44 0 2.904-.184 4.344-.592l111.968-31.512c8.512-2.408 13.472-11.232 11.08-19.736s-11.28-13.44-19.736-11.08L316.856 344.76c-8.512 2.408-13.472 11.232-11.08 19.736 1.984 7.056 8.408 11.672 15.392 11.672zM197.48 152.76L85.512 121.248c-8.456-2.36-17.344 2.576-19.736 11.08s2.56 17.328 11.08 19.736l111.968 31.512c1.44.408 2.904.592 4.344.592 6.984 0 13.408-4.608 15.392-11.672 2.392-8.496-2.56-17.328-11.08-19.736zm0 96L85.512 217.248c-8.456-2.36-17.344 2.576-19.736 11.08s2.56 17.328 11.08 19.736l111.968 31.512c1.44.408 2.904.592 4.344.592 6.984 0 13.408-4.608 15.392-11.672 2.392-8.496-2.56-17.328-11.08-19.736zm0 96L85.512 313.248c-8.456-2.36-17.344 2.576-19.736 11.08s2.56 17.328 11.08 19.736l111.968 31.512c1.44.408 2.904.592 4.344.592 6.984 0 13.408-4.608 15.392-11.672 2.392-8.504-2.56-17.328-11.08-19.736z\"><\/path><\/svg><\/span>                    <span>DISCURSO CUENTA P\u00daBLICA<\/span><\/a>\n                    <\/span>\n                  <\/div>\n                <\/div>\n              <\/div>\n            <\/div>\n          <\/div>\n          <div class=\"h-column h-column-container d-flex h-col-lg-auto h-col-md-auto h-col-auto style-1262-outer style-local-1183-c12-outer\">\n            <div data-colibri-id=\"1183-c12\" class=\"d-flex h-flex-basis h-column__inner h-px-lg-0 h-px-md-0 h-px-0 v-inner-lg-0 v-inner-md-0 v-inner-0 style-1262 style-local-1183-c12 position-relative\">\n              <!---->\n              <!---->\n              <div class=\"w-100 h-y-container h-column__content h-column__v-align flex-basis-100 align-self-lg-center align-self-md-center align-self-start\">\n                <!---->\n                <div data-colibri-component=\"video\" data-colibri-id=\"1183-c13\" class=\"d-block h-video d-block h-video style-1263 style-local-1183-c13 position-relative h-element\">\n                  <!---->\n                  <!---->\n                  <div class=\"video-container position-relative\">\n                    <div class=\"h-global-transition-all ratio-inner\"><iframe src=https:\/\/www.youtube.com\/embed\/QWdESSbxInQ?autoplay=0&#038;mute=0&#038;modestbranding=0&#038;rel=0&#038;enablejsapi=1&#038; class='h-video-main'  allowfullscreen><\/iframe><\/div>\n                  <\/div>\n                <\/div>\n              <\/div>\n            <\/div>\n          <\/div>\n        <\/div>\n      <\/div>\n    <\/div>\n  <\/div>\n  <div data-colibri-component=\"section\" data-colibri-id=\"1183-c17\" id=\"custom-2\" class=\"h-section h-section-global-spacing d-flex align-items-lg-center align-items-md-center align-items-center style-1267 style-local-1183-c17 position-relative\">\n    <!---->\n    <!---->\n    <div class=\"h-section-grid-container h-section-boxed-container\">\n      <!---->\n      <div data-colibri-id=\"1183-c18\" class=\"h-row-container gutters-row-lg-2 gutters-row-md-2 gutters-row-0 gutters-row-v-lg-2 gutters-row-v-md-2 gutters-row-v-2 style-1268 style-local-1183-c18 position-relative\">\n        <!---->\n        <div class=\"h-row justify-content-lg-center justify-content-md-center justify-content-center align-items-lg-stretch align-items-md-stretch align-items-stretch gutters-col-lg-2 gutters-col-md-2 gutters-col-0 gutters-col-v-lg-2 gutters-col-v-md-2 gutters-col-v-2\">\n          <!---->\n          <div class=\"h-column h-column-container d-flex h-col-lg-auto h-col-md-auto h-col-auto style-1269-outer style-local-1183-c19-outer\">\n            <div data-colibri-id=\"1183-c19\" class=\"d-flex h-flex-basis h-column__inner h-px-lg-2 h-px-md-2 h-px-2 v-inner-lg-2 v-inner-md-2 v-inner-2 style-1269 style-local-1183-c19 position-relative\">\n              <!---->\n              <!---->\n              <div class=\"w-100 h-y-container h-column__content h-column__v-align flex-basis-100 align-self-lg-start align-self-md-start align-self-start\">\n                <!---->\n                <div data-colibri-id=\"1183-c22\" class=\"d-block style-1272 style-local-1183-c22 position-relative h-element\">\n                  <!---->\n                  <div class=\"h-image__frame-container-outer\">\n                    <div class=\"h-image__frame-container\">\n                      <!---->\n                      <!---->\n                      <img loading=\"lazy\" decoding=\"async\" width=\"1080\" height=\"1080\" src=\"https:\/\/cajval.cl\/wp-content\/uploads\/2024\/01\/WhatsApp-Image-2024-01-26-at-11.02.48.jpeg\" class=\"wp-image-1371 style-1272-image style-local-1183-c22-image\" alt=\"\" srcset=\"https:\/\/cajval.cl\/wp-content\/uploads\/2024\/01\/WhatsApp-Image-2024-01-26-at-11.02.48.jpeg 1080w, https:\/\/cajval.cl\/wp-content\/uploads\/2024\/01\/WhatsApp-Image-2024-01-26-at-11.02.48-300x300.jpeg 300w, https:\/\/cajval.cl\/wp-content\/uploads\/2024\/01\/WhatsApp-Image-2024-01-26-at-11.02.48-1024x1024.jpeg 1024w, https:\/\/cajval.cl\/wp-content\/uploads\/2024\/01\/WhatsApp-Image-2024-01-26-at-11.02.48-150x150.jpeg 150w, https:\/\/cajval.cl\/wp-content\/uploads\/2024\/01\/WhatsApp-Image-2024-01-26-at-11.02.48-768x768.jpeg 768w\" sizes=\"auto, (max-width: 1080px) 100vw, 1080px\" \/>\n                      <div class=\"h-image__frame h-hide-lg h-hide-md h-hide-sm style-1272-frameImage style-local-1183-c22-frameImage\"><\/div>\n                    <\/div>\n                  <\/div>\n                <\/div>\n              <\/div>\n            <\/div>\n          <\/div>\n          <div class=\"h-column h-column-container d-flex h-col-lg-auto h-col-md-auto h-col-auto style-1270-outer style-local-1183-c20-outer\">\n            <div data-colibri-id=\"1183-c20\" class=\"d-flex h-flex-basis h-column__inner h-px-lg-2 h-px-md-2 h-px-2 v-inner-lg-2 v-inner-md-2 v-inner-2 style-1270 style-local-1183-c20 position-relative\">\n              <!---->\n              <!---->\n              <div class=\"w-100 h-y-container h-column__content h-column__v-align flex-basis-100 align-self-lg-start align-self-md-start align-self-start\">\n                <!---->\n                <div data-colibri-id=\"1183-c23\" class=\"d-block style-1273 style-local-1183-c23 position-relative h-element\">\n                  <!---->\n                  <div class=\"h-image__frame-container-outer\">\n                    <div class=\"h-image__frame-container\">\n                      <!---->\n                      <!---->\n                      <img loading=\"lazy\" decoding=\"async\" width=\"1080\" height=\"1080\" src=\"https:\/\/cajval.cl\/wp-content\/uploads\/2024\/01\/WhatsApp-Image-2024-01-26-at-11.02.48-1.jpeg\" class=\"wp-image-1372 style-1273-image style-local-1183-c23-image\" alt=\"\" srcset=\"https:\/\/cajval.cl\/wp-content\/uploads\/2024\/01\/WhatsApp-Image-2024-01-26-at-11.02.48-1.jpeg 1080w, https:\/\/cajval.cl\/wp-content\/uploads\/2024\/01\/WhatsApp-Image-2024-01-26-at-11.02.48-1-300x300.jpeg 300w, https:\/\/cajval.cl\/wp-content\/uploads\/2024\/01\/WhatsApp-Image-2024-01-26-at-11.02.48-1-1024x1024.jpeg 1024w, https:\/\/cajval.cl\/wp-content\/uploads\/2024\/01\/WhatsApp-Image-2024-01-26-at-11.02.48-1-150x150.jpeg 150w, https:\/\/cajval.cl\/wp-content\/uploads\/2024\/01\/WhatsApp-Image-2024-01-26-at-11.02.48-1-768x768.jpeg 768w\" sizes=\"auto, (max-width: 1080px) 100vw, 1080px\" \/>\n                      <div class=\"h-image__frame h-hide-lg h-hide-md h-hide-sm style-1273-frameImage style-local-1183-c23-frameImage\"><\/div>\n                    <\/div>\n                  <\/div>\n                <\/div>\n              <\/div>\n            <\/div>\n          <\/div>\n          <div class=\"h-column h-column-container d-flex h-col-lg-auto h-col-md-auto h-col-auto style-1271-outer style-local-1183-c21-outer\">\n            <div data-colibri-id=\"1183-c21\" class=\"d-flex h-flex-basis h-column__inner h-px-lg-2 h-px-md-2 h-px-2 v-inner-lg-2 v-inner-md-2 v-inner-2 style-1271 style-local-1183-c21 position-relative\">\n              <!---->\n              <!---->\n              <div class=\"w-100 h-y-container h-column__content h-column__v-align flex-basis-100 align-self-lg-start align-self-md-start align-self-start\">\n                <!---->\n                <div data-colibri-id=\"1183-c24\" class=\"d-block style-1274 style-local-1183-c24 position-relative h-element\">\n                  <!---->\n                  <div class=\"h-image__frame-container-outer\">\n                    <div class=\"h-image__frame-container\">\n                      <!---->\n                      <!---->\n                      <img loading=\"lazy\" decoding=\"async\" width=\"1080\" height=\"1080\" src=\"https:\/\/cajval.cl\/wp-content\/uploads\/2024\/01\/WhatsApp-Image-2024-01-26-at-11.02.48-2.jpeg\" class=\"wp-image-1373 style-1274-image style-local-1183-c24-image\" alt=\"\" srcset=\"https:\/\/cajval.cl\/wp-content\/uploads\/2024\/01\/WhatsApp-Image-2024-01-26-at-11.02.48-2.jpeg 1080w, https:\/\/cajval.cl\/wp-content\/uploads\/2024\/01\/WhatsApp-Image-2024-01-26-at-11.02.48-2-300x300.jpeg 300w, https:\/\/cajval.cl\/wp-content\/uploads\/2024\/01\/WhatsApp-Image-2024-01-26-at-11.02.48-2-1024x1024.jpeg 1024w, https:\/\/cajval.cl\/wp-content\/uploads\/2024\/01\/WhatsApp-Image-2024-01-26-at-11.02.48-2-150x150.jpeg 150w, https:\/\/cajval.cl\/wp-content\/uploads\/2024\/01\/WhatsApp-Image-2024-01-26-at-11.02.48-2-768x768.jpeg 768w\" sizes=\"auto, (max-width: 1080px) 100vw, 1080px\" \/>\n                      <div class=\"h-image__frame h-hide-lg h-hide-md h-hide-sm style-1274-frameImage style-local-1183-c24-frameImage\"><\/div>\n                    <\/div>\n                  <\/div>\n                <\/div>\n              <\/div>\n            <\/div>\n          <\/div>\n        <\/div>\n      <\/div>\n    <\/div>\n  <\/div>\n<\/div>","protected":false},"excerpt":{"rendered":"<p>Cuenta P\u00fablica Participativa CAJVAL 2023 Con fecha 29 de mayo de 2023, la Corporaci\u00f3n de Asistencia Judicial de la Regi\u00f3n de Valpara\u00edso, present\u00f3 la Cuenta P\u00fablica Participativa correspondiente a la Gesti\u00f3n 2022. Te invitamos a revisar el texto de la Cuenta P\u00fablica y la transmisi\u00f3n en el canal de You Tube de la instituci\u00f3n. DISCURSO [&hellip;]<\/p>\n","protected":false},"author":3,"featured_media":0,"parent":0,"menu_order":0,"comment_status":"closed","ping_status":"closed","template":"page-templates\/full-width-page.php","meta":{"footnotes":""},"class_list":["post-1183","page","type-page","status-publish","hentry"],"yoast_head":"<!-- This site is optimized with the Yoast SEO plugin v27.3 - https:\/\/yoast.com\/product\/yoast-seo-wordpress\/ -->\n<title>CUENTA P\u00daBLICA 2023 - CAJVAL<\/title>\n<meta name=\"robots\" content=\"index, follow, max-snippet:-1, max-image-preview:large, max-video-preview:-1\" \/>\n<link rel=\"canonical\" href=\"https:\/\/cajval.cl\/index2.php\/index.php\/cuenta-publica-2023\/\" \/>\n<meta property=\"og:locale\" content=\"es_ES\" \/>\n<meta property=\"og:type\" content=\"article\" \/>\n<meta property=\"og:title\" content=\"CUENTA P\u00daBLICA 2023 - CAJVAL\" \/>\n<meta property=\"og:description\" content=\"Cuenta P\u00fablica Participativa CAJVAL 2023 Con fecha 29 de mayo de 2023, la Corporaci\u00f3n de Asistencia Judicial de la Regi\u00f3n de Valpara\u00edso, present\u00f3 la Cuenta P\u00fablica Participativa correspondiente a la Gesti\u00f3n 2022. Te invitamos a revisar el texto de la Cuenta P\u00fablica y la transmisi\u00f3n en el canal de You Tube de la instituci\u00f3n. DISCURSO [&hellip;]\" \/>\n<meta property=\"og:url\" content=\"https:\/\/cajval.cl\/index2.php\/index.php\/cuenta-publica-2023\/\" \/>\n<meta property=\"og:site_name\" content=\"CAJVAL\" \/>\n<meta property=\"article:modified_time\" content=\"2024-01-26T14:45:40+00:00\" \/>\n<meta property=\"og:image\" content=\"https:\/\/cajval.cl\/wp-content\/uploads\/2024\/01\/BANNER-CUENTA-2022-768x288-1.png\" \/>\n<meta name=\"twitter:card\" content=\"summary_large_image\" \/>\n<script type=\"application\/ld+json\" class=\"yoast-schema-graph\">{\"@context\":\"https:\\\/\\\/schema.org\",\"@graph\":[{\"@type\":\"WebPage\",\"@id\":\"https:\\\/\\\/cajval.cl\\\/index2.php\\\/index.php\\\/cuenta-publica-2023\\\/\",\"url\":\"https:\\\/\\\/cajval.cl\\\/index2.php\\\/index.php\\\/cuenta-publica-2023\\\/\",\"name\":\"CUENTA P\u00daBLICA 2023 - CAJVAL\",\"isPartOf\":{\"@id\":\"https:\\\/\\\/cajval.cl\\\/index2.php\\\/#website\"},\"primaryImageOfPage\":{\"@id\":\"https:\\\/\\\/cajval.cl\\\/index2.php\\\/index.php\\\/cuenta-publica-2023\\\/#primaryimage\"},\"image\":{\"@id\":\"https:\\\/\\\/cajval.cl\\\/index2.php\\\/index.php\\\/cuenta-publica-2023\\\/#primaryimage\"},\"thumbnailUrl\":\"https:\\\/\\\/cajval.cl\\\/wp-content\\\/uploads\\\/2024\\\/01\\\/BANNER-CUENTA-2022-768x288-1.png\",\"datePublished\":\"2024-01-26T11:35:29+00:00\",\"dateModified\":\"2024-01-26T14:45:40+00:00\",\"breadcrumb\":{\"@id\":\"https:\\\/\\\/cajval.cl\\\/index2.php\\\/index.php\\\/cuenta-publica-2023\\\/#breadcrumb\"},\"inLanguage\":\"es\",\"potentialAction\":[{\"@type\":\"ReadAction\",\"target\":[\"https:\\\/\\\/cajval.cl\\\/index2.php\\\/index.php\\\/cuenta-publica-2023\\\/\"]}]},{\"@type\":\"ImageObject\",\"inLanguage\":\"es\",\"@id\":\"https:\\\/\\\/cajval.cl\\\/index2.php\\\/index.php\\\/cuenta-publica-2023\\\/#primaryimage\",\"url\":\"https:\\\/\\\/cajval.cl\\\/wp-content\\\/uploads\\\/2024\\\/01\\\/BANNER-CUENTA-2022-768x288-1.png\",\"contentUrl\":\"https:\\\/\\\/cajval.cl\\\/wp-content\\\/uploads\\\/2024\\\/01\\\/BANNER-CUENTA-2022-768x288-1.png\"},{\"@type\":\"BreadcrumbList\",\"@id\":\"https:\\\/\\\/cajval.cl\\\/index2.php\\\/index.php\\\/cuenta-publica-2023\\\/#breadcrumb\",\"itemListElement\":[{\"@type\":\"ListItem\",\"position\":1,\"name\":\"Portada\",\"item\":\"https:\\\/\\\/cajval.cl\\\/index2.php\\\/\"},{\"@type\":\"ListItem\",\"position\":2,\"name\":\"CUENTA P\u00daBLICA 2023\"}]},{\"@type\":\"WebSite\",\"@id\":\"https:\\\/\\\/cajval.cl\\\/index2.php\\\/#website\",\"url\":\"https:\\\/\\\/cajval.cl\\\/index2.php\\\/\",\"name\":\"CAJVAL\",\"description\":\"CAJVAL\",\"publisher\":{\"@id\":\"https:\\\/\\\/cajval.cl\\\/index2.php\\\/#organization\"},\"potentialAction\":[{\"@type\":\"SearchAction\",\"target\":{\"@type\":\"EntryPoint\",\"urlTemplate\":\"https:\\\/\\\/cajval.cl\\\/index2.php\\\/?s={search_term_string}\"},\"query-input\":{\"@type\":\"PropertyValueSpecification\",\"valueRequired\":true,\"valueName\":\"search_term_string\"}}],\"inLanguage\":\"es\"},{\"@type\":\"Organization\",\"@id\":\"https:\\\/\\\/cajval.cl\\\/index2.php\\\/#organization\",\"name\":\"CAJVAL\",\"url\":\"https:\\\/\\\/cajval.cl\\\/index2.php\\\/\",\"logo\":{\"@type\":\"ImageObject\",\"inLanguage\":\"es\",\"@id\":\"https:\\\/\\\/cajval.cl\\\/index2.php\\\/#\\\/schema\\\/logo\\\/image\\\/\",\"url\":\"https:\\\/\\\/cajval.cl\\\/wp-content\\\/uploads\\\/2024\\\/04\\\/LOGO3REGIONES.png\",\"contentUrl\":\"https:\\\/\\\/cajval.cl\\\/wp-content\\\/uploads\\\/2024\\\/04\\\/LOGO3REGIONES.png\",\"width\":625,\"height\":567,\"caption\":\"CAJVAL\"},\"image\":{\"@id\":\"https:\\\/\\\/cajval.cl\\\/index2.php\\\/#\\\/schema\\\/logo\\\/image\\\/\"}}]}<\/script>\n<!-- \/ Yoast SEO plugin. -->","yoast_head_json":{"title":"CUENTA P\u00daBLICA 2023 - CAJVAL","robots":{"index":"index","follow":"follow","max-snippet":"max-snippet:-1","max-image-preview":"max-image-preview:large","max-video-preview":"max-video-preview:-1"},"canonical":"https:\/\/cajval.cl\/index2.php\/index.php\/cuenta-publica-2023\/","og_locale":"es_ES","og_type":"article","og_title":"CUENTA P\u00daBLICA 2023 - CAJVAL","og_description":"Cuenta P\u00fablica Participativa CAJVAL 2023 Con fecha 29 de mayo de 2023, la Corporaci\u00f3n de Asistencia Judicial de la Regi\u00f3n de Valpara\u00edso, present\u00f3 la Cuenta P\u00fablica Participativa correspondiente a la Gesti\u00f3n 2022. Te invitamos a revisar el texto de la Cuenta P\u00fablica y la transmisi\u00f3n en el canal de You Tube de la instituci\u00f3n. DISCURSO [&hellip;]","og_url":"https:\/\/cajval.cl\/index2.php\/index.php\/cuenta-publica-2023\/","og_site_name":"CAJVAL","article_modified_time":"2024-01-26T14:45:40+00:00","og_image":[{"url":"https:\/\/cajval.cl\/wp-content\/uploads\/2024\/01\/BANNER-CUENTA-2022-768x288-1.png","type":"","width":"","height":""}],"twitter_card":"summary_large_image","schema":{"@context":"https:\/\/schema.org","@graph":[{"@type":"WebPage","@id":"https:\/\/cajval.cl\/index2.php\/index.php\/cuenta-publica-2023\/","url":"https:\/\/cajval.cl\/index2.php\/index.php\/cuenta-publica-2023\/","name":"CUENTA P\u00daBLICA 2023 - CAJVAL","isPartOf":{"@id":"https:\/\/cajval.cl\/index2.php\/#website"},"primaryImageOfPage":{"@id":"https:\/\/cajval.cl\/index2.php\/index.php\/cuenta-publica-2023\/#primaryimage"},"image":{"@id":"https:\/\/cajval.cl\/index2.php\/index.php\/cuenta-publica-2023\/#primaryimage"},"thumbnailUrl":"https:\/\/cajval.cl\/wp-content\/uploads\/2024\/01\/BANNER-CUENTA-2022-768x288-1.png","datePublished":"2024-01-26T11:35:29+00:00","dateModified":"2024-01-26T14:45:40+00:00","breadcrumb":{"@id":"https:\/\/cajval.cl\/index2.php\/index.php\/cuenta-publica-2023\/#breadcrumb"},"inLanguage":"es","potentialAction":[{"@type":"ReadAction","target":["https:\/\/cajval.cl\/index2.php\/index.php\/cuenta-publica-2023\/"]}]},{"@type":"ImageObject","inLanguage":"es","@id":"https:\/\/cajval.cl\/index2.php\/index.php\/cuenta-publica-2023\/#primaryimage","url":"https:\/\/cajval.cl\/wp-content\/uploads\/2024\/01\/BANNER-CUENTA-2022-768x288-1.png","contentUrl":"https:\/\/cajval.cl\/wp-content\/uploads\/2024\/01\/BANNER-CUENTA-2022-768x288-1.png"},{"@type":"BreadcrumbList","@id":"https:\/\/cajval.cl\/index2.php\/index.php\/cuenta-publica-2023\/#breadcrumb","itemListElement":[{"@type":"ListItem","position":1,"name":"Portada","item":"https:\/\/cajval.cl\/index2.php\/"},{"@type":"ListItem","position":2,"name":"CUENTA P\u00daBLICA 2023"}]},{"@type":"WebSite","@id":"https:\/\/cajval.cl\/index2.php\/#website","url":"https:\/\/cajval.cl\/index2.php\/","name":"CAJVAL","description":"CAJVAL","publisher":{"@id":"https:\/\/cajval.cl\/index2.php\/#organization"},"potentialAction":[{"@type":"SearchAction","target":{"@type":"EntryPoint","urlTemplate":"https:\/\/cajval.cl\/index2.php\/?s={search_term_string}"},"query-input":{"@type":"PropertyValueSpecification","valueRequired":true,"valueName":"search_term_string"}}],"inLanguage":"es"},{"@type":"Organization","@id":"https:\/\/cajval.cl\/index2.php\/#organization","name":"CAJVAL","url":"https:\/\/cajval.cl\/index2.php\/","logo":{"@type":"ImageObject","inLanguage":"es","@id":"https:\/\/cajval.cl\/index2.php\/#\/schema\/logo\/image\/","url":"https:\/\/cajval.cl\/wp-content\/uploads\/2024\/04\/LOGO3REGIONES.png","contentUrl":"https:\/\/cajval.cl\/wp-content\/uploads\/2024\/04\/LOGO3REGIONES.png","width":625,"height":567,"caption":"CAJVAL"},"image":{"@id":"https:\/\/cajval.cl\/index2.php\/#\/schema\/logo\/image\/"}}]}},"_links":{"self":[{"href":"https:\/\/cajval.cl\/index2.php\/index.php\/wp-json\/wp\/v2\/pages\/1183","targetHints":{"allow":["GET"]}}],"collection":[{"href":"https:\/\/cajval.cl\/index2.php\/index.php\/wp-json\/wp\/v2\/pages"}],"about":[{"href":"https:\/\/cajval.cl\/index2.php\/index.php\/wp-json\/wp\/v2\/types\/page"}],"author":[{"embeddable":true,"href":"https:\/\/cajval.cl\/index2.php\/index.php\/wp-json\/wp\/v2\/users\/3"}],"replies":[{"embeddable":true,"href":"https:\/\/cajval.cl\/index2.php\/index.php\/wp-json\/wp\/v2\/comments?post=1183"}],"version-history":[{"count":3,"href":"https:\/\/cajval.cl\/index2.php\/index.php\/wp-json\/wp\/v2\/pages\/1183\/revisions"}],"predecessor-version":[{"id":1375,"href":"https:\/\/cajval.cl\/index2.php\/index.php\/wp-json\/wp\/v2\/pages\/1183\/revisions\/1375"}],"wp:attachment":[{"href":"https:\/\/cajval.cl\/index2.php\/index.php\/wp-json\/wp\/v2\/media?parent=1183"}],"curies":[{"name":"wp","href":"https:\/\/api.w.org\/{rel}","templated":true}]}}